{"id":13111,"date":"2024-06-19T13:57:16","date_gmt":"2024-06-19T11:57:16","guid":{"rendered":"https:\/\/www.facts.be\/info\/lieu\/"},"modified":"2025-07-29T12:52:46","modified_gmt":"2025-07-29T10:52:46","slug":"lieu","status":"publish","type":"page","link":"https:\/\/www.facts.be\/fr\/info\/lieu\/","title":{"rendered":"Lieu"},"content":{"rendered":"\t\t<div data-elementor-type=\"wp-page\" data-elementor-id=\"13111\" class=\"elementor elementor-13111 elementor-413\" data-elementor-post-type=\"page\">\n\t\t\t\t<div class=\"elementor-element elementor-element-3cedd89 e-flex e-con-boxed e-con e-parent\" data-id=\"3cedd89\" data-element_type=\"container\" data-settings=\"{&quot;background_background&quot;:&quot;gradient&quot;}\">\n\t\t\t\t\t<div class=\"e-con-inner\">\n\t\t<div class=\"elementor-element elementor-element-724180e e-con-full e-flex e-con e-child\" data-id=\"724180e\" data-element_type=\"container\" data-settings=\"{&quot;background_background&quot;:&quot;classic&quot;}\">\n\t\t<div class=\"elementor-element elementor-element-67a8065 e-con-full e-flex e-con e-child\" data-id=\"67a8065\" data-element_type=\"container\">\n\t\t<div class=\"elementor-element elementor-element-a0e6f36 e-con-full e-flex e-con e-child\" data-id=\"a0e6f36\" data-element_type=\"container\">\n\t\t\t\t<div class=\"elementor-element elementor-element-6ca6635 elementor-widget elementor-widget-heading\" data-id=\"6ca6635\" data-element_type=\"widget\" data-widget_type=\"heading.default\">\n\t\t\t\t<div class=\"elementor-widget-container\">\n\t\t\t\t\t<h1 class=\"elementor-heading-title elementor-size-default\">Votre \u00e9vasion de la r\u00e9alit\u00e9 commence ici !<\/h1>\t\t\t\t<\/div>\n\t\t\t\t<\/div>\n\t\t\t\t<div class=\"elementor-element elementor-element-4368311 elementor-widget elementor-widget-text-editor\" data-id=\"4368311\" data-element_type=\"widget\" data-widget_type=\"text-editor.default\">\n\t\t\t\t<div class=\"elementor-widget-container\">\n\t\t\t\t\t\t\t\t\t<p style=\"text-align: center;\">Placez un marqueur sur votre carte du monde pour trouver notre portail vers un univers meilleur :<\/p>\n<p><\/p>\n<p style=\"text-align: center;\"><strong><a title=\"Flanders expo\" href=\"http:\/\/www.flandersexpo.be\/\" target=\"_blank\" rel=\"noopener\">Flanders Expo<\/a><\/strong><br \/>\n<strong>Maaltekouter 1<\/strong><br \/>\n<strong>9051 Gand<\/strong><br \/>\n<strong>Belgique<\/strong><\/p>\n\t\t\t\t\t\t\t\t<\/div>\n\t\t\t\t<\/div>\n\t\t\t\t<\/div>\n\t\t\t\t<\/div>\n\t\t\t\t<\/div>\n\t\t<div class=\"elementor-element elementor-element-523d5ef e-con-full e-flex e-con e-child\" data-id=\"523d5ef\" data-element_type=\"container\" data-settings=\"{&quot;background_background&quot;:&quot;classic&quot;}\">\n\t\t<div class=\"elementor-element elementor-element-0cef863 e-con-full e-flex e-con e-child\" data-id=\"0cef863\" data-element_type=\"container\">\n\t\t<div class=\"elementor-element elementor-element-a0c457f e-con-full e-flex e-con e-child\" data-id=\"a0c457f\" data-element_type=\"container\">\n\t\t\t\t<div class=\"elementor-element elementor-element-a9d3e9c elementor-widget elementor-widget-heading\" data-id=\"a9d3e9c\" data-element_type=\"widget\" data-widget_type=\"heading.default\">\n\t\t\t\t<div class=\"elementor-widget-container\">\n\t\t\t\t\t<h2 class=\"elementor-heading-title elementor-size-default\">Parking<\/h2>\t\t\t\t<\/div>\n\t\t\t\t<\/div>\n\t\t\t\t<div class=\"elementor-element elementor-element-81fca4e elementor-widget elementor-widget-text-editor\" data-id=\"81fca4e\" data-element_type=\"widget\" data-widget_type=\"text-editor.default\">\n\t\t\t\t<div class=\"elementor-widget-container\">\n\t\t\t\t\t\t\t\t\t<p>Vous pouvez laisser votre TIE Fighter, TARDIS ou tout autre v\u00e9hicule sur le parking de Flanders Expo, accessible directement par la sortie 14 de l&rsquo;autoroute E40 (Bruxelles &#8211; Ostende).<\/p>\n<p>Les parkings B et C fonctionneront d\u00e9sormais avec la reconnaissance des plaques d&rsquo;immatriculation au lieu des tickets de stationnement. Les prix seront d\u00e9sormais calcul\u00e9s \u00e0 l&rsquo;heure. Ce prix n&rsquo;est pas la d\u00e9cision de FACTS. Ces parkings sont la propri\u00e9t\u00e9 de la ville de Gand et leurs revenus sont destin\u00e9s \u00e0 la ville.<\/p>\n<ul>\n<li><strong><a href=\"https:\/\/www.flandersexpo.be\/parking-2\/\">Cliquez ici pour un plan des environs de Flanders Expo.<\/a><\/strong><\/li>\n<li>Consultez <strong><a href=\"https:\/\/www.facts.be\/fr\/info\/faq\/\">la FAQ<\/a><\/strong> pour des questions plus d\u00e9taill\u00e9es ou consultez <strong><a href=\"https:\/\/stad.gent\/nl\/loop\/mobiliteit-loop\">le site web de la ville de Gand.<\/a><\/strong><\/li>\n<\/ul>\n\t\t\t\t\t\t\t\t<\/div>\n\t\t\t\t<\/div>\n\t\t\t\t<\/div>\n\t\t\t\t<\/div>\n\t\t\t\t<\/div>\n\t\t<div class=\"elementor-element elementor-element-40fcf11 e-con-full e-flex e-con e-child\" data-id=\"40fcf11\" data-element_type=\"container\" data-settings=\"{&quot;background_background&quot;:&quot;classic&quot;}\">\n\t\t<div class=\"elementor-element elementor-element-fbac136 e-con-full e-flex e-con e-child\" data-id=\"fbac136\" data-element_type=\"container\">\n\t\t<div class=\"elementor-element elementor-element-cd073ce e-con-full e-flex e-con e-child\" data-id=\"cd073ce\" data-element_type=\"container\">\n\t\t\t\t<div class=\"elementor-element elementor-element-387155f elementor-widget elementor-widget-heading\" data-id=\"387155f\" data-element_type=\"widget\" data-widget_type=\"heading.default\">\n\t\t\t\t<div class=\"elementor-widget-container\">\n\t\t\t\t\t<h2 class=\"elementor-heading-title elementor-size-default\">Transports En Commun<\/h2>\t\t\t\t<\/div>\n\t\t\t\t<\/div>\n\t\t\t\t<div class=\"elementor-element elementor-element-0101ba9 elementor-widget elementor-widget-text-editor\" data-id=\"0101ba9\" data-element_type=\"widget\" data-widget_type=\"text-editor.default\">\n\t\t\t\t<div class=\"elementor-widget-container\">\n\t\t\t\t\t\t\t\t\t<ul>\n<li><strong>Tram 1<\/strong> : Le Tram 1 ne circulera pas jusqu&rsquo;\u00e0 Flanders Expo en raison des travaux de r\u00e9novation de la station de tramway de Flanders Expo. <strong><a href=\"https:\/\/facts.be\/fr\/2022\/09\/30\/transport-public-vers-facts-fall-2022-la-question-du-tramway\/\">Consultez cette page pour plus d&rsquo;informations et d&rsquo;alternatives. <\/a><\/strong><\/li>\n<li><b>En bus (76, 77\u00a0<\/b>et<b>\u00a078)<\/b><\/li>\n<li>Vous venez <strong>en train<\/strong> ? Allez \u00e0 Gand Sint-Pieters. Et cliquez ici pour b\u00e9n\u00e9ficier d&rsquo;une <strong><a href=\"https:\/\/www.belgiantrain.be\/fr\/tickets-and-railcards\/weekend-ticket?gclid=EAIaIQobChMI2af5yrWD8wIVQxB9Ch0fsgELEAAYASAAEgJyqvD_BwE\">r\u00e9duction de 50 % ici<\/a><\/strong> !<\/li>\n<\/ul>\n\t\t\t\t\t\t\t\t<\/div>\n\t\t\t\t<\/div>\n\t\t\t\t<div class=\"elementor-element elementor-element-2ffa321 elementor-align-left elementor-widget elementor-widget-button\" data-id=\"2ffa321\" data-element_type=\"widget\" data-widget_type=\"button.default\">\n\t\t\t\t<div class=\"elementor-widget-container\">\n\t\t\t\t\t\t\t\t\t<div class=\"elementor-button-wrapper\">\n\t\t\t\t\t<a class=\"elementor-button elementor-button-link elementor-size-sm\" href=\"https:\/\/www.facts.be\/fr\/transport-to-facts\/\">\n\t\t\t\t\t\t<span class=\"elementor-button-content-wrapper\">\n\t\t\t\t\t\t\t\t\t<span class=\"elementor-button-text\">Restez inform\u00e9<\/span>\n\t\t\t\t\t<\/span>\n\t\t\t\t\t<\/a>\n\t\t\t\t<\/div>\n\t\t\t\t\t\t\t\t<\/div>\n\t\t\t\t<\/div>\n\t\t\t\t<\/div>\n\t\t\t\t<\/div>\n\t\t\t\t<\/div>\n\t\t<div class=\"elementor-element elementor-element-3242989 e-con-full e-flex e-con e-child\" data-id=\"3242989\" data-element_type=\"container\" data-settings=\"{&quot;background_background&quot;:&quot;classic&quot;}\">\n\t\t<div class=\"elementor-element elementor-element-fd8c8c2 e-con-full e-flex e-con e-child\" data-id=\"fd8c8c2\" data-element_type=\"container\">\n\t\t<div class=\"elementor-element elementor-element-c302961 e-con-full e-flex e-con e-child\" data-id=\"c302961\" data-element_type=\"container\">\n\t\t\t\t<div class=\"elementor-element elementor-element-bd41f0a elementor-widget elementor-widget-google_maps\" data-id=\"bd41f0a\" data-element_type=\"widget\" data-widget_type=\"google_maps.default\">\n\t\t\t\t<div class=\"elementor-widget-container\">\n\t\t\t\t\t\t\t<div class=\"elementor-custom-embed\">\n\t\t\t<iframe loading=\"lazy\"\n\t\t\t\t\tsrc=\"https:\/\/maps.google.com\/maps?q=Flanders%20Expo%2C%20Maaltekouter%201%2C%209051%20Gent&#038;t=m&#038;z=16&#038;output=embed&#038;iwloc=near\"\n\t\t\t\t\ttitle=\"Flanders Expo, Maaltekouter 1, 9051 Gent\"\n\t\t\t\t\taria-label=\"Flanders Expo, Maaltekouter 1, 9051 Gent\"\n\t\t\t><\/iframe>\n\t\t<\/div>\n\t\t\t\t\t\t<\/div>\n\t\t\t\t<\/div>\n\t\t\t\t<\/div>\n\t\t\t\t<\/div>\n\t\t\t\t<\/div>\n\t\t\t\t\t<\/div>\n\t\t\t\t<\/div>\n\t\t\t\t<\/div>\n\t\t","protected":false},"excerpt":{"rendered":"<p>Votre \u00e9vasion de la r\u00e9alit\u00e9 commence ici ! Placez un marqueur sur votre carte du monde pour trouver notre portail vers un univers meilleur : Flanders Expo Maaltekouter 1 9051 Gand Belgique Parking Vous pouvez laisser votre TIE Fighter, TARDIS ou tout autre v\u00e9hicule sur le parking de Flanders Expo, accessible directement par la sortie [&hellip;]<\/p>\n","protected":false},"author":949,"featured_media":0,"parent":8158,"menu_order":0,"comment_status":"closed","ping_status":"closed","template":"","meta":{"_seopress_robots_primary_cat":"","_seopress_titles_title":"Lieu, Garer & Transports | FACTS, Your Belgian Comic Con","_seopress_titles_desc":"O\u00f9 devez-vous vous rendre, o\u00f9 sont les parkings et puis-je prendre les transports en commun? Tout \u00e7a et plus sur une seule page!","_seopress_robots_index":"","footnotes":""},"class_list":["post-13111","page","type-page","status-publish","hentry"],"_links":{"self":[{"href":"https:\/\/www.facts.be\/fr\/wp-json\/wp\/v2\/pages\/13111","targetHints":{"allow":["GET"]}}],"collection":[{"href":"https:\/\/www.facts.be\/fr\/wp-json\/wp\/v2\/pages"}],"about":[{"href":"https:\/\/www.facts.be\/fr\/wp-json\/wp\/v2\/types\/page"}],"author":[{"embeddable":true,"href":"https:\/\/www.facts.be\/fr\/wp-json\/wp\/v2\/users\/949"}],"replies":[{"embeddable":true,"href":"https:\/\/www.facts.be\/fr\/wp-json\/wp\/v2\/comments?post=13111"}],"version-history":[{"count":5,"href":"https:\/\/www.facts.be\/fr\/wp-json\/wp\/v2\/pages\/13111\/revisions"}],"predecessor-version":[{"id":51987,"href":"https:\/\/www.facts.be\/fr\/wp-json\/wp\/v2\/pages\/13111\/revisions\/51987"}],"up":[{"embeddable":true,"href":"https:\/\/www.facts.be\/fr\/wp-json\/wp\/v2\/pages\/8158"}],"wp:attachment":[{"href":"https:\/\/www.facts.be\/fr\/wp-json\/wp\/v2\/media?parent=13111"}],"curies":[{"name":"wp","href":"https:\/\/api.w.org\/{rel}","templated":true}]}}