{"id":15582,"date":"2024-06-19T13:45:05","date_gmt":"2024-06-19T11:45:05","guid":{"rendered":"https:\/\/www.facts.be\/info\/programmes-plan\/"},"modified":"2026-04-07T17:11:37","modified_gmt":"2026-04-07T15:11:37","slug":"programmes-plan","status":"publish","type":"page","link":"https:\/\/www.facts.be\/fr\/info\/programmes-plan\/","title":{"rendered":"Programmes &#038; Plan"},"content":{"rendered":"\t\t<div data-elementor-type=\"wp-page\" data-elementor-id=\"15582\" class=\"elementor elementor-15582 elementor-405\" data-elementor-post-type=\"page\">\n\t\t\t\t<div class=\"elementor-element elementor-element-5631e33 e-flex e-con-boxed e-con e-parent\" data-id=\"5631e33\" data-element_type=\"container\" data-settings=\"{&quot;background_background&quot;:&quot;gradient&quot;}\">\n\t\t\t\t\t<div class=\"e-con-inner\">\n\t\t<div class=\"elementor-element elementor-element-4c9cf3f e-con-full e-flex e-con e-child\" data-id=\"4c9cf3f\" data-element_type=\"container\" data-settings=\"{&quot;background_background&quot;:&quot;classic&quot;}\">\n\t\t<div class=\"elementor-element elementor-element-09d9822 e-con-full e-flex e-con e-child\" data-id=\"09d9822\" data-element_type=\"container\">\n\t\t<div class=\"elementor-element elementor-element-726f966 e-con-full e-flex e-con e-child\" data-id=\"726f966\" data-element_type=\"container\">\n\t\t\t\t<div class=\"elementor-element elementor-element-e208e7f elementor-hidden-tablet elementor-hidden-mobile elementor-widget elementor-widget-image\" data-id=\"e208e7f\" data-element_type=\"widget\" data-widget_type=\"image.default\">\n\t\t\t\t<div class=\"elementor-widget-container\">\n\t\t\t\t\t\t\t\t\t\t\t\t\t\t\t<img fetchpriority=\"high\" decoding=\"async\" width=\"498\" height=\"750\" src=\"https:\/\/easyfairsassets.com\/sites\/328\/2024\/05\/The-Archivist-FACTS-character-web.png\" class=\"attachment-full size-full wp-image-59\" alt=\"\" srcset=\"https:\/\/easyfairsassets.com\/sites\/328\/2024\/05\/The-Archivist-FACTS-character-web.png 498w, https:\/\/easyfairsassets.com\/sites\/328\/2024\/05\/The-Archivist-FACTS-character-web-199x300.png 199w\" sizes=\"(max-width: 498px) 100vw, 498px\" \/>\t\t\t\t\t\t\t\t\t\t\t\t\t\t\t<\/div>\n\t\t\t\t<\/div>\n\t\t\t\t<\/div>\n\t\t<div class=\"elementor-element elementor-element-70a636c e-con-full e-flex e-con e-child\" data-id=\"70a636c\" data-element_type=\"container\">\n\t\t\t\t<div class=\"elementor-element elementor-element-d8a9219 elementor-widget elementor-widget-heading\" data-id=\"d8a9219\" data-element_type=\"widget\" data-widget_type=\"heading.default\">\n\t\t\t\t<div class=\"elementor-widget-container\">\n\t\t\t\t\t<h2 class=\"elementor-heading-title elementor-size-default\">T\u00e9l\u00e9chargez les horaires et le plan ici !<\/h2>\t\t\t\t<\/div>\n\t\t\t\t<\/div>\n\t\t\t\t<div class=\"elementor-element elementor-element-04fdc45 elementor-widget elementor-widget-text-editor\" data-id=\"04fdc45\" data-element_type=\"widget\" data-widget_type=\"text-editor.default\">\n\t\t\t\t<div class=\"elementor-widget-container\">\n\t\t\t\t\t\t\t\t\t<p>\u00ab\u00a0Salutations, chers voyageurs. Je suis heureux de vous voir dans ma cartoth\u00e8que. Dans cette section, je vous fournirai un programme clair de toutes les activit\u00e9s et une vue d&rsquo;ensemble de la for\u00eat de FACTS sous la forme d&rsquo;un magnifique plan d\u00e9taill\u00e9 et personnalis\u00e9.<\/p>\n<p>Ne vous inqui\u00e9tez pas : nos Gardiens FACTS vous remettront gratuitement votre exemplaire du programme et du plan \u00e0 l&rsquo;entr\u00e9e ou sur le <a href=\"https:\/\/www.facts.be\/fr\/info\/lapplication-heroes\/\">&lsquo;Heroes app&rsquo;<\/a>. Amusez-vous bien !\u00a0\u00bb.<\/p>\n<p><em>&#8211; The Archivist<\/em><\/p>\n\t\t\t\t\t\t\t\t<\/div>\n\t\t\t\t<\/div>\n\t\t\t\t<div class=\"elementor-element elementor-element-62e9af3 elementor-align-left elementor-widget elementor-widget-button\" data-id=\"62e9af3\" data-element_type=\"widget\" data-widget_type=\"button.default\">\n\t\t\t\t<div class=\"elementor-widget-container\">\n\t\t\t\t\t\t\t\t\t<div class=\"elementor-button-wrapper\">\n\t\t\t\t\t<a class=\"elementor-button elementor-button-link elementor-size-sm\" href=\"https:\/\/facts.be\/wp-content\/uploads\/sites\/328\/2026\/04\/FACS26_Vouwplan_700x450-V2.pdf\">\n\t\t\t\t\t\t<span class=\"elementor-button-content-wrapper\">\n\t\t\t\t\t\t\t\t\t<span class=\"elementor-button-text\">T\u00e9l\u00e9charger ici<\/span>\n\t\t\t\t\t<\/span>\n\t\t\t\t\t<\/a>\n\t\t\t\t<\/div>\n\t\t\t\t\t\t\t\t<\/div>\n\t\t\t\t<\/div>\n\t\t\t\t<\/div>\n\t\t<div class=\"elementor-element elementor-element-91636ff e-con-full elementor-hidden-tablet elementor-hidden-mobile e-flex e-con e-child\" data-id=\"91636ff\" data-element_type=\"container\">\n\t\t\t\t<div class=\"elementor-element elementor-element-c2f47b6 elementor-widget elementor-widget-image\" data-id=\"c2f47b6\" data-element_type=\"widget\" data-settings=\"{&quot;motion_fx_motion_fx_mouse&quot;:&quot;yes&quot;,&quot;motion_fx_mouseTrack_effect&quot;:&quot;yes&quot;,&quot;motion_fx_mouseTrack_speed&quot;:{&quot;unit&quot;:&quot;px&quot;,&quot;size&quot;:2,&quot;sizes&quot;:[]},&quot;_animation&quot;:&quot;none&quot;}\" data-widget_type=\"image.default\">\n\t\t\t\t<div class=\"elementor-widget-container\">\n\t\t\t\t\t\t\t\t\t\t\t\t\t\t\t<img decoding=\"async\" width=\"500\" height=\"599\" src=\"https:\/\/easyfairsassets.com\/sites\/328\/2024\/06\/FRANK-E-FACS24-website.png\" class=\"attachment-full size-full wp-image-447\" alt=\"\" srcset=\"https:\/\/easyfairsassets.com\/sites\/328\/2024\/06\/FRANK-E-FACS24-website.png 500w, https:\/\/easyfairsassets.com\/sites\/328\/2024\/06\/FRANK-E-FACS24-website-250x300.png 250w\" sizes=\"(max-width: 500px) 100vw, 500px\" \/>\t\t\t\t\t\t\t\t\t\t\t\t\t\t\t<\/div>\n\t\t\t\t<\/div>\n\t\t\t\t<\/div>\n\t\t\t\t<\/div>\n\t\t\t\t<\/div>\n\t\t\t\t\t<\/div>\n\t\t\t\t<\/div>\n\t\t<div class=\"elementor-element elementor-element-c59f52d e-flex e-con-boxed e-con e-parent\" data-id=\"c59f52d\" data-element_type=\"container\">\n\t\t\t\t\t<div class=\"e-con-inner\">\n\t\t<div class=\"elementor-element elementor-element-6303fc6 e-flex e-con-boxed e-con e-child\" data-id=\"6303fc6\" data-element_type=\"container\">\n\t\t\t\t\t<div class=\"e-con-inner\">\n\t\t<div class=\"elementor-element elementor-element-2feb773 e-flex e-con-boxed e-con e-child\" data-id=\"2feb773\" data-element_type=\"container\">\n\t\t\t\t\t<div class=\"e-con-inner\">\n\t\t\t\t<div class=\"elementor-element elementor-element-1f6770c elementor-widget elementor-widget-image\" data-id=\"1f6770c\" data-element_type=\"widget\" data-widget_type=\"image.default\">\n\t\t\t\t<div class=\"elementor-widget-container\">\n\t\t\t\t\t\t\t\t\t\t\t\t\t\t\t<img decoding=\"async\" width=\"800\" height=\"514\" src=\"https:\/\/easyfairsassets.com\/sites\/328\/2026\/04\/FACS26_Vouwplan_700x450_1-1024x658.jpg\" class=\"attachment-large size-large wp-image-74566\" alt=\"\" srcset=\"https:\/\/easyfairsassets.com\/sites\/328\/2026\/04\/FACS26_Vouwplan_700x450_1-1024x658.jpg 1024w, https:\/\/easyfairsassets.com\/sites\/328\/2026\/04\/FACS26_Vouwplan_700x450_1-300x193.jpg 300w, https:\/\/easyfairsassets.com\/sites\/328\/2026\/04\/FACS26_Vouwplan_700x450_1-768x494.jpg 768w, https:\/\/easyfairsassets.com\/sites\/328\/2026\/04\/FACS26_Vouwplan_700x450_1-1536x987.jpg 1536w, https:\/\/easyfairsassets.com\/sites\/328\/2026\/04\/FACS26_Vouwplan_700x450_1-2048x1316.jpg 2048w\" sizes=\"(max-width: 800px) 100vw, 800px\" \/>\t\t\t\t\t\t\t\t\t\t\t\t\t\t\t<\/div>\n\t\t\t\t<\/div>\n\t\t\t\t<div class=\"elementor-element elementor-element-840f227 elementor-align-center elementor-widget elementor-widget-button\" data-id=\"840f227\" data-element_type=\"widget\" data-widget_type=\"button.default\">\n\t\t\t\t<div class=\"elementor-widget-container\">\n\t\t\t\t\t\t\t\t\t<div class=\"elementor-button-wrapper\">\n\t\t\t\t\t<a class=\"elementor-button elementor-button-link elementor-size-sm\" href=\"https:\/\/facts.be\/wp-content\/uploads\/sites\/328\/2026\/04\/FACS26_Vouwplan_700x450_1-V2.pdf\">\n\t\t\t\t\t\t<span class=\"elementor-button-content-wrapper\">\n\t\t\t\t\t\t\t\t\t<span class=\"elementor-button-text\">T\u00e9l\u00e9charger le programme uniquement<\/span>\n\t\t\t\t\t<\/span>\n\t\t\t\t\t<\/a>\n\t\t\t\t<\/div>\n\t\t\t\t\t\t\t\t<\/div>\n\t\t\t\t<\/div>\n\t\t\t\t\t<\/div>\n\t\t\t\t<\/div>\n\t\t<div class=\"elementor-element elementor-element-fbd32bc e-flex e-con-boxed e-con e-child\" data-id=\"fbd32bc\" data-element_type=\"container\">\n\t\t\t\t\t<div class=\"e-con-inner\">\n\t\t\t\t<div class=\"elementor-element elementor-element-5c093d7 elementor-widget elementor-widget-image\" data-id=\"5c093d7\" data-element_type=\"widget\" data-widget_type=\"image.default\">\n\t\t\t\t<div class=\"elementor-widget-container\">\n\t\t\t\t\t\t\t\t\t\t\t\t\t\t\t<img loading=\"lazy\" decoding=\"async\" width=\"800\" height=\"514\" src=\"https:\/\/easyfairsassets.com\/sites\/328\/2026\/04\/FACS26_Vouwplan_700x450_2-1024x658.jpg\" class=\"attachment-large size-large wp-image-74563\" alt=\"\" srcset=\"https:\/\/easyfairsassets.com\/sites\/328\/2026\/04\/FACS26_Vouwplan_700x450_2-1024x658.jpg 1024w, https:\/\/easyfairsassets.com\/sites\/328\/2026\/04\/FACS26_Vouwplan_700x450_2-300x193.jpg 300w, https:\/\/easyfairsassets.com\/sites\/328\/2026\/04\/FACS26_Vouwplan_700x450_2-768x494.jpg 768w, https:\/\/easyfairsassets.com\/sites\/328\/2026\/04\/FACS26_Vouwplan_700x450_2-1536x987.jpg 1536w, https:\/\/easyfairsassets.com\/sites\/328\/2026\/04\/FACS26_Vouwplan_700x450_2-2048x1316.jpg 2048w\" sizes=\"(max-width: 800px) 100vw, 800px\" \/>\t\t\t\t\t\t\t\t\t\t\t\t\t\t\t<\/div>\n\t\t\t\t<\/div>\n\t\t\t\t<div class=\"elementor-element elementor-element-3cd486d elementor-align-center elementor-widget elementor-widget-button\" data-id=\"3cd486d\" data-element_type=\"widget\" data-widget_type=\"button.default\">\n\t\t\t\t<div class=\"elementor-widget-container\">\n\t\t\t\t\t\t\t\t\t<div class=\"elementor-button-wrapper\">\n\t\t\t\t\t<a class=\"elementor-button elementor-button-link elementor-size-sm\" href=\"https:\/\/facts.be\/wp-content\/uploads\/sites\/328\/2026\/04\/FACS26_Vouwplan_700x450_2-V2.pdf\">\n\t\t\t\t\t\t<span class=\"elementor-button-content-wrapper\">\n\t\t\t\t\t\t\t\t\t<span class=\"elementor-button-text\">T\u00e9l\u00e9charger le plan d'\u00e9tage uniquement<\/span>\n\t\t\t\t\t<\/span>\n\t\t\t\t\t<\/a>\n\t\t\t\t<\/div>\n\t\t\t\t\t\t\t\t<\/div>\n\t\t\t\t<\/div>\n\t\t\t\t\t<\/div>\n\t\t\t\t<\/div>\n\t\t\t\t\t<\/div>\n\t\t\t\t<\/div>\n\t\t\t\t\t<\/div>\n\t\t\t\t<\/div>\n\t\t<div class=\"elementor-element elementor-element-8380146 e-flex e-con-boxed e-con e-parent\" data-id=\"8380146\" data-element_type=\"container\">\n\t\t\t\t\t<div class=\"e-con-inner\">\n\t\t\t\t<div class=\"elementor-element elementor-element-4702123 elementor-align-center elementor-widget elementor-widget-button\" data-id=\"4702123\" data-element_type=\"widget\" data-widget_type=\"button.default\">\n\t\t\t\t<div class=\"elementor-widget-container\">\n\t\t\t\t\t\t\t\t\t<div class=\"elementor-button-wrapper\">\n\t\t\t\t\t<a class=\"elementor-button elementor-button-link elementor-size-sm\" href=\"https:\/\/facts.be\/wp-content\/uploads\/sites\/328\/2026\/04\/FACS26_Vouwplan_700x450-V2.pdf\">\n\t\t\t\t\t\t<span class=\"elementor-button-content-wrapper\">\n\t\t\t\t\t\t\t\t\t<span class=\"elementor-button-text\">T\u00e9l\u00e9charger le programme et le plan<\/span>\n\t\t\t\t\t<\/span>\n\t\t\t\t\t<\/a>\n\t\t\t\t<\/div>\n\t\t\t\t\t\t\t\t<\/div>\n\t\t\t\t<\/div>\n\t\t\t\t\t<\/div>\n\t\t\t\t<\/div>\n\t\t\t\t<\/div>\n\t\t","protected":false},"excerpt":{"rendered":"<p>T\u00e9l\u00e9chargez les horaires et le plan ici ! \u00ab\u00a0Salutations, chers voyageurs. Je suis heureux de vous voir dans ma cartoth\u00e8que. Dans cette section, je vous fournirai un programme clair de toutes les activit\u00e9s et une vue d&rsquo;ensemble de la for\u00eat de FACTS sous la forme d&rsquo;un magnifique plan d\u00e9taill\u00e9 et personnalis\u00e9. Ne vous inqui\u00e9tez pas [&hellip;]<\/p>\n","protected":false},"author":949,"featured_media":0,"parent":8158,"menu_order":0,"comment_status":"closed","ping_status":"closed","template":"","meta":{"_seopress_robots_primary_cat":"","_seopress_titles_title":"Programmes & Plan FACTS","_seopress_titles_desc":"Consultez le calendrier des activit\u00e9s de FACTS et retrouvez-les sur le plan d'\u00e9tage. Commencez \u00e0 pr\u00e9parer votre visite !","_seopress_robots_index":"","footnotes":""},"class_list":["post-15582","page","type-page","status-publish","hentry"],"_links":{"self":[{"href":"https:\/\/www.facts.be\/fr\/wp-json\/wp\/v2\/pages\/15582","targetHints":{"allow":["GET"]}}],"collection":[{"href":"https:\/\/www.facts.be\/fr\/wp-json\/wp\/v2\/pages"}],"about":[{"href":"https:\/\/www.facts.be\/fr\/wp-json\/wp\/v2\/types\/page"}],"author":[{"embeddable":true,"href":"https:\/\/www.facts.be\/fr\/wp-json\/wp\/v2\/users\/949"}],"replies":[{"embeddable":true,"href":"https:\/\/www.facts.be\/fr\/wp-json\/wp\/v2\/comments?post=15582"}],"version-history":[{"count":5,"href":"https:\/\/www.facts.be\/fr\/wp-json\/wp\/v2\/pages\/15582\/revisions"}],"predecessor-version":[{"id":74687,"href":"https:\/\/www.facts.be\/fr\/wp-json\/wp\/v2\/pages\/15582\/revisions\/74687"}],"up":[{"embeddable":true,"href":"https:\/\/www.facts.be\/fr\/wp-json\/wp\/v2\/pages\/8158"}],"wp:attachment":[{"href":"https:\/\/www.facts.be\/fr\/wp-json\/wp\/v2\/media?parent=15582"}],"curies":[{"name":"wp","href":"https:\/\/api.w.org\/{rel}","templated":true}]}}