{"id":15653,"date":"2024-06-19T13:47:21","date_gmt":"2024-06-19T11:47:21","guid":{"rendered":"https:\/\/www.facts.be\/info\/mesures-de-securite\/"},"modified":"2024-08-03T23:12:59","modified_gmt":"2024-08-03T21:12:59","slug":"mesures-de-securite","status":"publish","type":"page","link":"https:\/\/www.facts.be\/fr\/info\/mesures-de-securite\/","title":{"rendered":"Mesures de s\u00e9curit\u00e9"},"content":{"rendered":"\t\t<div data-elementor-type=\"wp-page\" data-elementor-id=\"15653\" class=\"elementor elementor-15653 elementor-406\" data-elementor-post-type=\"page\">\n\t\t\t\t<div class=\"elementor-element elementor-element-a7abe8e e-flex e-con-boxed e-con e-parent\" data-id=\"a7abe8e\" data-element_type=\"container\" data-settings=\"{&quot;background_background&quot;:&quot;gradient&quot;}\">\n\t\t\t\t\t<div class=\"e-con-inner\">\n\t\t<div class=\"elementor-element elementor-element-3d1d46e e-con-full e-flex e-con e-child\" data-id=\"3d1d46e\" data-element_type=\"container\" data-settings=\"{&quot;background_background&quot;:&quot;classic&quot;}\">\n\t\t<div class=\"elementor-element elementor-element-f1c02cd e-con-full e-flex e-con e-child\" data-id=\"f1c02cd\" data-element_type=\"container\">\n\t\t<div class=\"elementor-element elementor-element-62fed55 e-con-full e-flex e-con e-child\" data-id=\"62fed55\" data-element_type=\"container\">\n\t\t<div class=\"elementor-element elementor-element-78ed265 e-con-full e-flex e-con e-child\" data-id=\"78ed265\" data-element_type=\"container\">\n\t\t<div class=\"elementor-element elementor-element-940903b e-con-full e-flex e-con e-child\" data-id=\"940903b\" data-element_type=\"container\">\n\t\t\t\t<div class=\"elementor-element elementor-element-aecc468 elementor-widget elementor-widget-image\" data-id=\"aecc468\" data-element_type=\"widget\" data-widget_type=\"image.default\">\n\t\t\t\t<div class=\"elementor-widget-container\">\n\t\t\t\t\t\t\t\t\t\t\t\t\t\t\t<img fetchpriority=\"high\" decoding=\"async\" width=\"650\" height=\"739\" src=\"https:\/\/easyfairsassets.com\/sites\/328\/2024\/08\/FAC21-faun-character.png\" class=\"attachment-large size-large wp-image-16425\" alt=\"\" srcset=\"https:\/\/easyfairsassets.com\/sites\/328\/2024\/08\/FAC21-faun-character.png 650w, https:\/\/easyfairsassets.com\/sites\/328\/2024\/08\/FAC21-faun-character-264x300.png 264w\" sizes=\"(max-width: 650px) 100vw, 650px\" \/>\t\t\t\t\t\t\t\t\t\t\t\t\t\t\t<\/div>\n\t\t\t\t<\/div>\n\t\t\t\t<\/div>\n\t\t<div class=\"elementor-element elementor-element-06fda67 e-con-full e-flex e-con e-child\" data-id=\"06fda67\" data-element_type=\"container\">\n\t\t\t\t<div class=\"elementor-element elementor-element-2c15845 elementor-widget elementor-widget-heading\" data-id=\"2c15845\" data-element_type=\"widget\" data-widget_type=\"heading.default\">\n\t\t\t\t<div class=\"elementor-widget-container\">\n\t\t\t\t\t<h1 class=\"elementor-heading-title elementor-size-default\">LES BARRI\u00c8RES MAGIQUES DE FANRIR : LES MESURES DE S\u00c9CURIT\u00c9 SUPPL\u00c9MENTAIRES<\/h1>\t\t\t\t<\/div>\n\t\t\t\t<\/div>\n\t\t\t\t<div class=\"elementor-element elementor-element-55e2cb7 elementor-widget__width-initial elementor-widget elementor-widget-text-editor\" data-id=\"55e2cb7\" data-element_type=\"widget\" data-widget_type=\"text-editor.default\">\n\t\t\t\t<div class=\"elementor-widget-container\">\n\t\t\t\t\t\t\t\t\t<p>\u00ab\u00a0Bonjour, voyageur fatigu\u00e9. Je vois que vous \u00eates tr\u00e8s enthousiastes \u00e0 l&rsquo;id\u00e9e d&rsquo;entrer dans la for\u00eat des faits !<\/p>\n<p>Mais attendez un peu avec vos licornes, speeders steampunk ou tous les autres moyens de transport. Tout d&rsquo;abord, je dois vous informer de nos barri\u00e8res magiques, construites pour emp\u00eacher l&rsquo;obscurit\u00e9 d&rsquo;entrer. Cela ne devrait pas poser de probl\u00e8me \u00e0 des cr\u00e9atures aussi vivantes que vous !\u00a0\u00bb<\/p>\n\t\t\t\t\t\t\t\t<\/div>\n\t\t\t\t<\/div>\n\t\t\t\t<\/div>\n\t\t\t\t<\/div>\n\t\t\t\t<\/div>\n\t\t\t\t<\/div>\n\t\t\t\t<\/div>\n\t\t<div class=\"elementor-element elementor-element-9cea1ab e-con-full e-flex e-con e-child\" data-id=\"9cea1ab\" data-element_type=\"container\" data-settings=\"{&quot;background_background&quot;:&quot;classic&quot;}\">\n\t\t<div class=\"elementor-element elementor-element-677da02 e-con-full e-flex e-con e-child\" data-id=\"677da02\" data-element_type=\"container\">\n\t\t<div class=\"elementor-element elementor-element-33fecab e-con-full e-flex e-con e-child\" data-id=\"33fecab\" data-element_type=\"container\">\n\t\t\t\t<div class=\"elementor-element elementor-element-4d3867b elementor-widget elementor-widget-heading\" data-id=\"4d3867b\" data-element_type=\"widget\" data-widget_type=\"heading.default\">\n\t\t\t\t<div class=\"elementor-widget-container\">\n\t\t\t\t\t<h2 class=\"elementor-heading-title elementor-size-default\">Un mot de l'organisation<\/h2>\t\t\t\t<\/div>\n\t\t\t\t<\/div>\n\t\t\t\t<div class=\"elementor-element elementor-element-dc83996 elementor-widget elementor-widget-text-editor\" data-id=\"dc83996\" data-element_type=\"widget\" data-widget_type=\"text-editor.default\">\n\t\t\t\t<div class=\"elementor-widget-container\">\n\t\t\t\t\t\t\t\t\t<p>Tout d&rsquo;abord, l&rsquo;organisation FACTS tient \u00e0 exprimer sa sympathie aux victimes des attentats du 16 octobre. Ce sont des moments comme celui-ci qui nous touchent au plus profond de nous-m\u00eames, mais qui nous unissent aussi dans l&rsquo;humanit\u00e9.<\/p>\n<p>Nous avons \u00e9t\u00e9 en contact avec les autorit\u00e9s rapidement apr\u00e8s l&rsquo;incident, afin de recueillir des informations et des instructions. Nous continuons \u00e0 surveiller la situation 24 heures sur 24, 7 jours sur 7.<\/p>\n<p>En bref : soyez rassur\u00e9s : <strong>FACTS se d\u00e9roule, mais avec quelques mesures de s\u00e9curit\u00e9 suppl\u00e9mentaires.<\/strong> Du visiteur \u00e0 la star, de l&#8217;employ\u00e9 au VIP, vous pourrez tous profiter de votre maison de culture pop loin de chez vous les 21 et 22 octobre, \u00e0 Flanders Expo Gand, en toute s\u00e9curit\u00e9.<\/p>\n<p>Ces mesures de s\u00e9curit\u00e9 suppl\u00e9mentaires influencent notre traitement des armes et des sacs :<\/p>\n\t\t\t\t\t\t\t\t<\/div>\n\t\t\t\t<\/div>\n\t\t\t\t<\/div>\n\t\t\t\t<\/div>\n\t\t<div class=\"elementor-element elementor-element-fd903f8 e-con-full e-flex e-con e-child\" data-id=\"fd903f8\" data-element_type=\"container\">\n\t\t<div class=\"elementor-element elementor-element-e7ab03a e-con-full e-flex e-con e-child\" data-id=\"e7ab03a\" data-element_type=\"container\">\n\t\t\t\t<div class=\"elementor-element elementor-element-654a00f elementor-view-default elementor-position-top elementor-mobile-position-top elementor-widget elementor-widget-icon-box\" data-id=\"654a00f\" data-element_type=\"widget\" data-widget_type=\"icon-box.default\">\n\t\t\t\t<div class=\"elementor-widget-container\">\n\t\t\t\t\t\t\t<div class=\"elementor-icon-box-wrapper\">\n\n\t\t\t\t\t\t<div class=\"elementor-icon-box-icon\">\n\t\t\t\t<span  class=\"elementor-icon\">\n\t\t\t\t<svg aria-hidden=\"true\" class=\"e-font-icon-svg e-fas-shopping-bag\" viewBox=\"0 0 448 512\" xmlns=\"http:\/\/www.w3.org\/2000\/svg\"><path d=\"M352 160v-32C352 57.42 294.579 0 224 0 153.42 0 96 57.42 96 128v32H0v272c0 44.183 35.817 80 80 80h288c44.183 0 80-35.817 80-80V160h-96zm-192-32c0-35.29 28.71-64 64-64s64 28.71 64 64v32H160v-32zm160 120c-13.255 0-24-10.745-24-24s10.745-24 24-24 24 10.745 24 24-10.745 24-24 24zm-192 0c-13.255 0-24-10.745-24-24s10.745-24 24-24 24 10.745 24 24-10.745 24-24 24z\"><\/path><\/svg>\t\t\t\t<\/span>\n\t\t\t<\/div>\n\t\t\t\n\t\t\t\t\t\t<div class=\"elementor-icon-box-content\">\n\n\t\t\t\t\t\t\t\t\t<h3 class=\"elementor-icon-box-title\">\n\t\t\t\t\t\t<span  >\n\t\t\t\t\t\t\tCONTR\u00d4LES SUPPL\u00c9MENTAIRES DES BAGAGES\t\t\t\t\t\t<\/span>\n\t\t\t\t\t<\/h3>\n\t\t\t\t\n\t\t\t\t\t\t\t\t\t<p class=\"elementor-icon-box-description\">\n\t\t\t\t\t\tVous pouvez toujours apporter vos sacs \u00e0 FACTS, mais ils devront \u00eatre contr\u00f4l\u00e9s. Nous vous demandons donc de n'en prendre qu'un seul si n\u00e9cessaire, de le garder aussi compact que possible et de l'ouvrir spontan\u00e9ment pour des raisons de s\u00e9curit\u00e9. De cette mani\u00e8re, nous r\u00e9duisons les files d'attente et augmentons le plaisir.\t\t\t\t\t<\/p>\n\t\t\t\t\n\t\t\t<\/div>\n\t\t\t\n\t\t<\/div>\n\t\t\t\t\t\t<\/div>\n\t\t\t\t<\/div>\n\t\t\t\t<\/div>\n\t\t<div class=\"elementor-element elementor-element-d9d9b20 e-con-full e-flex e-con e-child\" data-id=\"d9d9b20\" data-element_type=\"container\">\n\t\t\t\t<div class=\"elementor-element elementor-element-eaea35f elementor-view-default elementor-position-top elementor-mobile-position-top elementor-widget elementor-widget-icon-box\" data-id=\"eaea35f\" data-element_type=\"widget\" data-widget_type=\"icon-box.default\">\n\t\t\t\t<div class=\"elementor-widget-container\">\n\t\t\t\t\t\t\t<div class=\"elementor-icon-box-wrapper\">\n\n\t\t\t\t\t\t<div class=\"elementor-icon-box-icon\">\n\t\t\t\t<span  class=\"elementor-icon\">\n\t\t\t\t<svg aria-hidden=\"true\" class=\"e-font-icon-svg e-fas-mask\" viewBox=\"0 0 640 512\" xmlns=\"http:\/\/www.w3.org\/2000\/svg\"><path d=\"M320.67 64c-442.6 0-357.57 384-158.46 384 39.9 0 77.47-20.69 101.42-55.86l25.73-37.79c15.66-22.99 46.97-22.99 62.63 0l25.73 37.79C401.66 427.31 439.23 448 479.13 448c189.86 0 290.63-384-158.46-384zM184 308.36c-41.06 0-67.76-25.66-80.08-41.05-5.23-6.53-5.23-16.09 0-22.63 12.32-15.4 39.01-41.05 80.08-41.05s67.76 25.66 80.08 41.05c5.23 6.53 5.23 16.09 0 22.63-12.32 15.4-39.02 41.05-80.08 41.05zm272 0c-41.06 0-67.76-25.66-80.08-41.05-5.23-6.53-5.23-16.09 0-22.63 12.32-15.4 39.01-41.05 80.08-41.05s67.76 25.66 80.08 41.05c5.23 6.53 5.23 16.09 0 22.63-12.32 15.4-39.02 41.05-80.08 41.05z\"><\/path><\/svg>\t\t\t\t<\/span>\n\t\t\t<\/div>\n\t\t\t\n\t\t\t\t\t\t<div class=\"elementor-icon-box-content\">\n\n\t\t\t\t\t\t\t\t\t<h3 class=\"elementor-icon-box-title\">\n\t\t\t\t\t\t<span  >\n\t\t\t\t\t\t\tCOSPLAY-WAPENS\t\t\t\t\t\t<\/span>\n\t\t\t\t\t<\/h3>\n\t\t\t\t\n\t\t\t\t\t\t\t\t\t<p class=\"elementor-icon-box-description\">\n\t\t\t\t\t\tLes armes \"cosplay\" (et les objets qui pourraient passer pour tels) seront contr\u00f4l\u00e9es avec une attention particuli\u00e8re.\t\t\t\t\t<\/p>\n\t\t\t\t\n\t\t\t<\/div>\n\t\t\t\n\t\t<\/div>\n\t\t\t\t\t\t<\/div>\n\t\t\t\t<\/div>\n\t\t\t\t<\/div>\n\t\t\t\t<\/div>\n\t\t\t\t<\/div>\n\t\t<div class=\"elementor-element elementor-element-f4e86a8 e-con-full e-flex e-con e-child\" data-id=\"f4e86a8\" data-element_type=\"container\" data-settings=\"{&quot;background_background&quot;:&quot;classic&quot;}\">\n\t\t<div class=\"elementor-element elementor-element-000226e e-con-full e-flex e-con e-child\" data-id=\"000226e\" data-element_type=\"container\">\n\t\t<div class=\"elementor-element elementor-element-dfde83d e-con-full e-flex e-con e-child\" data-id=\"dfde83d\" data-element_type=\"container\">\n\t\t\t\t<div class=\"elementor-element elementor-element-3aaf7c7 elementor-widget elementor-widget-heading\" data-id=\"3aaf7c7\" data-element_type=\"widget\" data-widget_type=\"heading.default\">\n\t\t\t\t<div class=\"elementor-widget-container\">\n\t\t\t\t\t<h2 class=\"elementor-heading-title elementor-size-default\">Autres conseils<\/h2>\t\t\t\t<\/div>\n\t\t\t\t<\/div>\n\t\t\t\t<\/div>\n\t\t\t\t<\/div>\n\t\t<div class=\"elementor-element elementor-element-8929ac5 e-con-full e-flex e-con e-child\" data-id=\"8929ac5\" data-element_type=\"container\">\n\t\t<div class=\"elementor-element elementor-element-4733f8a e-con-full e-flex e-con e-child\" data-id=\"4733f8a\" data-element_type=\"container\">\n\t\t\t\t<div class=\"elementor-element elementor-element-48c6249 elementor-cta--skin-classic elementor-animated-content elementor-widget elementor-widget-call-to-action\" data-id=\"48c6249\" data-element_type=\"widget\" data-widget_type=\"call-to-action.default\">\n\t\t\t\t<div class=\"elementor-widget-container\">\n\t\t\t\t\t\t\t<div class=\"elementor-cta\">\n\t\t\t\t\t<div class=\"elementor-cta__bg-wrapper\">\n\t\t\t\t<div class=\"elementor-cta__bg elementor-bg\" style=\"background-image: url(https:\/\/easyfairsassets.com\/sites\/328\/2024\/06\/Entrance-FACTS-Fall-2022.jpg);\" role=\"img\" aria-label=\"Entrance-FACTS-Fall-2022.jpg\"><\/div>\n\t\t\t\t<div class=\"elementor-cta__bg-overlay\"><\/div>\n\t\t\t<\/div>\n\t\t\t\t\t\t\t\t<\/div>\n\t\t\t\t\t\t<\/div>\n\t\t\t\t<\/div>\n\t\t\t\t<div class=\"elementor-element elementor-element-6735326 elementor-widget elementor-widget-heading\" data-id=\"6735326\" data-element_type=\"widget\" data-widget_type=\"heading.default\">\n\t\t\t\t<div class=\"elementor-widget-container\">\n\t\t\t\t\t<h3 class=\"elementor-heading-title elementor-size-default\">Faites la queue t\u00f4t !<\/h3>\t\t\t\t<\/div>\n\t\t\t\t<\/div>\n\t\t\t\t<div class=\"elementor-element elementor-element-c7f5918 elementor-widget elementor-widget-text-editor\" data-id=\"c7f5918\" data-element_type=\"widget\" data-widget_type=\"text-editor.default\">\n\t\t\t\t<div class=\"elementor-widget-container\">\n\t\t\t\t\t\t\t\t\t<p>En raison des contr\u00f4les de sacs et de l&rsquo;affluence g\u00e9n\u00e9rale, nous conseillons \u00e0 tous d&rsquo;arriver plus t\u00f4t que d&rsquo;habitude, afin que votre exp\u00e9rience de l&rsquo;\u00e9v\u00e9nement soit la plus normale et la plus libre possible.<\/p>\n\t\t\t\t\t\t\t\t<\/div>\n\t\t\t\t<\/div>\n\t\t\t\t<\/div>\n\t\t<div class=\"elementor-element elementor-element-134e8b2 e-con-full e-flex e-con e-child\" data-id=\"134e8b2\" data-element_type=\"container\">\n\t\t\t\t<div class=\"elementor-element elementor-element-17bcc6f elementor-cta--skin-classic elementor-animated-content elementor-widget elementor-widget-call-to-action\" data-id=\"17bcc6f\" data-element_type=\"widget\" data-widget_type=\"call-to-action.default\">\n\t\t\t\t<div class=\"elementor-widget-container\">\n\t\t\t\t\t\t\t<div class=\"elementor-cta\">\n\t\t\t\t\t<div class=\"elementor-cta__bg-wrapper\">\n\t\t\t\t<div class=\"elementor-cta__bg elementor-bg\" style=\"background-image: url(https:\/\/easyfairsassets.com\/sites\/328\/2024\/06\/IKEA-GENT-1024x683.jpg);\" role=\"img\" aria-label=\"IKEA-GENT.jpg\"><\/div>\n\t\t\t\t<div class=\"elementor-cta__bg-overlay\"><\/div>\n\t\t\t<\/div>\n\t\t\t\t\t\t\t\t<\/div>\n\t\t\t\t\t\t<\/div>\n\t\t\t\t<\/div>\n\t\t\t\t<div class=\"elementor-element elementor-element-c3ff995 elementor-widget elementor-widget-heading\" data-id=\"c3ff995\" data-element_type=\"widget\" data-widget_type=\"heading.default\">\n\t\t\t\t<div class=\"elementor-widget-container\">\n\t\t\t\t\t<h3 class=\"elementor-heading-title elementor-size-default\">IKEA Gent en \u00e9tat d'alerte<\/h3>\t\t\t\t<\/div>\n\t\t\t\t<\/div>\n\t\t\t\t<div class=\"elementor-element elementor-element-93de740 elementor-widget elementor-widget-text-editor\" data-id=\"93de740\" data-element_type=\"widget\" data-widget_type=\"text-editor.default\">\n\t\t\t\t<div class=\"elementor-widget-container\">\n\t\t\t\t\t\t\t\t\t<p>Notre voisin IKEA Gent est en \u00e9tat d&rsquo;alerte depuis les attentats de lundi, alors soyez prudents &#8211; surtout avec les cosplays &#8211; lorsque vous vous y rendez pour acheter des boulettes de viande ou d&rsquo;autres produits.<\/p>\n\t\t\t\t\t\t\t\t<\/div>\n\t\t\t\t<\/div>\n\t\t\t\t<\/div>\n\t\t<div class=\"elementor-element elementor-element-7ad610a e-con-full e-flex e-con e-child\" data-id=\"7ad610a\" data-element_type=\"container\">\n\t\t\t\t<div class=\"elementor-element elementor-element-63452b5 elementor-cta--skin-classic elementor-animated-content elementor-widget elementor-widget-call-to-action\" data-id=\"63452b5\" data-element_type=\"widget\" data-widget_type=\"call-to-action.default\">\n\t\t\t\t<div class=\"elementor-widget-container\">\n\t\t\t\t\t\t\t<div class=\"elementor-cta\">\n\t\t\t\t\t<div class=\"elementor-cta__bg-wrapper\">\n\t\t\t\t<div class=\"elementor-cta__bg elementor-bg\" style=\"background-image: url(https:\/\/easyfairsassets.com\/sites\/328\/2024\/06\/Star-Wars-Cosplay-Jawa-Fan-Village.jpg);\" role=\"img\" aria-label=\"Star-Wars-Cosplay-Jawa-Fan-Village.jpg\"><\/div>\n\t\t\t\t<div class=\"elementor-cta__bg-overlay\"><\/div>\n\t\t\t<\/div>\n\t\t\t\t\t\t\t\t<\/div>\n\t\t\t\t\t\t<\/div>\n\t\t\t\t<\/div>\n\t\t\t\t<div class=\"elementor-element elementor-element-723146f elementor-widget elementor-widget-heading\" data-id=\"723146f\" data-element_type=\"widget\" data-widget_type=\"heading.default\">\n\t\t\t\t<div class=\"elementor-widget-container\">\n\t\t\t\t\t<h3 class=\"elementor-heading-title elementor-size-default\">Les masques<\/h3>\t\t\t\t<\/div>\n\t\t\t\t<\/div>\n\t\t\t\t<div class=\"elementor-element elementor-element-c167438 elementor-widget elementor-widget-text-editor\" data-id=\"c167438\" data-element_type=\"widget\" data-widget_type=\"text-editor.default\">\n\t\t\t\t<div class=\"elementor-widget-container\">\n\t\t\t\t\t\t\t\t\t<p>Les masques sont toujours autoris\u00e9s dans la salle, mais nous vous prions de ne pas porter de masques couvrant le visage \u00e0 l&rsquo;ext\u00e9rieur. D&rsquo;ailleurs, m\u00eame sans cette situation, la loi belge l&rsquo;interdit dans l&rsquo;espace public, alors soyez tr\u00e8s attentifs.<\/p>\n\t\t\t\t\t\t\t\t<\/div>\n\t\t\t\t<\/div>\n\t\t\t\t<\/div>\n\t\t\t\t<\/div>\n\t\t\t\t<\/div>\n\t\t<div class=\"elementor-element elementor-element-f6630e1 e-con-full e-flex e-con e-child\" data-id=\"f6630e1\" data-element_type=\"container\" data-settings=\"{&quot;background_background&quot;:&quot;classic&quot;}\">\n\t\t<div class=\"elementor-element elementor-element-0cf64b5 e-con-full e-flex e-con e-child\" data-id=\"0cf64b5\" data-element_type=\"container\">\n\t\t<div class=\"elementor-element elementor-element-e7cb003 e-con-full e-flex e-con e-child\" data-id=\"e7cb003\" data-element_type=\"container\">\n\t\t\t\t<div class=\"elementor-element elementor-element-491bfc2 elementor-widget elementor-widget-text-editor\" data-id=\"491bfc2\" data-element_type=\"widget\" data-widget_type=\"text-editor.default\">\n\t\t\t\t<div class=\"elementor-widget-container\">\n\t\t\t\t\t\t\t\t\t<p>Si vous avez des questions, n&rsquo;h\u00e9sitez pas \u00e0 nous envoyer un courriel \u00e0 l&rsquo;adresse <a href=\"mailto:info@facts.be\">info@facts.be<\/a>,<br \/>\nou d&rsquo;utiliser les fonctions de chat sur <strong><a href=\"https:\/\/linkin.bio\/factsconvention\">nos m\u00e9dias sociaux.<\/a><\/strong><\/p>\n\t\t\t\t\t\t\t\t<\/div>\n\t\t\t\t<\/div>\n\t\t\t\t<div class=\"elementor-element elementor-element-f2b68ba elementor-align-left elementor-widget elementor-widget-button\" data-id=\"f2b68ba\" data-element_type=\"widget\" data-widget_type=\"button.default\">\n\t\t\t\t<div class=\"elementor-widget-container\">\n\t\t\t\t\t\t\t\t\t<div class=\"elementor-button-wrapper\">\n\t\t\t\t\t<a class=\"elementor-button elementor-button-link elementor-size-sm\" href=\"https:\/\/www.facts.be\/fr\/info\/contact\/\">\n\t\t\t\t\t\t<span class=\"elementor-button-content-wrapper\">\n\t\t\t\t\t\t\t\t\t<span class=\"elementor-button-text\">Contactez-nous<\/span>\n\t\t\t\t\t<\/span>\n\t\t\t\t\t<\/a>\n\t\t\t\t<\/div>\n\t\t\t\t\t\t\t\t<\/div>\n\t\t\t\t<\/div>\n\t\t\t\t<\/div>\n\t\t\t\t<\/div>\n\t\t\t\t<\/div>\n\t\t\t\t\t<\/div>\n\t\t\t\t<\/div>\n\t\t\t\t<\/div>\n\t\t","protected":false},"excerpt":{"rendered":"<p>LES BARRI\u00c8RES MAGIQUES DE FANRIR : LES MESURES DE S\u00c9CURIT\u00c9 SUPPL\u00c9MENTAIRES \u00ab\u00a0Bonjour, voyageur fatigu\u00e9. Je vois que vous \u00eates tr\u00e8s enthousiastes \u00e0 l&rsquo;id\u00e9e d&rsquo;entrer dans la for\u00eat des faits ! Mais attendez un peu avec vos licornes, speeders steampunk ou tous les autres moyens de transport. Tout d&rsquo;abord, je dois vous informer de nos barri\u00e8res [&hellip;]<\/p>\n","protected":false},"author":949,"featured_media":0,"parent":8158,"menu_order":0,"comment_status":"closed","ping_status":"closed","template":"","meta":{"_seopress_robots_primary_cat":"","_seopress_titles_title":"Mesures de s\u00e9curit\u00e9 \u00e0 FACTS","_seopress_titles_desc":"Cette page est destin\u00e9e \u00e0 communiquer des mesures de s\u00e9curit\u00e9 suppl\u00e9mentaires en cas d'urgence. ","_seopress_robots_index":"","footnotes":""},"class_list":["post-15653","page","type-page","status-publish","hentry"],"_links":{"self":[{"href":"https:\/\/www.facts.be\/fr\/wp-json\/wp\/v2\/pages\/15653","targetHints":{"allow":["GET"]}}],"collection":[{"href":"https:\/\/www.facts.be\/fr\/wp-json\/wp\/v2\/pages"}],"about":[{"href":"https:\/\/www.facts.be\/fr\/wp-json\/wp\/v2\/types\/page"}],"author":[{"embeddable":true,"href":"https:\/\/www.facts.be\/fr\/wp-json\/wp\/v2\/users\/949"}],"replies":[{"embeddable":true,"href":"https:\/\/www.facts.be\/fr\/wp-json\/wp\/v2\/comments?post=15653"}],"version-history":[{"count":2,"href":"https:\/\/www.facts.be\/fr\/wp-json\/wp\/v2\/pages\/15653\/revisions"}],"predecessor-version":[{"id":17282,"href":"https:\/\/www.facts.be\/fr\/wp-json\/wp\/v2\/pages\/15653\/revisions\/17282"}],"up":[{"embeddable":true,"href":"https:\/\/www.facts.be\/fr\/wp-json\/wp\/v2\/pages\/8158"}],"wp:attachment":[{"href":"https:\/\/www.facts.be\/fr\/wp-json\/wp\/v2\/media?parent=15653"}],"curies":[{"name":"wp","href":"https:\/\/api.w.org\/{rel}","templated":true}]}}