{"id":15730,"date":"2024-06-19T13:55:39","date_gmt":"2024-06-19T11:55:39","guid":{"rendered":"https:\/\/www.facts.be\/info\/facts-cest-quoi\/"},"modified":"2026-01-12T11:07:58","modified_gmt":"2026-01-12T10:07:58","slug":"facts-cest-quoi","status":"publish","type":"page","link":"https:\/\/www.facts.be\/fr\/info\/facts-cest-quoi\/","title":{"rendered":"FACTS, C&rsquo;est quoi ?"},"content":{"rendered":"\t\t<div data-elementor-type=\"wp-page\" data-elementor-id=\"15730\" class=\"elementor elementor-15730 elementor-410\" data-elementor-post-type=\"page\">\n\t\t\t\t<div class=\"elementor-element elementor-element-f764a95 e-flex e-con-boxed e-con e-parent\" data-id=\"f764a95\" data-element_type=\"container\" data-settings=\"{&quot;background_background&quot;:&quot;gradient&quot;}\">\n\t\t\t\t\t<div class=\"e-con-inner\">\n\t\t<div class=\"elementor-element elementor-element-b89a951 e-con-full e-flex e-con e-child\" data-id=\"b89a951\" data-element_type=\"container\" data-settings=\"{&quot;background_background&quot;:&quot;classic&quot;}\">\n\t\t<div class=\"elementor-element elementor-element-2574bad e-con-full e-flex e-con e-child\" data-id=\"2574bad\" data-element_type=\"container\">\n\t\t<div class=\"elementor-element elementor-element-452b51b e-con-full e-flex e-con e-child\" data-id=\"452b51b\" data-element_type=\"container\">\n\t\t\t\t<div class=\"elementor-element elementor-element-75e6b62 elementor-widget elementor-widget-image\" data-id=\"75e6b62\" data-element_type=\"widget\" data-widget_type=\"image.default\">\n\t\t\t\t<div class=\"elementor-widget-container\">\n\t\t\t\t\t\t\t\t\t\t\t\t\t\t\t<img fetchpriority=\"high\" decoding=\"async\" width=\"600\" height=\"393\" src=\"https:\/\/easyfairsassets.com\/sites\/328\/2024\/06\/FAC21-spaceship-character.png\" class=\"attachment-full size-full wp-image-327\" alt=\"\" srcset=\"https:\/\/easyfairsassets.com\/sites\/328\/2024\/06\/FAC21-spaceship-character.png 600w, https:\/\/easyfairsassets.com\/sites\/328\/2024\/06\/FAC21-spaceship-character-300x197.png 300w\" sizes=\"(max-width: 600px) 100vw, 600px\" \/>\t\t\t\t\t\t\t\t\t\t\t\t\t\t\t<\/div>\n\t\t\t\t<\/div>\n\t\t\t\t<\/div>\n\t\t<div class=\"elementor-element elementor-element-7098cc8 e-con-full e-flex e-con e-child\" data-id=\"7098cc8\" data-element_type=\"container\">\n\t\t\t\t<div class=\"elementor-element elementor-element-d90bfdb elementor-widget elementor-widget-heading\" data-id=\"d90bfdb\" data-element_type=\"widget\" data-widget_type=\"heading.default\">\n\t\t\t\t<div class=\"elementor-widget-container\">\n\t\t\t\t\t<h2 class=\"elementor-heading-title elementor-size-default\">FACTS, un univers magique o\u00f9 les fans de culture pop vivent l'exp\u00e9rience de leur vie<\/h2>\t\t\t\t<\/div>\n\t\t\t\t<\/div>\n\t\t\t\t<div class=\"elementor-element elementor-element-b2b056e elementor-widget elementor-widget-text-editor\" data-id=\"b2b056e\" data-element_type=\"widget\" data-widget_type=\"text-editor.default\">\n\t\t\t\t<div class=\"elementor-widget-container\">\n\t\t\t\t\t\t\t\t\t<p>En l\u2019espace d\u2019un week-end, FACTS fera vivre une exp\u00e9rience inoubliable \u00e0 celles et ceux qui souhaitent d\u00e9couvrir le meilleur de ce que le monde de la\u00a0<strong>science-fiction et de la fantasy<\/strong> a \u00e0 offrir. Si vous \u00eates fans de <strong>comics, de dessins anim\u00e9s japonais, de cosplay, de science-fiction, de jeux vid\u00e9o, de jeux de soci\u00e9t\u00e9, de films fantastiques, de s\u00e9ries t\u00e9l\u00e9\u00a0<\/strong>ou autres activit\u00e9s \u00ab\u00a0parall\u00e8les\u00a0\u00bb, FACTS est un rendez-vous que vous ne pouvez manquer sous aucun pr\u00e9texte. Venez y retrouver vos sagas pr\u00e9f\u00e9r\u00e9es et vos h\u00e9ros favoris\u00a0!<\/p>\n\t\t\t\t\t\t\t\t<\/div>\n\t\t\t\t<\/div>\n\t\t\t\t<\/div>\n\t\t<div class=\"elementor-element elementor-element-1865579 e-con-full elementor-hidden-tablet elementor-hidden-mobile e-flex e-con e-child\" data-id=\"1865579\" data-element_type=\"container\">\n\t\t\t\t<div class=\"elementor-element elementor-element-af4a358 elementor-widget elementor-widget-image\" data-id=\"af4a358\" data-element_type=\"widget\" data-widget_type=\"image.default\">\n\t\t\t\t<div class=\"elementor-widget-container\">\n\t\t\t\t\t\t\t\t\t\t\t\t\t\t\t<img decoding=\"async\" width=\"373\" height=\"600\" src=\"https:\/\/easyfairsassets.com\/sites\/328\/2024\/06\/FAC21-hero-character.png\" class=\"attachment-full size-full wp-image-330\" alt=\"\" srcset=\"https:\/\/easyfairsassets.com\/sites\/328\/2024\/06\/FAC21-hero-character.png 373w, https:\/\/easyfairsassets.com\/sites\/328\/2024\/06\/FAC21-hero-character-187x300.png 187w\" sizes=\"(max-width: 373px) 100vw, 373px\" \/>\t\t\t\t\t\t\t\t\t\t\t\t\t\t\t<\/div>\n\t\t\t\t<\/div>\n\t\t\t\t<\/div>\n\t\t\t\t<\/div>\n\t\t\t\t<\/div>\n\t\t<div class=\"elementor-element elementor-element-346066b e-con-full e-flex e-con e-child\" data-id=\"346066b\" data-element_type=\"container\" data-settings=\"{&quot;background_background&quot;:&quot;classic&quot;}\">\n\t\t\t\t<div class=\"elementor-element elementor-element-3a26049 elementor-widget elementor-widget-heading\" data-id=\"3a26049\" data-element_type=\"widget\" data-widget_type=\"heading.default\">\n\t\t\t\t<div class=\"elementor-widget-container\">\n\t\t\t\t\t<h3 class=\"elementor-heading-title elementor-size-default\">FACTS: une histoire riche<\/h3>\t\t\t\t<\/div>\n\t\t\t\t<\/div>\n\t\t\t\t<div class=\"elementor-element elementor-element-83c4493 elementor-widget elementor-widget-text-editor\" data-id=\"83c4493\" data-element_type=\"widget\" data-widget_type=\"text-editor.default\">\n\t\t\t\t<div class=\"elementor-widget-container\">\n\t\t\t\t\t\t\t\t\t<p>L\u2019histoire de FACTS\u00a0<strong>d\u00e9bute en\u00a0<\/strong><strong>1993<\/strong>, lorsqu\u2019une poign\u00e9e de passionn\u00e9s se retrouvent \u00e0 Gand, dans un bar appel\u00e9 Het Tonneke. Il n\u2019y a alors que deux tables et une quarantaine de visiteurs. Bien que l\u2019\u00e9v\u00e9nement n\u2019ait cess\u00e9 de prendre de l\u2019ampleur \u2013 \u00e0 une vitesse digne de celle des super-h\u00e9ros qui font vibrer ses visiteurs \u2013, FACTS n\u2019a rien perdu de cette passion et de cet esprit de franche camaraderie qui r\u00e9unissait les fans de la premi\u00e8re heure.<\/p>\n<p><strong>FACTS (11-12 avril &amp; 31 octobre &#8211; 1 novembre 2026) <\/strong>s\u2019appr\u00eate \u00e0 vous faire revivre toute la magie de ces rencontres. L\u2019\u00e9v\u00e9nement s\u2019\u00e9tendra sur une surface de pas moins de 54 000 m\u00b2, au c\u0153ur du Flanders Expo, soit 10 000 m\u00b2 de plus que lors de la derni\u00e8re \u00e9dition. Le hall principal accueillera un gigantesque march\u00e9, o\u00f9 des centaines d\u2019exposants et de collectionneurs internationaux \u00e0 la recherche d\u2019un nouveau foyer pour leurs pr\u00e9cieux objets vous proposeront d\u2019acqu\u00e9rir toutes sortes de produits. La place centrale qui leur est r\u00e9serv\u00e9e est tout sauf une co\u00efncidence, car c\u2019\u00e9tait bien l\u00e0 la vocation des premi\u00e8res conventions : cr\u00e9er un march\u00e9 consacr\u00e9 aux articles de collection et autres produits d\u00e9riv\u00e9s. <strong>FACTS propose d\u00e9sormais \u00e0 ses visiteurs un panel d\u2019activit\u00e9s bien plus large<\/strong>, avec des halls secondaires d\u00e9di\u00e9s aux auteurs de comics, aux jeux vid\u00e9o, au cosplay et bien<strong>\u00a0plus d\u2019activit\u00e9s encore.<\/strong><\/p>\n\t\t\t\t\t\t\t\t<\/div>\n\t\t\t\t<\/div>\n\t\t\t\t<\/div>\n\t\t<div class=\"elementor-element elementor-element-20bbd82 e-con-full e-flex e-con e-child\" data-id=\"20bbd82\" data-element_type=\"container\" data-settings=\"{&quot;background_background&quot;:&quot;classic&quot;}\">\n\t\t\t\t<div class=\"elementor-element elementor-element-c5a58c9 elementor-widget elementor-widget-heading\" data-id=\"c5a58c9\" data-element_type=\"widget\" data-widget_type=\"heading.default\">\n\t\t\t\t<div class=\"elementor-widget-container\">\n\t\t\t\t\t<h3 class=\"elementor-heading-title elementor-size-default\">Les stars vous attendent<\/h3>\t\t\t\t<\/div>\n\t\t\t\t<\/div>\n\t\t\t\t<div class=\"elementor-element elementor-element-6e6d648 elementor-widget elementor-widget-text-editor\" data-id=\"6e6d648\" data-element_type=\"widget\" data-widget_type=\"text-editor.default\">\n\t\t\t\t<div class=\"elementor-widget-container\">\n\t\t\t\t\t\t\t\t\t<p>FACTS vous permettra \u00e9galement de poser des questions \u00e0 des <strong>stars internationales\u00a0<\/strong>lors de s\u00e9ances de questions-r\u00e9ponses, de leur demander un autographe, voire de poser \u00e0 vos c\u00f4t\u00e9s pour un selfie. Des acteurs de <em>Star Wars, The Lord of the Rings, Harry Potter, The Walking Dead, Game of Thrones<\/em> et de bien d\u2019autres c\u00e9l\u00e8bres films et s\u00e9ries auront fait le d\u00e9placement pour vous rencontrer. <strong>Des monuments de l\u2019univers des comics<\/strong>, dont Tony Moore, Esad Ribic, Mike Collins et Jae Lee, seront \u00e9galement pr\u00e9sents afin de d\u00e9dicacer vos albums pr\u00e9f\u00e9r\u00e9s. Vous l\u2019aurez compris : vos h\u00e9ros vous attendent tous \u00e0 FACTS.<\/p>\n<p>Que vous nous rejoigniez pour un jour ou un week-end, vous vivrez \u00e0 FACTS des exp\u00e9riences que l\u2019on ne conna\u00eet qu\u2019une fois dans une vie. La diversit\u00e9 de notre programme vous plongera dans un univers plus complet que vous ne pouvez l\u2019imaginer. Et qui de mieux que\u00a0<strong>nos fans<\/strong>\u00a0pour vous en convaincre\u00a0?<\/p>\n<p><em>\u00ab\u00a0Roses are black, daisies are evil and violets smell like poo, I\u2019ll be present at FACTS anyway, and so should you!\u00a0\u00bb\u00a0<\/em>(Steven Pitteman)<\/p>\n<p><em>\u00a0\u00ab\u00a0FACTS est plus qu\u2019une convention, c\u2019est un voyage dans une autre dimension\u00a0!\u00a0\u00bb<\/em>\u00a0(Dirk Moeyersoon)<\/p>\n<p><em>\u00ab\u00a0J\u2019ai trop h\u00e2te\u00a0! C\u2019est vraiment le meilleur Comic Con d\u2019Europe\u00a0!\u00a0\u00bb<\/em>\u00a0(Philippe Ricquier)<\/p>\n\t\t\t\t\t\t\t\t<\/div>\n\t\t\t\t<\/div>\n\t\t\t\t<\/div>\n\t\t<div class=\"elementor-element elementor-element-4caed7d e-con-full e-flex e-con e-child\" data-id=\"4caed7d\" data-element_type=\"container\" data-settings=\"{&quot;background_background&quot;:&quot;classic&quot;}\">\n\t\t<div class=\"elementor-element elementor-element-1775ce4 e-flex e-con-boxed e-con e-child\" data-id=\"1775ce4\" data-element_type=\"container\">\n\t\t\t\t\t<div class=\"e-con-inner\">\n\t\t\t\t<div class=\"elementor-element elementor-element-d9729c6 elementor-widget__width-inherit elementor-widget elementor-widget-image-carousel\" data-id=\"d9729c6\" data-element_type=\"widget\" data-settings=\"{&quot;slides_to_show&quot;:&quot;3&quot;,&quot;slides_to_scroll&quot;:&quot;3&quot;,&quot;navigation&quot;:&quot;none&quot;,&quot;autoplay&quot;:&quot;yes&quot;,&quot;pause_on_hover&quot;:&quot;yes&quot;,&quot;pause_on_interaction&quot;:&quot;yes&quot;,&quot;autoplay_speed&quot;:5000,&quot;infinite&quot;:&quot;yes&quot;,&quot;speed&quot;:500,&quot;image_spacing_custom&quot;:{&quot;unit&quot;:&quot;px&quot;,&quot;size&quot;:20,&quot;sizes&quot;:[]},&quot;image_spacing_custom_tablet&quot;:{&quot;unit&quot;:&quot;px&quot;,&quot;size&quot;:&quot;&quot;,&quot;sizes&quot;:[]},&quot;image_spacing_custom_mobile&quot;:{&quot;unit&quot;:&quot;px&quot;,&quot;size&quot;:&quot;&quot;,&quot;sizes&quot;:[]}}\" data-widget_type=\"image-carousel.default\">\n\t\t\t\t<div class=\"elementor-widget-container\">\n\t\t\t\t\t\t\t<div class=\"elementor-image-carousel-wrapper swiper\" role=\"region\" aria-roledescription=\"carousel\" aria-label=\"Image Carousel\" dir=\"ltr\">\n\t\t\t<div class=\"elementor-image-carousel swiper-wrapper\" aria-live=\"off\">\n\t\t\t\t\t\t\t\t<div class=\"swiper-slide\" role=\"group\" aria-roledescription=\"slide\" aria-label=\"1 of 12\"><figure class=\"swiper-slide-inner\"><img decoding=\"async\" class=\"swiper-slide-image\" src=\"https:\/\/easyfairsassets.com\/sites\/328\/2024\/06\/Billy-Boyd-FACTS-Fall-2022-Photoshoot-2-768x512.jpg\" alt=\"Billy-Boyd-FACTS-Fall-2022-Photoshoot-2\" \/><\/figure><\/div><div class=\"swiper-slide\" role=\"group\" aria-roledescription=\"slide\" aria-label=\"2 of 12\"><figure class=\"swiper-slide-inner\"><img decoding=\"async\" class=\"swiper-slide-image\" src=\"https:\/\/easyfairsassets.com\/sites\/328\/2024\/06\/FACTS-Spring-autograph-Michael-Rooker-768x512.jpg\" alt=\"FACTS-Spring-autograph-Michael-Rooker.jpg\" \/><\/figure><\/div><div class=\"swiper-slide\" role=\"group\" aria-roledescription=\"slide\" aria-label=\"3 of 12\"><figure class=\"swiper-slide-inner\"><img decoding=\"async\" class=\"swiper-slide-image\" src=\"https:\/\/easyfairsassets.com\/sites\/328\/2024\/06\/FACTS-2021-Meet-the-actors-selfies-pictures-photoshoots-website-1-768x512.jpg\" alt=\"FACTS-2021-Meet-the-actors-selfies-pictures-photoshoots-website.jpg\" \/><\/figure><\/div><div class=\"swiper-slide\" role=\"group\" aria-roledescription=\"slide\" aria-label=\"4 of 12\"><figure class=\"swiper-slide-inner\"><img decoding=\"async\" class=\"swiper-slide-image\" src=\"https:\/\/easyfairsassets.com\/sites\/328\/2025\/05\/Panel-actors-FACTS-Spring-2025-Jason-Priestley-768x512.jpg\" alt=\"Panel-actors-FACTS-Spring-2025-Jason-Priestley\" \/><\/figure><\/div><div class=\"swiper-slide\" role=\"group\" aria-roledescription=\"slide\" aria-label=\"5 of 12\"><figure class=\"swiper-slide-inner\"><img decoding=\"async\" class=\"swiper-slide-image\" src=\"https:\/\/easyfairsassets.com\/sites\/328\/2025\/05\/Cosplay-Welcome-Squirrel-Girl-Robin-768x512.jpg\" alt=\"Cosplay-Welcome-Squirrel-Girl-Robin\" \/><\/figure><\/div><div class=\"swiper-slide\" role=\"group\" aria-roledescription=\"slide\" aria-label=\"6 of 12\"><figure class=\"swiper-slide-inner\"><img decoding=\"async\" class=\"swiper-slide-image\" src=\"https:\/\/easyfairsassets.com\/sites\/328\/2025\/05\/FACTS-zondag-10h20m57s-TG-768x512.jpg\" alt=\"FACTS zondag - 10h20m57s - TG\" \/><\/figure><\/div><div class=\"swiper-slide\" role=\"group\" aria-roledescription=\"slide\" aria-label=\"7 of 12\"><figure class=\"swiper-slide-inner\"><img decoding=\"async\" class=\"swiper-slide-image\" src=\"https:\/\/easyfairsassets.com\/sites\/328\/2025\/05\/FACTS-zondag-12h54m28s-TG-768x512.jpg\" alt=\"FACTS zondag - 12h54m28s - TG\" \/><\/figure><\/div><div class=\"swiper-slide\" role=\"group\" aria-roledescription=\"slide\" aria-label=\"8 of 12\"><figure class=\"swiper-slide-inner\"><img decoding=\"async\" class=\"swiper-slide-image\" src=\"https:\/\/easyfairsassets.com\/sites\/328\/2025\/05\/FACTS-ZONDAG-10h56m14s-PW-768x512.jpg\" alt=\"FACTS ZONDAG - 10h56m14s - PW\" \/><\/figure><\/div><div class=\"swiper-slide\" role=\"group\" aria-roledescription=\"slide\" aria-label=\"9 of 12\"><figure class=\"swiper-slide-inner\"><img decoding=\"async\" class=\"swiper-slide-image\" src=\"https:\/\/easyfairsassets.com\/sites\/328\/2025\/05\/Mark-Williams-Wands-Up-FACTS-Fall-2023-768x512.jpg\" alt=\"Mark-Williams-Wands-Up-FACTS-Fall-2023\" \/><\/figure><\/div><div class=\"swiper-slide\" role=\"group\" aria-roledescription=\"slide\" aria-label=\"10 of 12\"><figure class=\"swiper-slide-inner\"><img decoding=\"async\" class=\"swiper-slide-image\" src=\"https:\/\/easyfairsassets.com\/sites\/328\/2025\/05\/Creator-Zone-trinkets-FACTS-Spring-2025-01-768x512.jpg\" alt=\"Creator-Zone-trinkets-FACTS-Spring-2025-01\" \/><\/figure><\/div><div class=\"swiper-slide\" role=\"group\" aria-roledescription=\"slide\" aria-label=\"11 of 12\"><figure class=\"swiper-slide-inner\"><img decoding=\"async\" class=\"swiper-slide-image\" src=\"https:\/\/easyfairsassets.com\/sites\/328\/2025\/05\/Meet-Greet-Ben-Barnes-Sunday-06-768x432.jpeg\" alt=\"Meet &amp; Greet Ben Barnes Sunday 06\" \/><\/figure><\/div><div class=\"swiper-slide\" role=\"group\" aria-roledescription=\"slide\" aria-label=\"12 of 12\"><figure class=\"swiper-slide-inner\"><img decoding=\"async\" class=\"swiper-slide-image\" src=\"https:\/\/easyfairsassets.com\/sites\/328\/2024\/11\/QA-John-Noble-hall-Tomorrowland-theme-768x432.jpg\" alt=\"Q&amp;A-John-Noble-hall-Tomorrowland-theme\" \/><\/figure><\/div>\t\t\t<\/div>\n\t\t\t\t\t\t\t\n\t\t\t\t\t\t\t\t\t<\/div>\n\t\t\t\t\t\t<\/div>\n\t\t\t\t<\/div>\n\t\t\t\t\t<\/div>\n\t\t\t\t<\/div>\n\t\t\t\t<\/div>\n\t\t<div class=\"elementor-element elementor-element-2653bbf e-con-full e-flex e-con e-child\" data-id=\"2653bbf\" data-element_type=\"container\" data-settings=\"{&quot;background_background&quot;:&quot;classic&quot;}\">\n\t\t\t\t<div class=\"elementor-element elementor-element-b34ed31 elementor-widget elementor-widget-heading\" data-id=\"b34ed31\" data-element_type=\"widget\" data-widget_type=\"heading.default\">\n\t\t\t\t<div class=\"elementor-widget-container\">\n\t\t\t\t\t<h2 class=\"elementor-heading-title elementor-size-default\">FACTS, Your Belgian Comic Con<\/h2>\t\t\t\t<\/div>\n\t\t\t\t<\/div>\n\t\t\t\t<div class=\"elementor-element elementor-element-090583c elementor-widget elementor-widget-text-editor\" data-id=\"090583c\" data-element_type=\"widget\" data-widget_type=\"text-editor.default\">\n\t\t\t\t<div class=\"elementor-widget-container\">\n\t\t\t\t\t\t\t\t\t<p>Ici, vous n\u2019\u00eates pas un geek, vous \u00eates un passionn\u00e9.<br \/>Ici, vous n\u2019\u00eates pas un excentrique, vous \u00eates un bon vivant.<br \/>Ici, vous n\u2019\u00eates pas un timbr\u00e9, vous \u00eates un aventurier.<\/p>\n<p>Nous vous souhaitons la bienvenue !<\/p>\n\t\t\t\t\t\t\t\t<\/div>\n\t\t\t\t<\/div>\n\t\t\t\t<\/div>\n\t\t<div class=\"elementor-element elementor-element-a4bbeca e-con-full e-flex e-con e-child\" data-id=\"a4bbeca\" data-element_type=\"container\" data-settings=\"{&quot;background_background&quot;:&quot;classic&quot;}\">\n\t\t\t\t<div class=\"elementor-element elementor-element-e172b2a elementor-widget elementor-widget-heading\" data-id=\"e172b2a\" data-element_type=\"widget\" data-widget_type=\"heading.default\">\n\t\t\t\t<div class=\"elementor-widget-container\">\n\t\t\t\t\t<h2 class=\"elementor-heading-title elementor-size-default\">La prochaine \u00e9dition :<\/h2>\t\t\t\t<\/div>\n\t\t\t\t<\/div>\n\t\t\t\t<div class=\"elementor-element elementor-element-c008a05 elementor-widget elementor-widget-text-editor\" data-id=\"c008a05\" data-element_type=\"widget\" data-widget_type=\"text-editor.default\">\n\t\t\t\t<div class=\"elementor-widget-container\">\n\t\t\t\t\t\t\t\t\t<h2><strong>La prochaine \u00e9dition:<\/strong><\/h2>\n<p><strong>Dates: <\/strong>11-12 avril 2026<strong><br \/>\n<\/strong><strong>Heures d&rsquo;ouverture:<br \/>\nSamedi:<\/strong> 10h &#8211; 19h<br \/><strong>Dimanche:<\/strong> 10h &#8211; 17h<br \/>Les d\u00e9tenteurs de tickets VIP et de Fast Pass pourront entrer dans FACTS \u00e0 09:00h.<\/p>\n\t\t\t\t\t\t\t\t<\/div>\n\t\t\t\t<\/div>\n\t\t\t\t<\/div>\n\t\t\t\t\t<\/div>\n\t\t\t\t<\/div>\n\t\t\t\t<\/div>\n\t\t","protected":false},"excerpt":{"rendered":"<p>FACTS, un univers magique o\u00f9 les fans de culture pop vivent l&rsquo;exp\u00e9rience de leur vie En l\u2019espace d\u2019un week-end, FACTS fera vivre une exp\u00e9rience inoubliable \u00e0 celles et ceux qui souhaitent d\u00e9couvrir le meilleur de ce que le monde de la\u00a0science-fiction et de la fantasy a \u00e0 offrir. Si vous \u00eates fans de comics, de [&hellip;]<\/p>\n","protected":false},"author":949,"featured_media":0,"parent":8158,"menu_order":0,"comment_status":"closed","ping_status":"closed","template":"","meta":{"_seopress_robots_primary_cat":"","_seopress_titles_title":"L'ADN et l'histoire de FACTS, le comic con belge","_seopress_titles_desc":"L'ADN et l'histoire de FACTS, sur un seul page. Plongez dans l'histoire de r\u00e9ussite de 'Your Belgian Comic Con' et d\u00e9couvrez le concept de FACTS.","_seopress_robots_index":"","footnotes":""},"class_list":["post-15730","page","type-page","status-publish","hentry"],"_links":{"self":[{"href":"https:\/\/www.facts.be\/fr\/wp-json\/wp\/v2\/pages\/15730","targetHints":{"allow":["GET"]}}],"collection":[{"href":"https:\/\/www.facts.be\/fr\/wp-json\/wp\/v2\/pages"}],"about":[{"href":"https:\/\/www.facts.be\/fr\/wp-json\/wp\/v2\/types\/page"}],"author":[{"embeddable":true,"href":"https:\/\/www.facts.be\/fr\/wp-json\/wp\/v2\/users\/949"}],"replies":[{"embeddable":true,"href":"https:\/\/www.facts.be\/fr\/wp-json\/wp\/v2\/comments?post=15730"}],"version-history":[{"count":5,"href":"https:\/\/www.facts.be\/fr\/wp-json\/wp\/v2\/pages\/15730\/revisions"}],"predecessor-version":[{"id":64280,"href":"https:\/\/www.facts.be\/fr\/wp-json\/wp\/v2\/pages\/15730\/revisions\/64280"}],"up":[{"embeddable":true,"href":"https:\/\/www.facts.be\/fr\/wp-json\/wp\/v2\/pages\/8158"}],"wp:attachment":[{"href":"https:\/\/www.facts.be\/fr\/wp-json\/wp\/v2\/media?parent=15730"}],"curies":[{"name":"wp","href":"https:\/\/api.w.org\/{rel}","templated":true}]}}