{"id":17190,"date":"2024-06-25T09:06:31","date_gmt":"2024-06-25T07:06:31","guid":{"rendered":"https:\/\/www.facts.be\/activites\/facts-ateliers-panels\/"},"modified":"2026-04-23T11:12:45","modified_gmt":"2026-04-23T09:12:45","slug":"facts-ateliers-panels","status":"publish","type":"page","link":"https:\/\/www.facts.be\/fr\/activites\/facts-ateliers-panels\/","title":{"rendered":"FACTS Ateliers &amp; Panels"},"content":{"rendered":"\t\t<div data-elementor-type=\"wp-page\" data-elementor-id=\"17190\" class=\"elementor elementor-17190 elementor-2195\" data-elementor-post-type=\"page\">\n\t\t\t\t<div class=\"elementor-element elementor-element-f693a75 e-flex e-con-boxed e-con e-parent\" data-id=\"f693a75\" data-element_type=\"container\" data-settings=\"{&quot;background_background&quot;:&quot;gradient&quot;}\">\n\t\t\t\t\t<div class=\"e-con-inner\">\n\t\t<div class=\"elementor-element elementor-element-79651e6 e-con-full e-flex e-con e-child\" data-id=\"79651e6\" data-element_type=\"container\" data-settings=\"{&quot;background_background&quot;:&quot;classic&quot;}\">\n\t\t<div class=\"elementor-element elementor-element-28c351a e-con-full e-flex e-con e-child\" data-id=\"28c351a\" data-element_type=\"container\">\n\t\t<div class=\"elementor-element elementor-element-b7da8dc e-con-full e-flex e-con e-child\" data-id=\"b7da8dc\" data-element_type=\"container\">\n\t\t\t\t<div class=\"elementor-element elementor-element-2a888cf elementor-widget elementor-widget-image\" data-id=\"2a888cf\" data-element_type=\"widget\" data-widget_type=\"image.default\">\n\t\t\t\t<div class=\"elementor-widget-container\">\n\t\t\t\t\t\t\t\t\t\t\t\t\t\t\t<img fetchpriority=\"high\" decoding=\"async\" width=\"500\" height=\"419\" src=\"https:\/\/easyfairsassets.com\/sites\/328\/2024\/06\/FAC21-sprite-character.png\" class=\"attachment-large size-large wp-image-2204\" alt=\"\" srcset=\"https:\/\/easyfairsassets.com\/sites\/328\/2024\/06\/FAC21-sprite-character.png 500w, https:\/\/easyfairsassets.com\/sites\/328\/2024\/06\/FAC21-sprite-character-300x251.png 300w\" sizes=\"(max-width: 500px) 100vw, 500px\" \/>\t\t\t\t\t\t\t\t\t\t\t\t\t\t\t<\/div>\n\t\t\t\t<\/div>\n\t\t\t\t<\/div>\n\t\t<div class=\"elementor-element elementor-element-ca733d4 e-con-full e-flex e-con e-child\" data-id=\"ca733d4\" data-element_type=\"container\">\n\t\t\t\t<div class=\"elementor-element elementor-element-7d1f904 elementor-widget elementor-widget-text-editor\" data-id=\"7d1f904\" data-element_type=\"widget\" data-widget_type=\"text-editor.default\">\n\t\t\t\t<div class=\"elementor-widget-container\">\n\t\t\t\t\t\t\t\t\t<p>Toute une arm\u00e9e d&rsquo;artistes, de fabricants et d&rsquo;autres experts inspir\u00e9s sont pr\u00eats \u00e0 animer des ateliers int\u00e9ressants et \u00e0 r\u00e9v\u00e9ler leurs secrets lors de s\u00e9ances de questions-r\u00e9ponses et de pr\u00e9sentations. Consultez cette page pour savoir dans quel domaine vous aimeriez affiner vos comp\u00e9tences !<\/p>\n\t\t\t\t\t\t\t\t<\/div>\n\t\t\t\t<\/div>\n\t\t<!-- dce invisible element 9ce4192 -->\t\t<\/div>\n\t\t<div class=\"elementor-element elementor-element-0136fde e-con-full elementor-hidden-tablet elementor-hidden-mobile e-flex e-con e-child\" data-id=\"0136fde\" data-element_type=\"container\">\n\t\t\t\t<div class=\"elementor-element elementor-element-91384cd elementor-widget elementor-widget-image\" data-id=\"91384cd\" data-element_type=\"widget\" data-widget_type=\"image.default\">\n\t\t\t\t<div class=\"elementor-widget-container\">\n\t\t\t\t\t\t\t\t\t\t\t\t\t\t\t<img decoding=\"async\" width=\"750\" height=\"530\" src=\"https:\/\/easyfairsassets.com\/sites\/328\/2024\/06\/FAC21-dragon-character.png\" class=\"attachment-large size-large wp-image-2207\" alt=\"\" srcset=\"https:\/\/easyfairsassets.com\/sites\/328\/2024\/06\/FAC21-dragon-character.png 750w, https:\/\/easyfairsassets.com\/sites\/328\/2024\/06\/FAC21-dragon-character-300x212.png 300w\" sizes=\"(max-width: 750px) 100vw, 750px\" \/>\t\t\t\t\t\t\t\t\t\t\t\t\t\t\t<\/div>\n\t\t\t\t<\/div>\n\t\t\t\t<\/div>\n\t\t\t\t<\/div>\n\t\t\t\t<\/div>\n\t\t<div class=\"elementor-element elementor-element-cfc93d5 e-flex e-con-boxed e-con e-child\" data-id=\"cfc93d5\" data-element_type=\"container\">\n\t\t\t\t\t<div class=\"e-con-inner\">\n\t\t<!-- dce invisible element f20e53f -->\t\t\t<\/div>\n\t\t\t\t<\/div>\n\t\t<!-- dce invisible element 1129390 --><div class=\"elementor-element elementor-element-85fa824 e-flex e-con-boxed e-con e-child\" data-id=\"85fa824\" data-element_type=\"container\">\n\t\t\t\t\t<div class=\"e-con-inner\">\n\t\t<!-- dce invisible element e8c0552 --><!-- dce invisible element 988ea65 -->\t\t\t<\/div>\n\t\t\t\t<\/div>\n\t\t<!-- dce invisible element 84f3e8f --><!-- dce invisible element 502c9aa --><!-- dce invisible element 12a6c25 --><!-- dce invisible element 6f2a9ea --><!-- dce invisible element f109c6f --><!-- dce invisible element 9c8a22d --><!-- dce invisible element 403f1d8 --><!-- dce invisible element 89238d0 --><!-- dce invisible element 33b6147 --><div class=\"elementor-element elementor-element-a944ca3 elementor-hidden-desktop elementor-hidden-tablet elementor-hidden-mobile e-flex e-con-boxed e-con e-child\" data-id=\"a944ca3\" data-element_type=\"container\" data-settings=\"{&quot;background_background&quot;:&quot;classic&quot;}\">\n\t\t\t\t\t<div class=\"e-con-inner\">\n\t\t\t\t<div class=\"elementor-element elementor-element-5f16e79 elementor-widget elementor-widget-image\" data-id=\"5f16e79\" data-element_type=\"widget\" data-widget_type=\"image.default\">\n\t\t\t\t<div class=\"elementor-widget-container\">\n\t\t\t\t\t\t\t\t\t\t\t\t\t\t\t<img decoding=\"async\" width=\"300\" height=\"155\" src=\"https:\/\/easyfairsassets.com\/sites\/328\/2024\/06\/Het-Schrijverscollectief-300x155.png\" class=\"attachment-medium size-medium wp-image-1135\" alt=\"\" srcset=\"https:\/\/easyfairsassets.com\/sites\/328\/2024\/06\/Het-Schrijverscollectief-300x155.png 300w, https:\/\/easyfairsassets.com\/sites\/328\/2024\/06\/Het-Schrijverscollectief.png 610w\" sizes=\"(max-width: 300px) 100vw, 300px\" \/>\t\t\t\t\t\t\t\t\t\t\t\t\t\t\t<\/div>\n\t\t\t\t<\/div>\n\t\t\t\t\t<\/div>\n\t\t\t\t<\/div>\n\t\t<div class=\"elementor-element elementor-element-c408351 e-con-full elementor-hidden-desktop elementor-hidden-tablet elementor-hidden-mobile e-flex e-con e-child\" data-id=\"c408351\" data-element_type=\"container\" data-settings=\"{&quot;background_background&quot;:&quot;classic&quot;}\">\n\t\t\t\t<div class=\"elementor-element elementor-element-b00b383 elementor-cta--skin-classic elementor-animated-content elementor-widget elementor-widget-call-to-action\" data-id=\"b00b383\" data-element_type=\"widget\" data-widget_type=\"call-to-action.default\">\n\t\t\t\t<div class=\"elementor-widget-container\">\n\t\t\t\t\t\t\t<div class=\"elementor-cta\">\n\t\t\t\t\t<div class=\"elementor-cta__bg-wrapper\">\n\t\t\t\t<div class=\"elementor-cta__bg elementor-bg\" style=\"background-image: url(https:\/\/easyfairsassets.com\/sites\/328\/2024\/06\/Writing-Workshop-Learning-world-building-techniques-1024x1024.jpg);\" role=\"img\" aria-label=\"Writing-Workshop-Learning-world-building-techniques.jpg\"><\/div>\n\t\t\t\t<div class=\"elementor-cta__bg-overlay\"><\/div>\n\t\t\t<\/div>\n\t\t\t\t\t\t\t\t<\/div>\n\t\t\t\t\t\t<\/div>\n\t\t\t\t<\/div>\n\t\t\t\t<div class=\"elementor-element elementor-element-055b9b1 elementor-widget elementor-widget-heading\" data-id=\"055b9b1\" data-element_type=\"widget\" data-widget_type=\"heading.default\">\n\t\t\t\t<div class=\"elementor-widget-container\">\n\t\t\t\t\t<h2 class=\"elementor-heading-title elementor-size-default\">WORLD-BUILDING TECHNIQUES<\/h2>\t\t\t\t<\/div>\n\t\t\t\t<\/div>\n\t\t\t\t<div class=\"elementor-element elementor-element-baefb10 elementor-widget elementor-widget-text-editor\" data-id=\"baefb10\" data-element_type=\"widget\" data-widget_type=\"text-editor.default\">\n\t\t\t\t<div class=\"elementor-widget-container\">\n\t\t\t\t\t\t\t\t\t<p><span style=\"text-decoration: underline;\"><strong>Participants:<\/strong><\/span><br \/><strong>&#8211; Mathias Maho (Ruiters van de Nacht)<br \/>\n&#8211; Morgan Blade (Muse Academy)<br \/>\n&#8211; Petra Doom (Overstekers)*<br \/>\n<\/strong><strong>&#8211; Pen Stewart (As moderator)<\/strong><em><br \/>\n<\/em><strong><u>Timing:<\/u>\u00a0<\/strong><span style=\"font-size: 15px; font-style: normal;\">Saturday: 11:00h &#8211; 12:00h<\/span><strong><br \/>\n<span style=\"text-decoration: underline;\">What is it about?<\/span><\/strong><br \/>Effective worldbuilding can captivate audiences and draw them deeper into the story, making it an indispensable tool for authors, game designers and other creators.<\/p>\n\t\t\t\t\t\t\t\t<\/div>\n\t\t\t\t<\/div>\n\t\t\t\t<\/div>\n\t\t<div class=\"elementor-element elementor-element-58edfc2 elementor-hidden-desktop elementor-hidden-tablet elementor-hidden-mobile e-flex e-con-boxed e-con e-child\" data-id=\"58edfc2\" data-element_type=\"container\" data-settings=\"{&quot;background_background&quot;:&quot;classic&quot;}\">\n\t\t\t\t\t<div class=\"e-con-inner\">\n\t\t\t\t<div class=\"elementor-element elementor-element-4f5ebe8 elementor-widget elementor-widget-image\" data-id=\"4f5ebe8\" data-element_type=\"widget\" data-widget_type=\"image.default\">\n\t\t\t\t<div class=\"elementor-widget-container\">\n\t\t\t\t\t\t\t\t\t\t\t\t\t\t\t<img loading=\"lazy\" decoding=\"async\" width=\"150\" height=\"150\" src=\"https:\/\/easyfairsassets.com\/sites\/328\/2024\/06\/772d424640-zilverspoor_logo_text-150x150.jpg\" class=\"attachment-thumbnail size-thumbnail wp-image-1138\" alt=\"\" \/>\t\t\t\t\t\t\t\t\t\t\t\t\t\t\t<\/div>\n\t\t\t\t<\/div>\n\t\t\t\t<div class=\"elementor-element elementor-element-bbcc010 elementor-widget elementor-widget-text-editor\" data-id=\"bbcc010\" data-element_type=\"widget\" data-widget_type=\"text-editor.default\">\n\t\t\t\t<div class=\"elementor-widget-container\">\n\t\t\t\t\t\t\t\t\t<ol>\n<li>Workshop: <b>Tegenslag versus conflict in een verhaal\u00a0<\/b><\/li>\n<li>Workshop: <b>Korte verhalen schrijven<\/b><span style=\"font-weight: bold; font-size: 15px; font-style: normal;\">\u00a0<\/span><\/li>\n<li>Workshop: <b>Dieren in een verhaal<\/b><\/li>\n<li>Workshop: <b>De ingredi\u00ebnten van een goed verhaal<\/b><span style=\"font-weight: bold; font-size: 15px; font-style: normal;\">\u00a0<\/span><\/li>\n<\/ol>\n<p>These sessions will be held in Dutch on both days, by Uitgeverij Zilverspoor, in the Workshop area. <a href=\"https:\/\/facts.be\/en\/info\/schedules-floor-plan\/\">Check the schedule for time slots.<\/a><\/p>\n\t\t\t\t\t\t\t\t<\/div>\n\t\t\t\t<\/div>\n\t\t\t\t\t<\/div>\n\t\t\t\t<\/div>\n\t\t<div class=\"elementor-element elementor-element-29e502d elementor-hidden-desktop elementor-hidden-tablet elementor-hidden-mobile e-flex e-con-boxed e-con e-child\" data-id=\"29e502d\" data-element_type=\"container\">\n\t\t\t\t\t<div class=\"e-con-inner\">\n\t\t\t\t<div class=\"elementor-element elementor-element-d051b78 elementor-widget elementor-widget-heading\" data-id=\"d051b78\" data-element_type=\"widget\" data-widget_type=\"heading.default\">\n\t\t\t\t<div class=\"elementor-widget-container\">\n\t\t\t\t\t<h2 class=\"elementor-heading-title elementor-size-default\">Even more<\/h2>\t\t\t\t<\/div>\n\t\t\t\t<\/div>\n\t\t\t\t\t<\/div>\n\t\t\t\t<\/div>\n\t\t<div class=\"elementor-element elementor-element-6461ee8 e-con-full elementor-hidden-desktop elementor-hidden-tablet elementor-hidden-mobile e-flex e-con e-child\" data-id=\"6461ee8\" data-element_type=\"container\" data-settings=\"{&quot;background_background&quot;:&quot;classic&quot;}\">\n\t\t\t\t<div class=\"elementor-element elementor-element-cda44c5 elementor-cta--skin-classic elementor-animated-content elementor-widget elementor-widget-call-to-action\" data-id=\"cda44c5\" data-element_type=\"widget\" data-widget_type=\"call-to-action.default\">\n\t\t\t\t<div class=\"elementor-widget-container\">\n\t\t\t\t\t\t\t<div class=\"elementor-cta\">\n\t\t\t\t\t<div class=\"elementor-cta__bg-wrapper\">\n\t\t\t\t<div class=\"elementor-cta__bg elementor-bg\" style=\"background-image: url(https:\/\/easyfairsassets.com\/sites\/328\/2024\/06\/TeeKay421-Panel-40-Years-Star-Wars-Return-of-the-Jedi-1024x1024.jpg);\" role=\"img\" aria-label=\"TeeKay421-Panel-40-Years-Star-Wars-Return-of-the-Jedi.jpg\"><\/div>\n\t\t\t\t<div class=\"elementor-cta__bg-overlay\"><\/div>\n\t\t\t<\/div>\n\t\t\t\t\t\t\t\t<\/div>\n\t\t\t\t\t\t<\/div>\n\t\t\t\t<\/div>\n\t\t\t\t<div class=\"elementor-element elementor-element-42a801b elementor-widget elementor-widget-heading\" data-id=\"42a801b\" data-element_type=\"widget\" data-widget_type=\"heading.default\">\n\t\t\t\t<div class=\"elementor-widget-container\">\n\t\t\t\t\t<h2 class=\"elementor-heading-title elementor-size-default\">40 Years Return of the Jedi by TeeKay-421<\/h2>\t\t\t\t<\/div>\n\t\t\t\t<\/div>\n\t\t\t\t<div class=\"elementor-element elementor-element-cb9457b elementor-widget elementor-widget-text-editor\" data-id=\"cb9457b\" data-element_type=\"widget\" data-widget_type=\"text-editor.default\">\n\t\t\t\t<div class=\"elementor-widget-container\">\n\t\t\t\t\t\t\t\t\t<p>Star Wars episode VI: Return of the Jedi turns 40 this year. Leave it up to the experts of TeeKay-421 to gather some interesting trivia and facts about this iconic movie.<\/p>\n<p><b>Saturday:<\/b> <strong>12:30h &#8211; 13-30h<\/strong><\/p>\n\t\t\t\t\t\t\t\t<\/div>\n\t\t\t\t<\/div>\n\t\t\t\t<\/div>\n\t\t\t\t\t<\/div>\n\t\t\t\t<\/div>\n\t\t\t\t<\/div>\n\t\t","protected":false},"excerpt":{"rendered":"<p>Toute une arm\u00e9e d&rsquo;artistes, de fabricants et d&rsquo;autres experts inspir\u00e9s sont pr\u00eats \u00e0 animer des ateliers int\u00e9ressants et \u00e0 r\u00e9v\u00e9ler leurs secrets lors de s\u00e9ances de questions-r\u00e9ponses et de pr\u00e9sentations. Consultez cette page pour savoir dans quel domaine vous aimeriez affiner vos comp\u00e9tences ! Colsultez le plan et horaire ici Artist Alley panels\u200b &amp; workshops [&hellip;]<\/p>\n","protected":false},"author":949,"featured_media":0,"parent":5153,"menu_order":0,"comment_status":"closed","ping_status":"closed","template":"","meta":{"_seopress_robots_primary_cat":"","_seopress_titles_title":"FACTS Ateliers & Panels","_seopress_titles_desc":"D\u00e9couvrez les plus grands secrets des grands artistes et experts et apprenez de nouvelles comp\u00e9tences dans des ateliers int\u00e9ressants !","_seopress_robots_index":"","footnotes":""},"class_list":["post-17190","page","type-page","status-publish","hentry"],"_links":{"self":[{"href":"https:\/\/www.facts.be\/fr\/wp-json\/wp\/v2\/pages\/17190","targetHints":{"allow":["GET"]}}],"collection":[{"href":"https:\/\/www.facts.be\/fr\/wp-json\/wp\/v2\/pages"}],"about":[{"href":"https:\/\/www.facts.be\/fr\/wp-json\/wp\/v2\/types\/page"}],"author":[{"embeddable":true,"href":"https:\/\/www.facts.be\/fr\/wp-json\/wp\/v2\/users\/949"}],"replies":[{"embeddable":true,"href":"https:\/\/www.facts.be\/fr\/wp-json\/wp\/v2\/comments?post=17190"}],"version-history":[{"count":5,"href":"https:\/\/www.facts.be\/fr\/wp-json\/wp\/v2\/pages\/17190\/revisions"}],"predecessor-version":[{"id":75021,"href":"https:\/\/www.facts.be\/fr\/wp-json\/wp\/v2\/pages\/17190\/revisions\/75021"}],"up":[{"embeddable":true,"href":"https:\/\/www.facts.be\/fr\/wp-json\/wp\/v2\/pages\/5153"}],"wp:attachment":[{"href":"https:\/\/www.facts.be\/fr\/wp-json\/wp\/v2\/media?parent=17190"}],"curies":[{"name":"wp","href":"https:\/\/api.w.org\/{rel}","templated":true}]}}