{"id":27109,"date":"2024-10-25T01:07:34","date_gmt":"2024-10-24T23:07:34","guid":{"rendered":"https:\/\/www.facts.be\/guide-de-linclusivite-et-de-la-diversite\/"},"modified":"2025-10-07T15:32:16","modified_gmt":"2025-10-07T13:32:16","slug":"guide-de-linclusivite-et-de-la-diversite","status":"publish","type":"page","link":"https:\/\/www.facts.be\/fr\/guide-de-linclusivite-et-de-la-diversite\/","title":{"rendered":"Guide de l&rsquo;inclusivit\u00e9 et de la diversit\u00e9"},"content":{"rendered":"\t\t<div data-elementor-type=\"wp-page\" data-elementor-id=\"27109\" class=\"elementor elementor-27109 elementor-23089\" data-elementor-post-type=\"page\">\n\t\t\t\t<div class=\"elementor-element elementor-element-4c48368 e-flex e-con-boxed e-con e-parent\" data-id=\"4c48368\" data-element_type=\"container\" data-settings=\"{&quot;background_background&quot;:&quot;gradient&quot;}\">\n\t\t\t\t\t<div class=\"e-con-inner\">\n\t\t<div class=\"elementor-element elementor-element-73d850e e-con-full e-flex e-con e-child\" data-id=\"73d850e\" data-element_type=\"container\" data-settings=\"{&quot;background_background&quot;:&quot;classic&quot;}\">\n\t\t<div class=\"elementor-element elementor-element-fa1f4ab e-con-full e-flex e-con e-child\" data-id=\"fa1f4ab\" data-element_type=\"container\">\n\t\t\t\t<div class=\"elementor-element elementor-element-dbbdcb4 elementor-widget elementor-widget-image\" data-id=\"dbbdcb4\" data-element_type=\"widget\" data-widget_type=\"image.default\">\n\t\t\t\t<div class=\"elementor-widget-container\">\n\t\t\t\t\t\t\t\t\t\t\t\t\t\t\t<img fetchpriority=\"high\" decoding=\"async\" width=\"750\" height=\"750\" src=\"https:\/\/easyfairsassets.com\/sites\/328\/2024\/10\/Cosplay-stage-round-01.png\" class=\"attachment-large size-large wp-image-27098\" alt=\"\" srcset=\"https:\/\/easyfairsassets.com\/sites\/328\/2024\/10\/Cosplay-stage-round-01.png 750w, https:\/\/easyfairsassets.com\/sites\/328\/2024\/10\/Cosplay-stage-round-01-300x300.png 300w, https:\/\/easyfairsassets.com\/sites\/328\/2024\/10\/Cosplay-stage-round-01-150x150.png 150w\" sizes=\"(max-width: 750px) 100vw, 750px\" \/>\t\t\t\t\t\t\t\t\t\t\t\t\t\t\t<\/div>\n\t\t\t\t<\/div>\n\t\t\t\t<\/div>\n\t\t<div class=\"elementor-element elementor-element-b920ef8 e-con-full e-flex e-con e-child\" data-id=\"b920ef8\" data-element_type=\"container\">\n\t\t\t\t<div class=\"elementor-element elementor-element-5003adb elementor-widget elementor-widget-text-editor\" data-id=\"5003adb\" data-element_type=\"widget\" data-widget_type=\"text-editor.default\">\n\t\t\t\t<div class=\"elementor-widget-container\">\n\t\t\t\t\t\t\t\t\t<p>\u00c0 FACTS, nous valorisons chaque fan, et nous voulons que chacun puisse ressentir au maximum l\u2019excitation et la magie.<\/p>\n<p>C\u2019est pourquoi nous avons regroup\u00e9\u00a0<strong>toutes les informations pour les personnes ayant un handicap visible ou invisible<\/strong>\u00a0dans un guide pratique intitul\u00e9 \u201cGuide de l\u2019inclusivit\u00e9 et de la diversit\u00e9\u201d. Dans ce guide, vous trouverez plus d\u2019informations sur<\/p>\n<ul>\n<li><strong>Comment planifier votre visite<\/strong>, avec un aper\u00e7u clair \u00e9tape par \u00e9tape<\/li>\n<li><strong>Ce qu\u2019il faut apporter<\/strong>\u00a0(objets sensoriels, cordons , \u00e9tiquettes, etc.)<\/li>\n<li>O\u00f9 trouver des\u00a0<strong>zones calmes<\/strong>\u00a0et comment \u00e9viter la foule<\/li>\n<\/ul>\n<p>et bien plus encore !<\/p>\n\t\t\t\t\t\t\t\t<\/div>\n\t\t\t\t<\/div>\n\t\t\t\t<div class=\"elementor-element elementor-element-52cdcb1 elementor-align-center elementor-widget elementor-widget-button\" data-id=\"52cdcb1\" data-element_type=\"widget\" data-widget_type=\"button.default\">\n\t\t\t\t<div class=\"elementor-widget-container\">\n\t\t\t\t\t\t\t\t\t<div class=\"elementor-button-wrapper\">\n\t\t\t\t\t<a class=\"elementor-button elementor-button-link elementor-size-sm\" href=\"https:\/\/facts.be\/wp-content\/uploads\/sites\/328\/2024\/10\/Heroes_Diversity_Guide_InteractiefSpread_FR.pdf\">\n\t\t\t\t\t\t<span class=\"elementor-button-content-wrapper\">\n\t\t\t\t\t\t\t\t\t<span class=\"elementor-button-text\">T\u00e9l\u00e9chargez le guide<\/span>\n\t\t\t\t\t<\/span>\n\t\t\t\t\t<\/a>\n\t\t\t\t<\/div>\n\t\t\t\t\t\t\t\t<\/div>\n\t\t\t\t<\/div>\n\t\t\t\t<\/div>\n\t\t\t\t<\/div>\n\t\t\t\t\t<\/div>\n\t\t\t\t<\/div>\n\t\t\t\t<\/div>\n\t\t","protected":false},"excerpt":{"rendered":"<p>\u00c0 FACTS, nous valorisons chaque fan, et nous voulons que chacun puisse ressentir au maximum l\u2019excitation et la magie. C\u2019est pourquoi nous avons regroup\u00e9\u00a0toutes les informations pour les personnes ayant un handicap visible ou invisible\u00a0dans un guide pratique intitul\u00e9 \u201cGuide de l\u2019inclusivit\u00e9 et de la diversit\u00e9\u201d. Dans ce guide, vous trouverez plus d\u2019informations sur Comment [&hellip;]<\/p>\n","protected":false},"author":210,"featured_media":0,"parent":0,"menu_order":0,"comment_status":"closed","ping_status":"closed","template":"","meta":{"_seopress_robots_primary_cat":"","_seopress_titles_title":"Guide de l'inclusivit\u00e9 et de la diversit\u00e9","_seopress_titles_desc":"","_seopress_robots_index":"","footnotes":""},"class_list":["post-27109","page","type-page","status-publish","hentry"],"_links":{"self":[{"href":"https:\/\/www.facts.be\/fr\/wp-json\/wp\/v2\/pages\/27109","targetHints":{"allow":["GET"]}}],"collection":[{"href":"https:\/\/www.facts.be\/fr\/wp-json\/wp\/v2\/pages"}],"about":[{"href":"https:\/\/www.facts.be\/fr\/wp-json\/wp\/v2\/types\/page"}],"author":[{"embeddable":true,"href":"https:\/\/www.facts.be\/fr\/wp-json\/wp\/v2\/users\/210"}],"replies":[{"embeddable":true,"href":"https:\/\/www.facts.be\/fr\/wp-json\/wp\/v2\/comments?post=27109"}],"version-history":[{"count":4,"href":"https:\/\/www.facts.be\/fr\/wp-json\/wp\/v2\/pages\/27109\/revisions"}],"predecessor-version":[{"id":57845,"href":"https:\/\/www.facts.be\/fr\/wp-json\/wp\/v2\/pages\/27109\/revisions\/57845"}],"wp:attachment":[{"href":"https:\/\/www.facts.be\/fr\/wp-json\/wp\/v2\/media?parent=27109"}],"curies":[{"name":"wp","href":"https:\/\/api.w.org\/{rel}","templated":true}]}}