{"id":72955,"date":"2026-02-27T16:07:45","date_gmt":"2026-02-27T15:07:45","guid":{"rendered":"https:\/\/www.facts.be\/la-zone-rpg\/"},"modified":"2026-04-23T17:42:28","modified_gmt":"2026-04-23T15:42:28","slug":"la-zone-rpg","status":"publish","type":"page","link":"https:\/\/www.facts.be\/fr\/la-zone-rpg\/","title":{"rendered":"La Zone RPG"},"content":{"rendered":"\t\t<div data-elementor-type=\"wp-page\" data-elementor-id=\"72955\" class=\"elementor elementor-72955 elementor-72837\" data-elementor-post-type=\"page\">\n\t\t\t\t<div class=\"elementor-element elementor-element-a376079 e-flex e-con-boxed e-con e-parent\" data-id=\"a376079\" data-element_type=\"container\" data-settings=\"{&quot;background_background&quot;:&quot;gradient&quot;}\">\n\t\t\t\t\t<div class=\"e-con-inner\">\n\t\t<div class=\"elementor-element elementor-element-de648de e-con-full e-flex e-con e-child\" data-id=\"de648de\" data-element_type=\"container\">\n\t\t<div class=\"elementor-element elementor-element-b049f23 e-con-full e-flex e-con e-child\" data-id=\"b049f23\" data-element_type=\"container\" data-settings=\"{&quot;background_background&quot;:&quot;classic&quot;}\">\n\t\t<div class=\"elementor-element elementor-element-6e1b613 e-con-full e-flex e-con e-child\" data-id=\"6e1b613\" data-element_type=\"container\">\n\t\t\t\t<div class=\"elementor-element elementor-element-cb265a5 elementor-widget elementor-widget-image\" data-id=\"cb265a5\" data-element_type=\"widget\" data-widget_type=\"image.default\">\n\t\t\t\t<div class=\"elementor-widget-container\">\n\t\t\t\t\t\t\t\t\t\t\t\t\t\t\t<img fetchpriority=\"high\" decoding=\"async\" width=\"441\" height=\"457\" src=\"https:\/\/easyfairsassets.com\/sites\/328\/2026\/02\/Character-portrait-pop-out-Caligo-FACTS-v2-1.png\" class=\"attachment-full size-full wp-image-72855\" alt=\"\" srcset=\"https:\/\/easyfairsassets.com\/sites\/328\/2026\/02\/Character-portrait-pop-out-Caligo-FACTS-v2-1.png 441w, https:\/\/easyfairsassets.com\/sites\/328\/2026\/02\/Character-portrait-pop-out-Caligo-FACTS-v2-1-289x300.png 289w\" sizes=\"(max-width: 441px) 100vw, 441px\" \/>\t\t\t\t\t\t\t\t\t\t\t\t\t\t\t<\/div>\n\t\t\t\t<\/div>\n\t\t\t\t<\/div>\n\t\t<div class=\"elementor-element elementor-element-63b1b60 e-con-full e-flex e-con e-child\" data-id=\"63b1b60\" data-element_type=\"container\">\n\t\t\t\t<div class=\"elementor-element elementor-element-9c58760 elementor-widget elementor-widget-heading\" data-id=\"9c58760\" data-element_type=\"widget\" data-widget_type=\"heading.default\">\n\t\t\t\t<div class=\"elementor-widget-container\">\n\t\t\t\t\t<h2 class=\"elementor-heading-title elementor-size-default\">Bienvenue dans la zone RPG !<\/h2>\t\t\t\t<\/div>\n\t\t\t\t<\/div>\n\t\t\t\t<div class=\"elementor-element elementor-element-1d99f4d elementor-widget elementor-widget-text-editor\" data-id=\"1d99f4d\" data-element_type=\"widget\" data-widget_type=\"text-editor.default\">\n\t\t\t\t<div class=\"elementor-widget-container\">\n\t\t\t\t\t\t\t\t\t<p>Entrez dans une zone nouvelle et am\u00e9lior\u00e9e o\u00f9 pirates, chevaliers, elfes et mages se sont rassembl\u00e9s pour vivre des exp\u00e9riences de jeux de r\u00f4le uniques.<\/p>\n\t\t\t\t\t\t\t\t<\/div>\n\t\t\t\t<\/div>\n\t\t\t\t<\/div>\n\t\t<div class=\"elementor-element elementor-element-bff64f8 e-con-full e-flex e-con e-child\" data-id=\"bff64f8\" data-element_type=\"container\">\n\t\t\t\t<div class=\"elementor-element elementor-element-53315f9 elementor-widget elementor-widget-image\" data-id=\"53315f9\" data-element_type=\"widget\" data-widget_type=\"image.default\">\n\t\t\t\t<div class=\"elementor-widget-container\">\n\t\t\t\t\t\t\t\t\t\t\t\t\t\t\t<img decoding=\"async\" width=\"362\" height=\"471\" src=\"https:\/\/easyfairsassets.com\/sites\/328\/2026\/02\/Character-portrait-pop-out-Flux-FACTS.png\" class=\"attachment-full size-full wp-image-72846\" alt=\"\" srcset=\"https:\/\/easyfairsassets.com\/sites\/328\/2026\/02\/Character-portrait-pop-out-Flux-FACTS.png 362w, https:\/\/easyfairsassets.com\/sites\/328\/2026\/02\/Character-portrait-pop-out-Flux-FACTS-231x300.png 231w\" sizes=\"(max-width: 362px) 100vw, 362px\" \/>\t\t\t\t\t\t\t\t\t\t\t\t\t\t\t<\/div>\n\t\t\t\t<\/div>\n\t\t\t\t<\/div>\n\t\t\t\t<\/div>\n\t\t\t\t<\/div>\n\t\t\t\t\t<\/div>\n\t\t\t\t<\/div>\n\t\t<!-- dce invisible element fe57440 --><!-- dce invisible element f3b0ecd --><!-- dce invisible element 7d10470 -->\t\t<\/div>\n\t\t","protected":false},"excerpt":{"rendered":"<p>Bienvenue dans la zone RPG ! Entrez dans une zone nouvelle et am\u00e9lior\u00e9e o\u00f9 pirates, chevaliers, elfes et mages se sont rassembl\u00e9s pour vivre des exp\u00e9riences de jeux de r\u00f4le uniques. Vendeurs de la zone RPG Alissa&rsquo;s Craftings Bijoux artisanaux, fabriqu\u00e9s selon des techniques anciennes datant du Moyen \u00c2ge, mais avec une touche de modernit\u00e9. [&hellip;]<\/p>\n","protected":false},"author":210,"featured_media":0,"parent":0,"menu_order":0,"comment_status":"closed","ping_status":"closed","template":"","meta":{"_seopress_robots_primary_cat":"","_seopress_titles_title":"","_seopress_titles_desc":"","_seopress_robots_index":"","footnotes":""},"class_list":["post-72955","page","type-page","status-publish","hentry"],"_links":{"self":[{"href":"https:\/\/www.facts.be\/fr\/wp-json\/wp\/v2\/pages\/72955","targetHints":{"allow":["GET"]}}],"collection":[{"href":"https:\/\/www.facts.be\/fr\/wp-json\/wp\/v2\/pages"}],"about":[{"href":"https:\/\/www.facts.be\/fr\/wp-json\/wp\/v2\/types\/page"}],"author":[{"embeddable":true,"href":"https:\/\/www.facts.be\/fr\/wp-json\/wp\/v2\/users\/210"}],"replies":[{"embeddable":true,"href":"https:\/\/www.facts.be\/fr\/wp-json\/wp\/v2\/comments?post=72955"}],"version-history":[{"count":4,"href":"https:\/\/www.facts.be\/fr\/wp-json\/wp\/v2\/pages\/72955\/revisions"}],"predecessor-version":[{"id":75205,"href":"https:\/\/www.facts.be\/fr\/wp-json\/wp\/v2\/pages\/72955\/revisions\/75205"}],"wp:attachment":[{"href":"https:\/\/www.facts.be\/fr\/wp-json\/wp\/v2\/media?parent=72955"}],"curies":[{"name":"wp","href":"https:\/\/api.w.org\/{rel}","templated":true}]}}