{"id":8132,"date":"2024-06-25T09:18:46","date_gmt":"2024-06-25T07:18:46","guid":{"rendered":"https:\/\/www.facts.be\/activites\/le-gaming-hall\/"},"modified":"2026-04-23T11:22:51","modified_gmt":"2026-04-23T09:22:51","slug":"le-gaming-hall","status":"publish","type":"page","link":"https:\/\/www.facts.be\/fr\/activites\/le-gaming-hall\/","title":{"rendered":"Gaming \u00e0 FACTS"},"content":{"rendered":"\t\t<div data-elementor-type=\"wp-page\" data-elementor-id=\"8132\" class=\"elementor elementor-8132 elementor-2430\" data-elementor-post-type=\"page\">\n\t\t\t\t<div class=\"elementor-element elementor-element-edd77df e-flex e-con-boxed e-con e-parent\" data-id=\"edd77df\" data-element_type=\"container\" data-settings=\"{&quot;background_background&quot;:&quot;gradient&quot;}\">\n\t\t\t\t\t<div class=\"e-con-inner\">\n\t\t<div class=\"elementor-element elementor-element-564341b e-con-full e-flex e-con e-child\" data-id=\"564341b\" data-element_type=\"container\" data-settings=\"{&quot;background_background&quot;:&quot;classic&quot;}\">\n\t\t<div class=\"elementor-element elementor-element-f449429 e-con-full e-flex e-con e-child\" data-id=\"f449429\" data-element_type=\"container\">\n\t\t<div class=\"elementor-element elementor-element-cb4caed e-con-full e-flex e-con e-child\" data-id=\"cb4caed\" data-element_type=\"container\">\n\t\t\t\t<div class=\"elementor-element elementor-element-6b07c6a elementor-widget elementor-widget-image\" data-id=\"6b07c6a\" data-element_type=\"widget\" data-widget_type=\"image.default\">\n\t\t\t\t<div class=\"elementor-widget-container\">\n\t\t\t\t\t\t\t\t\t\t\t\t\t\t\t<img fetchpriority=\"high\" decoding=\"async\" width=\"600\" height=\"393\" src=\"https:\/\/easyfairsassets.com\/sites\/328\/2024\/06\/FAC21-spaceship-character.png\" class=\"attachment-full size-full wp-image-327\" alt=\"\" srcset=\"https:\/\/easyfairsassets.com\/sites\/328\/2024\/06\/FAC21-spaceship-character.png 600w, https:\/\/easyfairsassets.com\/sites\/328\/2024\/06\/FAC21-spaceship-character-300x197.png 300w\" sizes=\"(max-width: 600px) 100vw, 600px\" \/>\t\t\t\t\t\t\t\t\t\t\t\t\t\t\t<\/div>\n\t\t\t\t<\/div>\n\t\t\t\t<\/div>\n\t\t<div class=\"elementor-element elementor-element-9991d87 e-con-full e-flex e-con e-child\" data-id=\"9991d87\" data-element_type=\"container\">\n\t\t\t\t<div class=\"elementor-element elementor-element-45bef5d elementor-widget elementor-widget-heading\" data-id=\"45bef5d\" data-element_type=\"widget\" data-widget_type=\"heading.default\">\n\t\t\t\t<div class=\"elementor-widget-container\">\n\t\t\t\t\t<h2 class=\"elementor-heading-title elementor-size-default\">Nombreuses exp\u00e9riences de jeu !<\/h2>\t\t\t\t<\/div>\n\t\t\t\t<\/div>\n\t\t\t\t<div class=\"elementor-element elementor-element-a4a1dc2 elementor-widget elementor-widget-text-editor\" data-id=\"a4a1dc2\" data-element_type=\"widget\" data-widget_type=\"text-editor.default\">\n\t\t\t\t<div class=\"elementor-widget-container\">\n\t\t\t\t\t\t\t\t\t<p>R\u00e9trogaming, nouveaux jeux, d\u00e9mos en avant-premi\u00e8re, r\u00e9alit\u00e9 virtuelle, de l\u2019arcade : de quoi plaire \u00e0 toutes les g\u00e9n\u00e9rations !<\/p>\n<p>Venez et profitez !<\/p>\n\t\t\t\t\t\t\t\t<\/div>\n\t\t\t\t<\/div>\n\t\t\t\t<\/div>\n\t\t<div class=\"elementor-element elementor-element-c455763 e-con-full elementor-hidden-tablet elementor-hidden-mobile e-flex e-con e-child\" data-id=\"c455763\" data-element_type=\"container\">\n\t\t\t\t<div class=\"elementor-element elementor-element-9621a82 elementor-widget elementor-widget-image\" data-id=\"9621a82\" data-element_type=\"widget\" data-widget_type=\"image.default\">\n\t\t\t\t<div class=\"elementor-widget-container\">\n\t\t\t\t\t\t\t\t\t\t\t\t\t\t\t<img decoding=\"async\" width=\"500\" height=\"418\" src=\"https:\/\/easyfairsassets.com\/sites\/328\/2024\/06\/FAC21-flying-robot-character.png\" class=\"attachment-full size-full wp-image-676\" alt=\"\" srcset=\"https:\/\/easyfairsassets.com\/sites\/328\/2024\/06\/FAC21-flying-robot-character.png 500w, https:\/\/easyfairsassets.com\/sites\/328\/2024\/06\/FAC21-flying-robot-character-300x251.png 300w\" sizes=\"(max-width: 500px) 100vw, 500px\" \/>\t\t\t\t\t\t\t\t\t\t\t\t\t\t\t<\/div>\n\t\t\t\t<\/div>\n\t\t\t\t<\/div>\n\t\t\t\t<\/div>\n\t\t\t\t<\/div>\n\t\t<!-- dce invisible element e958d54 --><!-- dce invisible element 601940d --><!-- dce invisible element 6118ef8 --><div class=\"elementor-element elementor-element-700b3b6 e-con-full e-flex e-con e-child\" data-id=\"700b3b6\" data-element_type=\"container\" data-settings=\"{&quot;background_background&quot;:&quot;classic&quot;}\">\n\t\t<div class=\"elementor-element elementor-element-ee01a50 e-con-full e-flex e-con e-child\" data-id=\"ee01a50\" data-element_type=\"container\">\n\t\t<div class=\"elementor-element elementor-element-be9d744 e-con-full e-flex e-con e-child\" data-id=\"be9d744\" data-element_type=\"container\">\n\t\t\t\t<div class=\"elementor-element elementor-element-a223ca1 elementor-widget elementor-widget-image\" data-id=\"a223ca1\" data-element_type=\"widget\" data-widget_type=\"image.default\">\n\t\t\t\t<div class=\"elementor-widget-container\">\n\t\t\t\t\t\t\t\t\t\t\t\t\t\t\t<img decoding=\"async\" width=\"800\" height=\"534\" src=\"https:\/\/easyfairsassets.com\/sites\/328\/2024\/06\/Gaming-Hall-VR-Games-FACTS-Fall-2019.jpg\" class=\"attachment-large size-large wp-image-718\" alt=\"\" srcset=\"https:\/\/easyfairsassets.com\/sites\/328\/2024\/06\/Gaming-Hall-VR-Games-FACTS-Fall-2019.jpg 1000w, https:\/\/easyfairsassets.com\/sites\/328\/2024\/06\/Gaming-Hall-VR-Games-FACTS-Fall-2019-300x200.jpg 300w, https:\/\/easyfairsassets.com\/sites\/328\/2024\/06\/Gaming-Hall-VR-Games-FACTS-Fall-2019-768x512.jpg 768w\" sizes=\"(max-width: 800px) 100vw, 800px\" \/>\t\t\t\t\t\t\t\t\t\t\t\t\t\t\t<\/div>\n\t\t\t\t<\/div>\n\t\t\t\t<\/div>\n\t\t<div class=\"elementor-element elementor-element-37fc177 e-con-full e-flex e-con e-child\" data-id=\"37fc177\" data-element_type=\"container\">\n\t\t\t\t<div class=\"elementor-element elementor-element-696ce41 elementor-widget elementor-widget-image\" data-id=\"696ce41\" data-element_type=\"widget\" data-widget_type=\"image.default\">\n\t\t\t\t<div class=\"elementor-widget-container\">\n\t\t\t\t\t\t\t\t\t\t\t\t\t\t\t<img loading=\"lazy\" decoding=\"async\" width=\"750\" height=\"500\" src=\"https:\/\/easyfairsassets.com\/sites\/328\/2024\/05\/Gaming-PlayStation-Sony-FACTS-Fall-2023.jpg\" class=\"attachment-large size-large wp-image-119\" alt=\"\" srcset=\"https:\/\/easyfairsassets.com\/sites\/328\/2024\/05\/Gaming-PlayStation-Sony-FACTS-Fall-2023.jpg 750w, https:\/\/easyfairsassets.com\/sites\/328\/2024\/05\/Gaming-PlayStation-Sony-FACTS-Fall-2023-300x200.jpg 300w\" sizes=\"(max-width: 750px) 100vw, 750px\" \/>\t\t\t\t\t\t\t\t\t\t\t\t\t\t\t<\/div>\n\t\t\t\t<\/div>\n\t\t\t\t<\/div>\n\t\t<div class=\"elementor-element elementor-element-11843d8 e-con-full e-flex e-con e-child\" data-id=\"11843d8\" data-element_type=\"container\">\n\t\t\t\t<div class=\"elementor-element elementor-element-0ae7a4d elementor-widget elementor-widget-image\" data-id=\"0ae7a4d\" data-element_type=\"widget\" data-widget_type=\"image.default\">\n\t\t\t\t<div class=\"elementor-widget-container\">\n\t\t\t\t\t\t\t\t\t\t\t\t\t\t\t<img loading=\"lazy\" decoding=\"async\" width=\"800\" height=\"534\" src=\"https:\/\/easyfairsassets.com\/sites\/328\/2024\/06\/Gaming-Hall-PC-LoL-FACTS-Fall-2019.jpg\" class=\"attachment-large size-large wp-image-2487\" alt=\"\" srcset=\"https:\/\/easyfairsassets.com\/sites\/328\/2024\/06\/Gaming-Hall-PC-LoL-FACTS-Fall-2019.jpg 1000w, https:\/\/easyfairsassets.com\/sites\/328\/2024\/06\/Gaming-Hall-PC-LoL-FACTS-Fall-2019-300x200.jpg 300w, https:\/\/easyfairsassets.com\/sites\/328\/2024\/06\/Gaming-Hall-PC-LoL-FACTS-Fall-2019-768x512.jpg 768w\" sizes=\"(max-width: 800px) 100vw, 800px\" \/>\t\t\t\t\t\t\t\t\t\t\t\t\t\t\t<\/div>\n\t\t\t\t<\/div>\n\t\t\t\t<\/div>\n\t\t<div class=\"elementor-element elementor-element-3a3505c e-con-full e-flex e-con e-child\" data-id=\"3a3505c\" data-element_type=\"container\">\n\t\t\t\t<div class=\"elementor-element elementor-element-0a3c2fd elementor-widget elementor-widget-image\" data-id=\"0a3c2fd\" data-element_type=\"widget\" data-widget_type=\"image.default\">\n\t\t\t\t<div class=\"elementor-widget-container\">\n\t\t\t\t\t\t\t\t\t\t\t\t\t\t\t<img loading=\"lazy\" decoding=\"async\" width=\"800\" height=\"534\" src=\"https:\/\/easyfairsassets.com\/sites\/328\/2024\/06\/Gaming-Hall-Nintendo-Luigi-FACTS-Fall-2019.jpg\" class=\"attachment-large size-large wp-image-2490\" alt=\"\" srcset=\"https:\/\/easyfairsassets.com\/sites\/328\/2024\/06\/Gaming-Hall-Nintendo-Luigi-FACTS-Fall-2019.jpg 1000w, https:\/\/easyfairsassets.com\/sites\/328\/2024\/06\/Gaming-Hall-Nintendo-Luigi-FACTS-Fall-2019-300x200.jpg 300w, https:\/\/easyfairsassets.com\/sites\/328\/2024\/06\/Gaming-Hall-Nintendo-Luigi-FACTS-Fall-2019-768x512.jpg 768w\" sizes=\"(max-width: 800px) 100vw, 800px\" \/>\t\t\t\t\t\t\t\t\t\t\t\t\t\t\t<\/div>\n\t\t\t\t<\/div>\n\t\t\t\t<\/div>\n\t\t<div class=\"elementor-element elementor-element-eefccbf e-con-full e-flex e-con e-child\" data-id=\"eefccbf\" data-element_type=\"container\">\n\t\t\t\t<div class=\"elementor-element elementor-element-ea082e5 elementor-widget elementor-widget-image\" data-id=\"ea082e5\" data-element_type=\"widget\" data-widget_type=\"image.default\">\n\t\t\t\t<div class=\"elementor-widget-container\">\n\t\t\t\t\t\t\t\t\t\t\t\t\t\t\t<img loading=\"lazy\" decoding=\"async\" width=\"800\" height=\"534\" src=\"https:\/\/easyfairsassets.com\/sites\/328\/2024\/06\/Samsung-Gaming-Booth-FACTS-Fall-2023-01.jpg\" class=\"attachment-large size-large wp-image-703\" alt=\"\" srcset=\"https:\/\/easyfairsassets.com\/sites\/328\/2024\/06\/Samsung-Gaming-Booth-FACTS-Fall-2023-01.jpg 1000w, https:\/\/easyfairsassets.com\/sites\/328\/2024\/06\/Samsung-Gaming-Booth-FACTS-Fall-2023-01-300x200.jpg 300w, https:\/\/easyfairsassets.com\/sites\/328\/2024\/06\/Samsung-Gaming-Booth-FACTS-Fall-2023-01-768x512.jpg 768w\" sizes=\"(max-width: 800px) 100vw, 800px\" \/>\t\t\t\t\t\t\t\t\t\t\t\t\t\t\t<\/div>\n\t\t\t\t<\/div>\n\t\t\t\t<\/div>\n\t\t<div class=\"elementor-element elementor-element-6a2d4a9 e-con-full e-flex e-con e-child\" data-id=\"6a2d4a9\" data-element_type=\"container\">\n\t\t\t\t<div class=\"elementor-element elementor-element-208af10 elementor-widget elementor-widget-image\" data-id=\"208af10\" data-element_type=\"widget\" data-widget_type=\"image.default\">\n\t\t\t\t<div class=\"elementor-widget-container\">\n\t\t\t\t\t\t\t\t\t\t\t\t\t\t\t<img loading=\"lazy\" decoding=\"async\" width=\"800\" height=\"534\" src=\"https:\/\/easyfairsassets.com\/sites\/328\/2024\/06\/Gaming-Hall-Arcade-FACTS-Fall-2019.jpg\" class=\"attachment-large size-large wp-image-926\" alt=\"\" srcset=\"https:\/\/easyfairsassets.com\/sites\/328\/2024\/06\/Gaming-Hall-Arcade-FACTS-Fall-2019.jpg 1000w, https:\/\/easyfairsassets.com\/sites\/328\/2024\/06\/Gaming-Hall-Arcade-FACTS-Fall-2019-300x200.jpg 300w, https:\/\/easyfairsassets.com\/sites\/328\/2024\/06\/Gaming-Hall-Arcade-FACTS-Fall-2019-768x512.jpg 768w\" sizes=\"(max-width: 800px) 100vw, 800px\" \/>\t\t\t\t\t\t\t\t\t\t\t\t\t\t\t<\/div>\n\t\t\t\t<\/div>\n\t\t\t\t<\/div>\n\t\t\t\t<\/div>\n\t\t\t\t<\/div>\n\t\t\t\t\t<\/div>\n\t\t\t\t<\/div>\n\t\t\t\t<\/div>\n\t\t","protected":false},"excerpt":{"rendered":"<p>Nombreuses exp\u00e9riences de jeu ! R\u00e9trogaming, nouveaux jeux, d\u00e9mos en avant-premi\u00e8re, r\u00e9alit\u00e9 virtuelle, de l\u2019arcade : de quoi plaire \u00e0 toutes les g\u00e9n\u00e9rations ! Venez et profitez ! VIDEO GAMES &amp; TECHNOLOGY Don&rsquo;t try this at home Technopolis est de retour avec son spectacle enflamm\u00e9 ! Pr\u00e9parez-vous \u00e0 lancer des boules de feu dans un [&hellip;]<\/p>\n","protected":false},"author":949,"featured_media":0,"parent":5153,"menu_order":0,"comment_status":"closed","ping_status":"closed","template":"","meta":{"_seopress_robots_primary_cat":"","_seopress_titles_title":"Gaming \u00e0 FACTS","_seopress_titles_desc":"Dans les zones gaming de FACTS, vous plongerez dans de nombreuses exp\u00e9riences de jeu ! Venez et profitez ! ","_seopress_robots_index":"","footnotes":""},"class_list":["post-8132","page","type-page","status-publish","hentry"],"_links":{"self":[{"href":"https:\/\/www.facts.be\/fr\/wp-json\/wp\/v2\/pages\/8132","targetHints":{"allow":["GET"]}}],"collection":[{"href":"https:\/\/www.facts.be\/fr\/wp-json\/wp\/v2\/pages"}],"about":[{"href":"https:\/\/www.facts.be\/fr\/wp-json\/wp\/v2\/types\/page"}],"author":[{"embeddable":true,"href":"https:\/\/www.facts.be\/fr\/wp-json\/wp\/v2\/users\/949"}],"replies":[{"embeddable":true,"href":"https:\/\/www.facts.be\/fr\/wp-json\/wp\/v2\/comments?post=8132"}],"version-history":[{"count":5,"href":"https:\/\/www.facts.be\/fr\/wp-json\/wp\/v2\/pages\/8132\/revisions"}],"predecessor-version":[{"id":75031,"href":"https:\/\/www.facts.be\/fr\/wp-json\/wp\/v2\/pages\/8132\/revisions\/75031"}],"up":[{"embeddable":true,"href":"https:\/\/www.facts.be\/fr\/wp-json\/wp\/v2\/pages\/5153"}],"wp:attachment":[{"href":"https:\/\/www.facts.be\/fr\/wp-json\/wp\/v2\/media?parent=8132"}],"curies":[{"name":"wp","href":"https:\/\/api.w.org\/{rel}","templated":true}]}}