{"id":8138,"date":"2024-06-27T09:37:32","date_gmt":"2024-06-27T07:37:32","guid":{"rendered":"https:\/\/www.facts.be\/devenez-un-exposant-a-facts\/"},"modified":"2026-04-21T11:47:48","modified_gmt":"2026-04-21T09:47:48","slug":"devenez-un-exposant-a-facts","status":"publish","type":"page","link":"https:\/\/www.facts.be\/fr\/devenez-un-exposant-a-facts\/","title":{"rendered":"Devenez un exposant \u00e0 FACTS !"},"content":{"rendered":"\t\t<div data-elementor-type=\"wp-page\" data-elementor-id=\"8138\" class=\"elementor elementor-8138 elementor-3009\" data-elementor-post-type=\"page\">\n\t\t\t\t<div class=\"elementor-element elementor-element-4d2a882 e-flex e-con-boxed e-con e-parent\" data-id=\"4d2a882\" data-element_type=\"container\" data-settings=\"{&quot;background_background&quot;:&quot;gradient&quot;}\">\n\t\t\t\t\t<div class=\"e-con-inner\">\n\t\t<div class=\"elementor-element elementor-element-cddf7fd e-con-full e-flex e-con e-child\" data-id=\"cddf7fd\" data-element_type=\"container\" data-settings=\"{&quot;background_background&quot;:&quot;classic&quot;}\">\n\t\t<div class=\"elementor-element elementor-element-19a5a73 e-con-full e-flex e-con e-child\" data-id=\"19a5a73\" data-element_type=\"container\">\n\t\t<div class=\"elementor-element elementor-element-a89ae8f e-con-full e-flex e-con e-child\" data-id=\"a89ae8f\" data-element_type=\"container\">\n\t\t\t\t<div class=\"elementor-element elementor-element-ad10a46 elementor-widget elementor-widget-image\" data-id=\"ad10a46\" data-element_type=\"widget\" data-widget_type=\"image.default\">\n\t\t\t\t<div class=\"elementor-widget-container\">\n\t\t\t\t\t\t\t\t\t\t\t\t\t\t\t<img fetchpriority=\"high\" decoding=\"async\" width=\"500\" height=\"599\" src=\"https:\/\/easyfairsassets.com\/sites\/328\/2024\/06\/FRANK-E-FACS24-website.png\" class=\"attachment-large size-large wp-image-447\" alt=\"\" srcset=\"https:\/\/easyfairsassets.com\/sites\/328\/2024\/06\/FRANK-E-FACS24-website.png 500w, https:\/\/easyfairsassets.com\/sites\/328\/2024\/06\/FRANK-E-FACS24-website-250x300.png 250w\" sizes=\"(max-width: 500px) 100vw, 500px\" \/>\t\t\t\t\t\t\t\t\t\t\t\t\t\t\t<\/div>\n\t\t\t\t<\/div>\n\t\t\t\t<\/div>\n\t\t<div class=\"elementor-element elementor-element-e52f788 e-con-full e-flex e-con e-child\" data-id=\"e52f788\" data-element_type=\"container\">\n\t\t\t\t<div class=\"elementor-element elementor-element-dc07d69 elementor-widget elementor-widget-heading\" data-id=\"dc07d69\" data-element_type=\"widget\" data-widget_type=\"heading.default\">\n\t\t\t\t<div class=\"elementor-widget-container\">\n\t\t\t\t\t<h2 class=\"elementor-heading-title elementor-size-default\">Conditions g\u00e9n\u00e9rales pour les exposants de FACTS<\/h2>\t\t\t\t<\/div>\n\t\t\t\t<\/div>\n\t\t\t\t<div class=\"elementor-element elementor-element-fc46202 elementor-align-left elementor-widget elementor-widget-button\" data-id=\"fc46202\" data-element_type=\"widget\" data-widget_type=\"button.default\">\n\t\t\t\t<div class=\"elementor-widget-container\">\n\t\t\t\t\t\t\t\t\t<div class=\"elementor-button-wrapper\">\n\t\t\t\t\t<a class=\"elementor-button elementor-button-link elementor-size-sm\" href=\"https:\/\/www.easyfairsgroup.com\/general-terms-conditions\/\">\n\t\t\t\t\t\t<span class=\"elementor-button-content-wrapper\">\n\t\t\t\t\t\t\t\t\t<span class=\"elementor-button-text\">Termes &amp; conditions<\/span>\n\t\t\t\t\t<\/span>\n\t\t\t\t\t<\/a>\n\t\t\t\t<\/div>\n\t\t\t\t\t\t\t\t<\/div>\n\t\t\t\t<\/div>\n\t\t\t\t<div class=\"elementor-element elementor-element-b80a17e elementor-widget elementor-widget-heading\" data-id=\"b80a17e\" data-element_type=\"widget\" data-widget_type=\"heading.default\">\n\t\t\t\t<div class=\"elementor-widget-container\">\n\t\t\t\t\t<h3 class=\"elementor-heading-title elementor-size-default\">FACTS Exhibiting Enquiry<\/h3>\t\t\t\t<\/div>\n\t\t\t\t<\/div>\n\t\t\t\t<div class=\"elementor-element elementor-element-35e39c3 elementor-widget elementor-widget-text-editor\" data-id=\"35e39c3\" data-element_type=\"widget\" data-widget_type=\"text-editor.default\">\n\t\t\t\t<div class=\"elementor-widget-container\">\n\t\t\t\t\t\t\t\t\t<p>Cher exposant FACTS : bonne nouvelle ! Vous pouvez vous inscrire \u00e0 FACTS <strong>(31 octobre &#8211; 1 novembre 2026)<\/strong> ! Remplissez cette demande si vous \u00eates int\u00e9ress\u00e9. Apr\u00e8s v\u00e9rification de votre r\u00e9ponse, l&rsquo;\u00e9quipe de FACTS vous enverra un bon de commande par e-mail dans les plus brefs d\u00e9lais. Nous esp\u00e9rons vous voir \u00e0 FACTS !<\/p>\n<p>Ne vous inqui\u00e9tez pas : ce n&rsquo;est que la premi\u00e8re \u00e9tape, sans engagement, de la proc\u00e9dure. D\u00e8s que nos coll\u00e8gues auront re\u00e7u vos informations par le biais de ce formulaire, ils vous enverront les documents et les prix demand\u00e9s. Une fois que vous aurez sign\u00e9 et nous aurez renvoy\u00e9 ces documents, vous serez inscrit.<\/p>\n\t\t\t\t\t\t\t\t<\/div>\n\t\t\t\t<\/div>\n\t\t\t\t<\/div>\n\t\t<div class=\"elementor-element elementor-element-e22ac01 e-con-full elementor-hidden-tablet elementor-hidden-mobile e-flex e-con e-child\" data-id=\"e22ac01\" data-element_type=\"container\">\n\t\t\t\t<div class=\"elementor-element elementor-element-e3efec1 elementor-widget elementor-widget-image\" data-id=\"e3efec1\" data-element_type=\"widget\" data-widget_type=\"image.default\">\n\t\t\t\t<div class=\"elementor-widget-container\">\n\t\t\t\t\t\t\t\t\t\t\t\t\t\t\t<img decoding=\"async\" width=\"498\" height=\"750\" src=\"https:\/\/easyfairsassets.com\/sites\/328\/2024\/05\/The-Archivist-FACTS-character-web.png\" class=\"attachment-large size-large wp-image-59\" alt=\"\" srcset=\"https:\/\/easyfairsassets.com\/sites\/328\/2024\/05\/The-Archivist-FACTS-character-web.png 498w, https:\/\/easyfairsassets.com\/sites\/328\/2024\/05\/The-Archivist-FACTS-character-web-199x300.png 199w\" sizes=\"(max-width: 498px) 100vw, 498px\" \/>\t\t\t\t\t\t\t\t\t\t\t\t\t\t\t<\/div>\n\t\t\t\t<\/div>\n\t\t\t\t<\/div>\n\t\t\t\t<\/div>\n\t\t\t\t<\/div>\n\t\t<div class=\"elementor-element elementor-element-f356db4 e-con-full e-flex e-con e-child\" data-id=\"f356db4\" data-element_type=\"container\" data-settings=\"{&quot;background_background&quot;:&quot;classic&quot;}\">\n\t\t<div class=\"elementor-element elementor-element-da9f614 e-con-full e-flex e-con e-child\" data-id=\"da9f614\" data-element_type=\"container\">\n\t\t<div class=\"elementor-element elementor-element-5a73a2e e-con-full e-flex e-con e-child\" data-id=\"5a73a2e\" data-element_type=\"container\">\n\t\t\t\t<div class=\"elementor-element elementor-element-f3b5819 elementor-widget elementor-widget-text-editor\" data-id=\"f3b5819\" data-element_type=\"widget\" data-widget_type=\"text-editor.default\">\n\t\t\t\t<div class=\"elementor-widget-container\">\n\t\t\t\t\t\t\t\t\t<p style=\"text-align: center;\"><strong>AVERTISSEMENT CONCERNANT LES STANDS DE RESTAURATION<\/strong><\/p>\n<p><\/p>\n<p style=\"text-align: center;\"><em>En raison d\u2019une coop\u00e9ration avec un partenaire de restauration fixe, nous ne pouvons pas autoriser de points de restauration suppl\u00e9mentaires.<\/em><\/p>\n<p><em>Si vous avez un food truck ou si vous ne proposez que des produits comestibles, il y a de fortes chances que votre demande soit rejet\u00e9e.<\/em><\/p>\n\t\t\t\t\t\t\t\t<\/div>\n\t\t\t\t<\/div>\n\t\t\t\t<\/div>\n\t\t\t\t<\/div>\n\t\t\t\t<\/div>\n\t\t<div class=\"elementor-element elementor-element-355303d e-con-full e-flex e-con e-child\" data-id=\"355303d\" data-element_type=\"container\" data-settings=\"{&quot;background_background&quot;:&quot;classic&quot;}\">\n\t\t<div class=\"elementor-element elementor-element-eb747e3 e-con-full e-flex e-con e-child\" data-id=\"eb747e3\" data-element_type=\"container\">\n\t\t<div class=\"elementor-element elementor-element-808e3cb e-con-full e-flex e-con e-child\" data-id=\"808e3cb\" data-element_type=\"container\">\n\t\t<!-- dce invisible element af33141 -->\t\t<div class=\"elementor-element elementor-element-45c0334 elementor-widget elementor-widget-text-editor\" data-id=\"45c0334\" data-element_type=\"widget\" data-widget_type=\"text-editor.default\">\n\t\t\t\t<div class=\"elementor-widget-container\">\n\t\t\t\t\t\t\t\t\t<p style=\"text-align: center;\"><strong>AVERTISSEMENT CONCERNANT LA &lsquo;CREATOR ZONE&rsquo;<\/strong><\/p>\n<p><\/p>\n<p style=\"text-align: center;\">La section \u00ab Creator Zone \u00bb se remplit g\u00e9n\u00e9ralement tr\u00e8s vite, avec de nombreuses nouvelles candidatures chaque semaine. Nous ne pouvons donc pas r\u00e9pondre directement \u00e0 tous les e-mails des artistes, mais sachez que nous traitons chaque candidature avec le plus grand soin. Nous vous contacterons d\u00e8s que nous aurons une place potentielle pour vous dans notre prochaine \u00e9dition ! Pas de r\u00e9ponse ? Dans ce cas, vous serez inscrit sur une liste d&rsquo;attente.<\/p>\n\t\t\t\t\t\t\t\t<\/div>\n\t\t\t\t<\/div>\n\t\t\t\t<\/div>\n\t\t\t\t<\/div>\n\t\t\t\t<\/div>\n\t\t<div class=\"elementor-element elementor-element-9ab4893 e-con-full e-flex e-con e-child\" data-id=\"9ab4893\" data-element_type=\"container\" data-settings=\"{&quot;background_background&quot;:&quot;classic&quot;}\">\n\t\t<div class=\"elementor-element elementor-element-8ab9bfe e-con-full e-flex e-con e-child\" data-id=\"8ab9bfe\" data-element_type=\"container\">\n\t\t<div class=\"elementor-element elementor-element-e366b7e e-con-full e-flex e-con e-child\" data-id=\"e366b7e\" data-element_type=\"container\">\n\t\t\t\t<div class=\"elementor-element elementor-element-a20de9f elementor-button-align-end elementor-widget elementor-widget-form\" data-id=\"a20de9f\" data-element_type=\"widget\" data-settings=\"{&quot;button_width&quot;:&quot;66&quot;,&quot;step_next_label&quot;:&quot;Next&quot;,&quot;step_previous_label&quot;:&quot;Previous&quot;,&quot;step_type&quot;:&quot;number_text&quot;,&quot;step_icon_shape&quot;:&quot;circle&quot;}\" data-widget_type=\"form.default\">\n\t\t\t\t<div class=\"elementor-widget-container\">\n\t\t\t\t\t\t\t<form class=\"elementor-form\" method=\"post\" name=\"Enqu\u00eate exposant FACTS\" aria-label=\"Enqu\u00eate exposant FACTS\">\n\t\t\t<input type=\"hidden\" name=\"post_id\" value=\"8138\"\/>\n\t\t\t<input type=\"hidden\" name=\"form_id\" value=\"a20de9f\"\/>\n\t\t\t<input type=\"hidden\" name=\"referer_title\" value=\"\" \/>\n\n\t\t\t\n\t\t\t<div class=\"elementor-form-fields-wrapper elementor-labels-above\">\n\t\t\t\t\t\t\t\t<div class=\"elementor-field-type-text elementor-field-group elementor-column elementor-field-group-name elementor-col-100 elementor-field-required elementor-mark-required\">\n\t\t\t\t\t\t\t\t\t\t\t\t<label for=\"form-field-name\" class=\"elementor-field-label\">\n\t\t\t\t\t\t\t\tFirst name &amp; Last name\t\t\t\t\t\t\t<\/label>\n\t\t\t\t\t\t\t\t\t\t\t\t\t\t<input size=\"1\" type=\"text\" name=\"form_fields[name]\" id=\"form-field-name\" class=\"elementor-field elementor-size-sm  elementor-field-textual\" required=\"required\">\n\t\t\t\t\t\t\t\t\t\t\t<\/div>\n\t\t\t\t\t\t\t\t<div class=\"elementor-field-type-text elementor-field-group elementor-column elementor-field-group-field_1 elementor-col-100 elementor-field-required elementor-mark-required\">\n\t\t\t\t\t\t\t\t\t\t\t\t<label for=\"form-field-field_1\" class=\"elementor-field-label\">\n\t\t\t\t\t\t\t\tFunction\t\t\t\t\t\t\t<\/label>\n\t\t\t\t\t\t\t\t\t\t\t\t\t\t<input size=\"1\" type=\"text\" name=\"form_fields[field_1]\" id=\"form-field-field_1\" class=\"elementor-field elementor-size-sm  elementor-field-textual\" required=\"required\">\n\t\t\t\t\t\t\t\t\t\t\t<\/div>\n\t\t\t\t\t\t\t\t<div class=\"elementor-field-type-text elementor-field-group elementor-column elementor-field-group-field_2 elementor-col-50 elementor-field-required elementor-mark-required\">\n\t\t\t\t\t\t\t\t\t\t\t\t<label for=\"form-field-field_2\" class=\"elementor-field-label\">\n\t\t\t\t\t\t\t\tCompany name\t\t\t\t\t\t\t<\/label>\n\t\t\t\t\t\t\t\t\t\t\t\t\t\t<input size=\"1\" type=\"text\" name=\"form_fields[field_2]\" id=\"form-field-field_2\" class=\"elementor-field elementor-size-sm  elementor-field-textual\" required=\"required\">\n\t\t\t\t\t\t\t\t\t\t\t<\/div>\n\t\t\t\t\t\t\t\t<div class=\"elementor-field-type-text elementor-field-group elementor-column elementor-field-group-field_3 elementor-col-50 elementor-field-required elementor-mark-required\">\n\t\t\t\t\t\t\t\t\t\t\t\t<label for=\"form-field-field_3\" class=\"elementor-field-label\">\n\t\t\t\t\t\t\t\tVAT number (BTW\/TVA)\t\t\t\t\t\t\t<\/label>\n\t\t\t\t\t\t\t\t\t\t\t\t\t\t<input size=\"1\" type=\"text\" name=\"form_fields[field_3]\" id=\"form-field-field_3\" class=\"elementor-field elementor-size-sm  elementor-field-textual\" placeholder=\"Don&#039;t have a VAT number? Don&#039;t worry, you can still join the show!\" required=\"required\">\n\t\t\t\t\t\t\t\t\t\t\t<\/div>\n\t\t\t\t\t\t\t\t<div class=\"elementor-field-type-tel elementor-field-group elementor-column elementor-field-group-field_4 elementor-col-50 elementor-field-required elementor-mark-required\">\n\t\t\t\t\t\t\t\t\t\t\t\t<label for=\"form-field-field_4\" class=\"elementor-field-label\">\n\t\t\t\t\t\t\t\tTelephone number\t\t\t\t\t\t\t<\/label>\n\t\t\t\t\t\t\t\t<input size=\"1\" type=\"tel\" name=\"form_fields[field_4]\" id=\"form-field-field_4\" class=\"elementor-field elementor-size-sm  elementor-field-textual\" required=\"required\" pattern=\"[0-9()#&amp;+*-=.]+\" title=\"Only numbers and phone characters (#, -, *, etc) are accepted.\">\n\n\t\t\t\t\t\t<\/div>\n\t\t\t\t\t\t\t\t<div class=\"elementor-field-type-email elementor-field-group elementor-column elementor-field-group-email elementor-col-50 elementor-field-required elementor-mark-required\">\n\t\t\t\t\t\t\t\t\t\t\t\t<label for=\"form-field-email\" class=\"elementor-field-label\">\n\t\t\t\t\t\t\t\tEmail\t\t\t\t\t\t\t<\/label>\n\t\t\t\t\t\t\t\t\t\t\t\t\t\t<input size=\"1\" type=\"email\" name=\"form_fields[email]\" id=\"form-field-email\" class=\"elementor-field elementor-size-sm  elementor-field-textual\" required=\"required\">\n\t\t\t\t\t\t\t\t\t\t\t<\/div>\n\t\t\t\t\t\t\t\t<div class=\"elementor-field-type-text elementor-field-group elementor-column elementor-field-group-field_5 elementor-col-100 elementor-field-required elementor-mark-required\">\n\t\t\t\t\t\t\t\t\t\t\t\t<label for=\"form-field-field_5\" class=\"elementor-field-label\">\n\t\t\t\t\t\t\t\tBusiness Address\t\t\t\t\t\t\t<\/label>\n\t\t\t\t\t\t\t\t\t\t\t\t\t\t<input size=\"1\" type=\"text\" name=\"form_fields[field_5]\" id=\"form-field-field_5\" class=\"elementor-field elementor-size-sm  elementor-field-textual\" placeholder=\"Street + House number\" required=\"required\">\n\t\t\t\t\t\t\t\t\t\t\t<\/div>\n\t\t\t\t\t\t\t\t<div class=\"elementor-field-type-text elementor-field-group elementor-column elementor-field-group-field_6 elementor-col-33 elementor-field-required elementor-mark-required\">\n\t\t\t\t\t\t\t\t\t\t\t\t\t<input size=\"1\" type=\"text\" name=\"form_fields[field_6]\" id=\"form-field-field_6\" class=\"elementor-field elementor-size-sm  elementor-field-textual\" placeholder=\"Zip code\" required=\"required\">\n\t\t\t\t\t\t\t\t\t\t\t<\/div>\n\t\t\t\t\t\t\t\t<div class=\"elementor-field-type-text elementor-field-group elementor-column elementor-field-group-field_7 elementor-col-33 elementor-field-required elementor-mark-required\">\n\t\t\t\t\t\t\t\t\t\t\t\t\t<input size=\"1\" type=\"text\" name=\"form_fields[field_7]\" id=\"form-field-field_7\" class=\"elementor-field elementor-size-sm  elementor-field-textual\" placeholder=\"City\" required=\"required\">\n\t\t\t\t\t\t\t\t\t\t\t<\/div>\n\t\t\t\t\t\t\t\t<div class=\"elementor-field-type-text elementor-field-group elementor-column elementor-field-group-field_8 elementor-col-33 elementor-field-required elementor-mark-required\">\n\t\t\t\t\t\t\t\t\t\t\t\t\t<input size=\"1\" type=\"text\" name=\"form_fields[field_8]\" id=\"form-field-field_8\" class=\"elementor-field elementor-size-sm  elementor-field-textual\" placeholder=\"Country\" required=\"required\">\n\t\t\t\t\t\t\t\t\t\t\t<\/div>\n\t\t\t\t\t\t\t\t<div class=\"elementor-field-type-url elementor-field-group elementor-column elementor-field-group-field_9 elementor-col-50\">\n\t\t\t\t\t\t\t\t\t\t\t\t<label for=\"form-field-field_9\" class=\"elementor-field-label\">\n\t\t\t\t\t\t\t\tWebsite link\t\t\t\t\t\t\t<\/label>\n\t\t\t\t\t\t\t\t\t\t\t\t\t\t<input size=\"1\" type=\"url\" name=\"form_fields[field_9]\" id=\"form-field-field_9\" class=\"elementor-field elementor-size-sm  elementor-field-textual\">\n\t\t\t\t\t\t\t\t\t\t\t<\/div>\n\t\t\t\t\t\t\t\t<div class=\"elementor-field-type-url elementor-field-group elementor-column elementor-field-group-field_10 elementor-col-50\">\n\t\t\t\t\t\t\t\t\t\t\t\t<label for=\"form-field-field_10\" class=\"elementor-field-label\">\n\t\t\t\t\t\t\t\tFacebook link\t\t\t\t\t\t\t<\/label>\n\t\t\t\t\t\t\t\t\t\t\t\t\t\t<input size=\"1\" type=\"url\" name=\"form_fields[field_10]\" id=\"form-field-field_10\" class=\"elementor-field elementor-size-sm  elementor-field-textual\">\n\t\t\t\t\t\t\t\t\t\t\t<\/div>\n\t\t\t\t\t\t\t\t<div class=\"elementor-field-type-checkbox elementor-field-group elementor-column elementor-field-group-field_11 elementor-col-100\">\n\t\t\t\t\t\t\t\t\t\t\t\t<label for=\"form-field-field_11\" class=\"elementor-field-label\">\n\t\t\t\t\t\t\t\tLanguage\t\t\t\t\t\t\t<\/label>\n\t\t\t\t\t\t<div class=\"elementor-field-subgroup  elementor-subgroup-inline\"><span class=\"elementor-field-option\"><input type=\"checkbox\" value=\"English&lt;br&gt;Nederlands&lt;br&gt;Fran\u00e7ais\" id=\"form-field-field_11-0\" name=\"form_fields[field_11]\"> <label for=\"form-field-field_11-0\">English<br>Nederlands<br>Fran\u00e7ais<\/label><\/span><\/div>\t\t\t\t<\/div>\n\t\t\t\t\t\t\t\t<div class=\"elementor-field-type-checkbox elementor-field-group elementor-column elementor-field-group-field_12 elementor-col-100\">\n\t\t\t\t\t\t\t\t\t\t\t\t<label for=\"form-field-field_12\" class=\"elementor-field-label\">\n\t\t\t\t\t\t\t\tI am a(n)\t\t\t\t\t\t\t<\/label>\n\t\t\t\t\t\t<div class=\"elementor-field-subgroup  elementor-subgroup-inline\"><span class=\"elementor-field-option\"><input type=\"checkbox\" value=\"Artist&lt;br&gt;Particular&lt;br&gt;Professional&lt;br&gt;Gaming Company\" id=\"form-field-field_12-0\" name=\"form_fields[field_12]\"> <label for=\"form-field-field_12-0\">Artist<br>Particular<br>Professional<br>Gaming Company<\/label><\/span><\/div>\t\t\t\t<\/div>\n\t\t\t\t\t\t\t\t<div class=\"elementor-field-type-textarea elementor-field-group elementor-column elementor-field-group-message elementor-col-100\">\n\t\t\t\t\t\t\t\t\t\t\t\t<label for=\"form-field-message\" class=\"elementor-field-label\">\n\t\t\t\t\t\t\t\tMessage\t\t\t\t\t\t\t<\/label>\n\t\t\t\t\t\t<textarea class=\"elementor-field-textual elementor-field  elementor-size-sm\" name=\"form_fields[message]\" id=\"form-field-message\" rows=\"4\" placeholder=\"Send us your remarks and\/or requests!\"><\/textarea>\t\t\t\t<\/div>\n\t\t\t\t\t\t\t\t<div class=\"elementor-field-type-recaptcha elementor-field-group elementor-column elementor-field-group-field_db5996d elementor-col-100\">\n\t\t\t\t\t<div class=\"elementor-field\" id=\"form-field-field_db5996d\"><div class=\"elementor-g-recaptcha\" data-sitekey=\"6Le-MTYaAAAAAMyXdFWJ09xaL0HxnLDfZrUYb6M8\" data-type=\"v2_checkbox\" data-theme=\"light\" data-size=\"normal\"><\/div><\/div>\t\t\t\t<\/div>\n\t\t\t\t\t\t\t\t<div class=\"elementor-field-group elementor-column elementor-field-type-submit elementor-col-66 e-form__buttons\">\n\t\t\t\t\t<button class=\"elementor-button elementor-size-md\" type=\"submit\">\n\t\t\t\t\t\t<span class=\"elementor-button-content-wrapper\">\n\t\t\t\t\t\t\t\t\t\t\t\t\t\t\t<span class=\"elementor-button-icon\">\n\t\t\t\t\t\t\t\t\t<svg aria-hidden=\"true\" class=\"e-font-icon-svg e-far-paper-plane\" viewBox=\"0 0 512 512\" xmlns=\"http:\/\/www.w3.org\/2000\/svg\"><path d=\"M440 6.5L24 246.4c-34.4 19.9-31.1 70.8 5.7 85.9L144 379.6V464c0 46.4 59.2 65.5 86.6 28.6l43.8-59.1 111.9 46.2c5.9 2.4 12.1 3.6 18.3 3.6 8.2 0 16.3-2.1 23.6-6.2 12.8-7.2 21.6-20 23.9-34.5l59.4-387.2c6.1-40.1-36.9-68.8-71.5-48.9zM192 464v-64.6l36.6 15.1L192 464zm212.6-28.7l-153.8-63.5L391 169.5c10.7-15.5-9.5-33.5-23.7-21.2L155.8 332.6 48 288 464 48l-59.4 387.3z\"><\/path><\/svg>\t\t\t\t\t\t\t\t\t\t\t\t\t\t\t\t\t<\/span>\n\t\t\t\t\t\t\t\t\t\t\t\t\t\t\t\t\t\t\t\t\t\t<span class=\"elementor-button-text\">Envoyer<\/span>\n\t\t\t\t\t\t\t\t\t\t\t\t\t<\/span>\n\t\t\t\t\t<\/button>\n\t\t\t\t<\/div>\n\t\t\t<\/div>\n\t\t<\/form>\n\t\t\t\t\t\t<\/div>\n\t\t\t\t<\/div>\n\t\t\t\t<\/div>\n\t\t\t\t<\/div>\n\t\t\t\t<\/div>\n\t\t\t\t\t<\/div>\n\t\t\t\t<\/div>\n\t\t\t\t<\/div>\n\t\t","protected":false},"excerpt":{"rendered":"<p>Conditions g\u00e9n\u00e9rales pour les exposants de FACTS Termes &amp; conditions FACTS Exhibiting Enquiry Cher exposant FACTS : bonne nouvelle ! Vous pouvez vous inscrire \u00e0 FACTS (31 octobre &#8211; 1 novembre 2026) ! Remplissez cette demande si vous \u00eates int\u00e9ress\u00e9. Apr\u00e8s v\u00e9rification de votre r\u00e9ponse, l&rsquo;\u00e9quipe de FACTS vous enverra un bon de commande par [&hellip;]<\/p>\n","protected":false},"author":949,"featured_media":0,"parent":0,"menu_order":0,"comment_status":"closed","ping_status":"closed","template":"","meta":{"_seopress_robots_primary_cat":"","_seopress_titles_title":"Devenez un exposant \u00e0 FACTS ! ","_seopress_titles_desc":"Inscrivez-vous ici si vous voulez participer \u00e0 FACTS en tant qu'exposant ! ","_seopress_robots_index":"","footnotes":""},"class_list":["post-8138","page","type-page","status-publish","hentry"],"_links":{"self":[{"href":"https:\/\/www.facts.be\/fr\/wp-json\/wp\/v2\/pages\/8138","targetHints":{"allow":["GET"]}}],"collection":[{"href":"https:\/\/www.facts.be\/fr\/wp-json\/wp\/v2\/pages"}],"about":[{"href":"https:\/\/www.facts.be\/fr\/wp-json\/wp\/v2\/types\/page"}],"author":[{"embeddable":true,"href":"https:\/\/www.facts.be\/fr\/wp-json\/wp\/v2\/users\/949"}],"replies":[{"embeddable":true,"href":"https:\/\/www.facts.be\/fr\/wp-json\/wp\/v2\/comments?post=8138"}],"version-history":[{"count":5,"href":"https:\/\/www.facts.be\/fr\/wp-json\/wp\/v2\/pages\/8138\/revisions"}],"predecessor-version":[{"id":74969,"href":"https:\/\/www.facts.be\/fr\/wp-json\/wp\/v2\/pages\/8138\/revisions\/74969"}],"wp:attachment":[{"href":"https:\/\/www.facts.be\/fr\/wp-json\/wp\/v2\/media?parent=8138"}],"curies":[{"name":"wp","href":"https:\/\/api.w.org\/{rel}","templated":true}]}}