{"id":8148,"date":"2024-06-24T13:50:47","date_gmt":"2024-06-24T11:50:47","guid":{"rendered":"https:\/\/www.facts.be\/invites\/artist-alley\/"},"modified":"2026-04-21T09:08:28","modified_gmt":"2026-04-21T07:08:28","slug":"artist-alley","status":"publish","type":"page","link":"https:\/\/www.facts.be\/fr\/invites\/artist-alley\/","title":{"rendered":"Artist Alley"},"content":{"rendered":"\t\t<div data-elementor-type=\"wp-page\" data-elementor-id=\"8148\" class=\"elementor elementor-8148 elementor-1402\" data-elementor-post-type=\"page\">\n\t\t\t\t<div class=\"elementor-element elementor-element-a7b7df6 e-flex e-con-boxed e-con e-parent\" data-id=\"a7b7df6\" data-element_type=\"container\" data-settings=\"{&quot;background_background&quot;:&quot;gradient&quot;}\">\n\t\t\t\t\t<div class=\"e-con-inner\">\n\t\t<div class=\"elementor-element elementor-element-2b3bda3 e-con-full e-flex e-con e-child\" data-id=\"2b3bda3\" data-element_type=\"container\" data-settings=\"{&quot;background_background&quot;:&quot;classic&quot;}\">\n\t\t<div class=\"elementor-element elementor-element-4ae1b1a e-con-full e-flex e-con e-child\" data-id=\"4ae1b1a\" data-element_type=\"container\">\n\t\t<div class=\"elementor-element elementor-element-ef1b46d e-con-full e-flex e-con e-child\" data-id=\"ef1b46d\" data-element_type=\"container\">\n\t\t\t\t<div class=\"elementor-element elementor-element-477f245 elementor-widget elementor-widget-image\" data-id=\"477f245\" data-element_type=\"widget\" data-widget_type=\"image.default\">\n\t\t\t\t<div class=\"elementor-widget-container\">\n\t\t\t\t\t\t\t\t\t\t\t\t\t\t\t<img fetchpriority=\"high\" decoding=\"async\" width=\"1000\" height=\"1124\" src=\"https:\/\/easyfairsassets.com\/sites\/328\/2024\/08\/AETERNA-FACS24.png\" class=\"attachment-full size-full wp-image-18623\" alt=\"\" srcset=\"https:\/\/easyfairsassets.com\/sites\/328\/2024\/08\/AETERNA-FACS24.png 1000w, https:\/\/easyfairsassets.com\/sites\/328\/2024\/08\/AETERNA-FACS24-267x300.png 267w, https:\/\/easyfairsassets.com\/sites\/328\/2024\/08\/AETERNA-FACS24-911x1024.png 911w, https:\/\/easyfairsassets.com\/sites\/328\/2024\/08\/AETERNA-FACS24-768x863.png 768w\" sizes=\"(max-width: 1000px) 100vw, 1000px\" \/>\t\t\t\t\t\t\t\t\t\t\t\t\t\t\t<\/div>\n\t\t\t\t<\/div>\n\t\t\t\t<\/div>\n\t\t<div class=\"elementor-element elementor-element-d47b4d5 e-con-full e-flex e-con e-child\" data-id=\"d47b4d5\" data-element_type=\"container\">\n\t\t\t\t<div class=\"elementor-element elementor-element-3c704f3 elementor-widget elementor-widget-heading\" data-id=\"3c704f3\" data-element_type=\"widget\" data-widget_type=\"heading.default\">\n\t\t\t\t<div class=\"elementor-widget-container\">\n\t\t\t\t\t<h2 class=\"elementor-heading-title elementor-size-default\">Bienvenue dans l'Artist Alley de FACTS, o\u00f9 se retrouvent les meilleurs artistes geeks du monde !<\/h2>\t\t\t\t<\/div>\n\t\t\t\t<\/div>\n\t\t\t\t<div class=\"elementor-element elementor-element-9bf45eb elementor-widget elementor-widget-text-editor\" data-id=\"9bf45eb\" data-element_type=\"widget\" data-widget_type=\"text-editor.default\">\n\t\t\t\t<div class=\"elementor-widget-container\">\n\t\t\t\t\t\t\t\t\t<p>Des stars internationales de la bande dessin\u00e9e et des artistes Internet de renomm\u00e9e mondiale aux artistes et designers locaux, FACTS a tout ce qu&rsquo;il faut. Dans l&rsquo;Artist Alley, vivre une rencontre m\u00e9morable et repartir avec une \u0153uvre d&rsquo;art unique vont de pair.<\/p>\n<p>Et lorsque vous aurez termin\u00e9, vous pourrez \u00e9galement d\u00e9couvrir les joyaux cach\u00e9s de la zone des cr\u00e9ateurs, o\u00f9 les artistes et les designers locaux viennent exposer leurs produits. Amusez-vous bien en explorant !<\/p>\n\t\t\t\t\t\t\t\t<\/div>\n\t\t\t\t<\/div>\n\t\t\t\t<div class=\"elementor-element elementor-element-9ac63d3 elementor-align-left elementor-widget elementor-widget-button\" data-id=\"9ac63d3\" data-element_type=\"widget\" data-widget_type=\"button.default\">\n\t\t\t\t<div class=\"elementor-widget-container\">\n\t\t\t\t\t\t\t\t\t<div class=\"elementor-button-wrapper\">\n\t\t\t\t\t<a class=\"elementor-button elementor-button-link elementor-size-sm\" href=\"#Activities\">\n\t\t\t\t\t\t<span class=\"elementor-button-content-wrapper\">\n\t\t\t\t\t\t\t\t\t<span class=\"elementor-button-text\">Activit\u00e9s avec des artistes et des designers<\/span>\n\t\t\t\t\t<\/span>\n\t\t\t\t\t<\/a>\n\t\t\t\t<\/div>\n\t\t\t\t\t\t\t\t<\/div>\n\t\t\t\t<\/div>\n\t\t\t\t<div class=\"elementor-element elementor-element-e7a34f3 elementor-align-left elementor-widget elementor-widget-button\" data-id=\"e7a34f3\" data-element_type=\"widget\" data-widget_type=\"button.default\">\n\t\t\t\t<div class=\"elementor-widget-container\">\n\t\t\t\t\t\t\t\t\t<div class=\"elementor-button-wrapper\">\n\t\t\t\t\t<a class=\"elementor-button elementor-button-link elementor-size-sm\" href=\"#Warp\">\n\t\t\t\t\t\t<span class=\"elementor-button-content-wrapper\">\n\t\t\t\t\t\t\t\t\t<span class=\"elementor-button-text\">Autres Invit\u00e9s<\/span>\n\t\t\t\t\t<\/span>\n\t\t\t\t\t<\/a>\n\t\t\t\t<\/div>\n\t\t\t\t\t\t\t\t<\/div>\n\t\t\t\t<\/div>\n\t\t\t\t<\/div>\n\t\t<div class=\"elementor-element elementor-element-3226ac9 e-con-full e-flex e-con e-child\" data-id=\"3226ac9\" data-element_type=\"container\">\n\t\t\t\t<div class=\"elementor-element elementor-element-5111340 elementor-widget elementor-widget-image\" data-id=\"5111340\" data-element_type=\"widget\" data-widget_type=\"image.default\">\n\t\t\t\t<div class=\"elementor-widget-container\">\n\t\t\t\t\t\t\t\t\t\t\t\t\t\t\t<img decoding=\"async\" width=\"500\" height=\"667\" src=\"https:\/\/easyfairsassets.com\/sites\/328\/2024\/08\/CALIGO-FACS24-small.png\" class=\"attachment-full size-full wp-image-18626\" alt=\"\" srcset=\"https:\/\/easyfairsassets.com\/sites\/328\/2024\/08\/CALIGO-FACS24-small.png 500w, https:\/\/easyfairsassets.com\/sites\/328\/2024\/08\/CALIGO-FACS24-small-225x300.png 225w\" sizes=\"(max-width: 500px) 100vw, 500px\" \/>\t\t\t\t\t\t\t\t\t\t\t\t\t\t\t<\/div>\n\t\t\t\t<\/div>\n\t\t\t\t<\/div>\n\t\t\t\t<\/div>\n\t\t\t\t<\/div>\n\t\t<div class=\"elementor-element elementor-element-196af28 e-con-full e-flex e-con e-child\" data-id=\"196af28\" data-element_type=\"container\">\n\t\t<div class=\"elementor-element elementor-element-f58a4f8 e-con-full e-flex e-con e-child\" data-id=\"f58a4f8\" data-element_type=\"container\">\n\t\t\t\t<div class=\"elementor-element elementor-element-e8bbe9f elementor-widget elementor-widget-heading\" data-id=\"e8bbe9f\" data-element_type=\"widget\" data-widget_type=\"heading.default\">\n\t\t\t\t<div class=\"elementor-widget-container\">\n\t\t\t\t\t<h2 class=\"elementor-heading-title elementor-size-default\">L'Artist Alley<\/h2>\t\t\t\t<\/div>\n\t\t\t\t<\/div>\n\t\t\t\t<\/div>\n\t\t\t\t<\/div>\n\t\t<!-- dce invisible element a98e79f --><div class=\"elementor-element elementor-element-68521bc e-con-full e-flex e-con e-child\" data-id=\"68521bc\" data-element_type=\"container\">\n\t\t<div class=\"elementor-element elementor-element-aed4b5a e-con-full e-flex e-con e-child\" data-id=\"aed4b5a\" data-element_type=\"container\">\n\t\t\t\t<div class=\"elementor-element elementor-element-c4321e0 elementor-widget elementor-widget-menu-anchor\" data-id=\"c4321e0\" data-element_type=\"widget\" data-widget_type=\"menu-anchor.default\">\n\t\t\t\t<div class=\"elementor-widget-container\">\n\t\t\t\t\t\t\t<div class=\"elementor-menu-anchor\" id=\"Activities\"><\/div>\n\t\t\t\t\t\t<\/div>\n\t\t\t\t<\/div>\n\t\t\t\t<div class=\"elementor-element elementor-element-affb018 elementor-widget elementor-widget-heading\" data-id=\"affb018\" data-element_type=\"widget\" data-widget_type=\"heading.default\">\n\t\t\t\t<div class=\"elementor-widget-container\">\n\t\t\t\t\t<h2 class=\"elementor-heading-title elementor-size-default\">ACTIVIT\u00c9S ARTISTES<\/h2>\t\t\t\t<\/div>\n\t\t\t\t<\/div>\n\t\t\t\t<\/div>\n\t\t\t\t<\/div>\n\t\t<div class=\"elementor-element elementor-element-e0f4b05 e-con-full e-flex e-con e-child\" data-id=\"e0f4b05\" data-element_type=\"container\" data-settings=\"{&quot;background_background&quot;:&quot;classic&quot;}\">\n\t\t\t\t<div class=\"elementor-element elementor-element-e746a61 elementor-cta--skin-classic elementor-animated-content elementor-bg-transform elementor-bg-transform-zoom-in elementor-widget elementor-widget-call-to-action\" data-id=\"e746a61\" data-element_type=\"widget\" data-widget_type=\"call-to-action.default\">\n\t\t\t\t<div class=\"elementor-widget-container\">\n\t\t\t\t\t\t\t<a class=\"elementor-cta\" href=\"https:\/\/www.facts.be\/en\/guests\/artist-sketches-commissions\/\">\n\t\t\t\t\t<div class=\"elementor-cta__bg-wrapper\">\n\t\t\t\t<div class=\"elementor-cta__bg elementor-bg\" style=\"background-image: url(https:\/\/easyfairsassets.com\/sites\/328\/2026\/01\/DC-Gary-Frank-1024x532.jpg);\" role=\"img\" aria-label=\"DC Gary Frank\"><\/div>\n\t\t\t\t<div class=\"elementor-cta__bg-overlay\"><\/div>\n\t\t\t<\/div>\n\t\t\t\t\t\t\t<div class=\"elementor-cta__content\">\n\t\t\t\t\n\t\t\t\t\t\t\t\t\t<h2 class=\"elementor-cta__title elementor-cta__content-item elementor-content-item\">\n\t\t\t\t\t\tObtenez vos dessins uniques\t\t\t\t\t<\/h2>\n\t\t\t\t\n\t\t\t\t\t\t\t\t\t<div class=\"elementor-cta__description elementor-cta__content-item elementor-content-item\">\n\t\t\t\t\t\t<p>Sur cette page, vous trouverez toutes les informations n\u00e9cessaires pour commander des croquis lors de FACTS.<\/p>\n\t\t\t\t\t<\/div>\n\t\t\t\t\n\t\t\t\t\t\t\t\t\t<div class=\"elementor-cta__button-wrapper elementor-cta__content-item elementor-content-item \">\n\t\t\t\t\t<span class=\"elementor-cta__button elementor-button elementor-size-\">\n\t\t\t\t\t\tDESSINS\t\t\t\t\t<\/span>\n\t\t\t\t\t<\/div>\n\t\t\t\t\t\t\t<\/div>\n\t\t\t\t\t\t<\/a>\n\t\t\t\t\t\t<\/div>\n\t\t\t\t<\/div>\n\t\t\t\t<\/div>\n\t\t<div class=\"elementor-element elementor-element-254efaf e-con-full e-flex e-con e-child\" data-id=\"254efaf\" data-element_type=\"container\" data-settings=\"{&quot;background_background&quot;:&quot;classic&quot;}\">\n\t\t\t\t<div class=\"elementor-element elementor-element-8d1a75b elementor-cta--skin-classic elementor-animated-content elementor-bg-transform elementor-bg-transform-zoom-in elementor-widget elementor-widget-call-to-action\" data-id=\"8d1a75b\" data-element_type=\"widget\" data-widget_type=\"call-to-action.default\">\n\t\t\t\t<div class=\"elementor-widget-container\">\n\t\t\t\t\t\t\t<a class=\"elementor-cta\" href=\"https:\/\/www.facts.be\/en\/guests\/artist-sketches-commissions\/\">\n\t\t\t\t\t<div class=\"elementor-cta__bg-wrapper\">\n\t\t\t\t<div class=\"elementor-cta__bg elementor-bg\" style=\"background-image: url(https:\/\/easyfairsassets.com\/sites\/328\/2026\/02\/Kael-Ngu-Spider-Man-01-657x1024.jpg);\" role=\"img\" aria-label=\"Kael-Ngu-Spider-Man-01\"><\/div>\n\t\t\t\t<div class=\"elementor-cta__bg-overlay\"><\/div>\n\t\t\t<\/div>\n\t\t\t\t\t\t\t<div class=\"elementor-cta__content\">\n\t\t\t\t\n\t\t\t\t\t\t\t\t\t<h2 class=\"elementor-cta__title elementor-cta__content-item elementor-content-item\">\n\t\t\t\t\t\tCommander des commissions\t\t\t\t\t<\/h2>\n\t\t\t\t\n\t\t\t\t\t\t\t\t\t<div class=\"elementor-cta__description elementor-cta__content-item elementor-content-item\">\n\t\t\t\t\t\t<p>Entrez en contact avec l'artiste, commandez une \u0153uvre d'art plus d\u00e9taill\u00e9e et collectionnez des dessins uniques \u00e0 FACTS !<\/p>\n\t\t\t\t\t<\/div>\n\t\t\t\t\n\t\t\t\t\t\t\t\t\t<div class=\"elementor-cta__button-wrapper elementor-cta__content-item elementor-content-item \">\n\t\t\t\t\t<span class=\"elementor-cta__button elementor-button elementor-size-\">\n\t\t\t\t\t\tCOMMISSIONS\t\t\t\t\t<\/span>\n\t\t\t\t\t<\/div>\n\t\t\t\t\t\t\t<\/div>\n\t\t\t\t\t\t<\/a>\n\t\t\t\t\t\t<\/div>\n\t\t\t\t<\/div>\n\t\t\t\t<\/div>\n\t\t<div class=\"elementor-element elementor-element-7f6295d e-con-full e-flex e-con e-child\" data-id=\"7f6295d\" data-element_type=\"container\" data-settings=\"{&quot;background_background&quot;:&quot;classic&quot;}\">\n\t\t\t\t<div class=\"elementor-element elementor-element-0305c76 elementor-cta--skin-classic elementor-animated-content elementor-bg-transform elementor-bg-transform-zoom-in elementor-widget elementor-widget-call-to-action\" data-id=\"0305c76\" data-element_type=\"widget\" data-widget_type=\"call-to-action.default\">\n\t\t\t\t<div class=\"elementor-widget-container\">\n\t\t\t\t\t\t\t<a class=\"elementor-cta\" href=\"https:\/\/www.facts.be\/en\/activities\/facts-workshops-panels\/\">\n\t\t\t\t\t<div class=\"elementor-cta__bg-wrapper\">\n\t\t\t\t<div class=\"elementor-cta__bg elementor-bg\" style=\"background-image: url(https:\/\/easyfairsassets.com\/sites\/328\/2024\/11\/Romano-Molenaar-expert-workshop-anatomie-strips-comics-FACTS-Fall-2024.jpg);\" role=\"img\" aria-label=\"Romano-Molenaar-expert-workshop-anatomie-strips-comics-FACTS-Fall-2024\"><\/div>\n\t\t\t\t<div class=\"elementor-cta__bg-overlay\"><\/div>\n\t\t\t<\/div>\n\t\t\t\t\t\t\t<div class=\"elementor-cta__content\">\n\t\t\t\t\n\t\t\t\t\t\t\t\t\t<h2 class=\"elementor-cta__title elementor-cta__content-item elementor-content-item\">\n\t\t\t\t\t\tPanels d'artistes et ateliers\t\t\t\t\t<\/h2>\n\t\t\t\t\n\t\t\t\t\t\t\t\t\t<div class=\"elementor-cta__description elementor-cta__content-item elementor-content-item\">\n\t\t\t\t\t\t<p>Apprenez \u00e0 dessiner comme un pro, d\u00e9couvrez les secrets d'artistes de renomm\u00e9e mondiale et plus encore dans ces sessions int\u00e9ressantes.<\/p>\n\t\t\t\t\t<\/div>\n\t\t\t\t\n\t\t\t\t\t\t\t\t\t<div class=\"elementor-cta__button-wrapper elementor-cta__content-item elementor-content-item \">\n\t\t\t\t\t<span class=\"elementor-cta__button elementor-button elementor-size-\">\n\t\t\t\t\t\tACTIVIT\u00c9S\t\t\t\t\t<\/span>\n\t\t\t\t\t<\/div>\n\t\t\t\t\t\t\t<\/div>\n\t\t\t\t\t\t<\/a>\n\t\t\t\t\t\t<\/div>\n\t\t\t\t<\/div>\n\t\t\t\t<\/div>\n\t\t<div class=\"elementor-element elementor-element-4f7aba2 e-con-full e-flex e-con e-child\" data-id=\"4f7aba2\" data-element_type=\"container\" data-settings=\"{&quot;background_background&quot;:&quot;classic&quot;}\">\n\t\t\t\t<div class=\"elementor-element elementor-element-04c4cd4 elementor-cta--skin-classic elementor-animated-content elementor-bg-transform elementor-bg-transform-zoom-in elementor-widget elementor-widget-call-to-action\" data-id=\"04c4cd4\" data-element_type=\"widget\" data-widget_type=\"call-to-action.default\">\n\t\t\t\t<div class=\"elementor-widget-container\">\n\t\t\t\t\t\t\t<a class=\"elementor-cta\" href=\"https:\/\/www.facts.be\/en\/creators-zone-local-artists-designers\/\">\n\t\t\t\t\t<div class=\"elementor-cta__bg-wrapper\">\n\t\t\t\t<div class=\"elementor-cta__bg elementor-bg\" style=\"background-image: url(https:\/\/easyfairsassets.com\/sites\/328\/2026\/04\/Geek-Market-Creator-Zone-Souki-Studio-FACTS-Spring-2026-1024x683.jpg);\" role=\"img\" aria-label=\"Geek Market Creator Zone Souki Studio FACTS Spring 2026\"><\/div>\n\t\t\t\t<div class=\"elementor-cta__bg-overlay\"><\/div>\n\t\t\t<\/div>\n\t\t\t\t\t\t\t<div class=\"elementor-cta__content\">\n\t\t\t\t\n\t\t\t\t\t\t\t\t\t<h2 class=\"elementor-cta__title elementor-cta__content-item elementor-content-item\">\n\t\t\t\t\t\tCreator Zone\t\t\t\t\t<\/h2>\n\t\t\t\t\n\t\t\t\t\t\t\t\t\t<div class=\"elementor-cta__description elementor-cta__content-item elementor-content-item\">\n\t\t\t\t\t\t<p>Dans cette zone du hall d'exposition, des artistes locaux et internationaux seront pr\u00e9sents \u00e0 FACTS pour vendre leurs surprenantes et magnifiques \u0153uvres d'art et dessins.<\/p>\n\t\t\t\t\t<\/div>\n\t\t\t\t\n\t\t\t\t\t\t\t\t\t<div class=\"elementor-cta__button-wrapper elementor-cta__content-item elementor-content-item \">\n\t\t\t\t\t<span class=\"elementor-cta__button elementor-button elementor-size-\">\n\t\t\t\t\t\tPLUS D'INFOS\t\t\t\t\t<\/span>\n\t\t\t\t\t<\/div>\n\t\t\t\t\t\t\t<\/div>\n\t\t\t\t\t\t<\/a>\n\t\t\t\t\t\t<\/div>\n\t\t\t\t<\/div>\n\t\t\t\t<\/div>\n\t\t<div class=\"elementor-element elementor-element-dbeea3e e-con-full e-flex e-con e-child\" data-id=\"dbeea3e\" data-element_type=\"container\">\n\t\t<div class=\"elementor-element elementor-element-45d579f e-con-full e-flex e-con e-child\" data-id=\"45d579f\" data-element_type=\"container\">\n\t\t\t\t<div class=\"elementor-element elementor-element-f465fd4 elementor-widget elementor-widget-menu-anchor\" data-id=\"f465fd4\" data-element_type=\"widget\" data-widget_type=\"menu-anchor.default\">\n\t\t\t\t<div class=\"elementor-widget-container\">\n\t\t\t\t\t\t\t<div class=\"elementor-menu-anchor\" id=\"Warp\"><\/div>\n\t\t\t\t\t\t<\/div>\n\t\t\t\t<\/div>\n\t\t\t\t<div class=\"elementor-element elementor-element-bc659bf elementor-widget elementor-widget-heading\" data-id=\"bc659bf\" data-element_type=\"widget\" data-widget_type=\"heading.default\">\n\t\t\t\t<div class=\"elementor-widget-container\">\n\t\t\t\t\t<h1 class=\"elementor-heading-title elementor-size-default\">WARP ZONE<\/h1>\t\t\t\t<\/div>\n\t\t\t\t<\/div>\n\t\t\t\t<\/div>\n\t\t\t\t<\/div>\n\t\t<div class=\"elementor-element elementor-element-7f72cca e-con-full e-flex e-con e-child\" data-id=\"7f72cca\" data-element_type=\"container\" data-settings=\"{&quot;background_background&quot;:&quot;classic&quot;}\">\n\t\t<div class=\"elementor-element elementor-element-d49dbd8 e-con-full e-flex e-con e-child\" data-id=\"d49dbd8\" data-element_type=\"container\">\n\t\t\t\t<div class=\"elementor-element elementor-element-1a5e7ec elementor-cta--skin-classic elementor-animated-content elementor-bg-transform elementor-bg-transform-zoom-in elementor-widget elementor-widget-call-to-action\" data-id=\"1a5e7ec\" data-element_type=\"widget\" data-widget_type=\"call-to-action.default\">\n\t\t\t\t<div class=\"elementor-widget-container\">\n\t\t\t\t\t\t\t<a class=\"elementor-cta\" href=\"https:\/\/www.facts.be\/en\/guests\/\">\n\t\t\t\t\t<div class=\"elementor-cta__bg-wrapper\">\n\t\t\t\t<div class=\"elementor-cta__bg elementor-bg\" style=\"background-image: url(https:\/\/easyfairsassets.com\/sites\/328\/2026\/04\/Eric-Winter-Actor-Panel-FACTS-Spring-2026-1024x683.jpg);\" role=\"img\" aria-label=\"Eric-Winter-Actor-Panel-FACTS-Spring-2026\"><\/div>\n\t\t\t\t<div class=\"elementor-cta__bg-overlay\"><\/div>\n\t\t\t<\/div>\n\t\t\t\t\t\t\t<div class=\"elementor-cta__content\">\n\t\t\t\t\t\t\t\t\t<div class=\"elementor-content-item elementor-cta__content-item elementor-icon-wrapper elementor-cta__icon elementor-view-default\">\n\t\t\t\t\t\t<div class=\"elementor-icon\">\n\t\t\t\t\t\t\t<svg aria-hidden=\"true\" class=\"e-font-icon-svg e-far-star\" viewBox=\"0 0 576 512\" xmlns=\"http:\/\/www.w3.org\/2000\/svg\"><path d=\"M528.1 171.5L382 150.2 316.7 17.8c-11.7-23.6-45.6-23.9-57.4 0L194 150.2 47.9 171.5c-26.2 3.8-36.7 36.1-17.7 54.6l105.7 103-25 145.5c-4.5 26.3 23.2 46 46.4 33.7L288 439.6l130.7 68.7c23.2 12.2 50.9-7.4 46.4-33.7l-25-145.5 105.7-103c19-18.5 8.5-50.8-17.7-54.6zM388.6 312.3l23.7 138.4L288 385.4l-124.3 65.3 23.7-138.4-100.6-98 139-20.2 62.2-126 62.2 126 139 20.2-100.6 98z\"><\/path><\/svg>\t\t\t\t\t\t<\/div>\n\t\t\t\t\t<\/div>\n\t\t\t\t\n\t\t\t\t\n\t\t\t\t\n\t\t\t\t\t\t\t\t\t<div class=\"elementor-cta__button-wrapper elementor-cta__content-item elementor-content-item \">\n\t\t\t\t\t<span class=\"elementor-cta__button elementor-button elementor-size-\">\n\t\t\t\t\t\tRETOUR \u00c0 LA PAGE INVIT\u00c9S\t\t\t\t\t<\/span>\n\t\t\t\t\t<\/div>\n\t\t\t\t\t\t\t<\/div>\n\t\t\t\t\t\t<\/a>\n\t\t\t\t\t\t<\/div>\n\t\t\t\t<\/div>\n\t\t\t\t<\/div>\n\t\t\t\t<\/div>\n\t\t<div class=\"elementor-element elementor-element-4979041 e-con-full e-flex e-con e-child\" data-id=\"4979041\" data-element_type=\"container\" data-settings=\"{&quot;background_background&quot;:&quot;classic&quot;}\">\n\t\t<div class=\"elementor-element elementor-element-6e95ed6 e-con-full e-flex e-con e-child\" data-id=\"6e95ed6\" data-element_type=\"container\">\n\t\t\t\t<div class=\"elementor-element elementor-element-7fef027 elementor-cta--skin-classic elementor-animated-content elementor-bg-transform elementor-bg-transform-zoom-in elementor-widget elementor-widget-call-to-action\" data-id=\"7fef027\" data-element_type=\"widget\" data-widget_type=\"call-to-action.default\">\n\t\t\t\t<div class=\"elementor-widget-container\">\n\t\t\t\t\t\t\t<a class=\"elementor-cta\" href=\"https:\/\/www.facts.be\/en\/guests\/actors\/\">\n\t\t\t\t\t<div class=\"elementor-cta__bg-wrapper\">\n\t\t\t\t<div class=\"elementor-cta__bg elementor-bg\" style=\"background-image: url(https:\/\/easyfairsassets.com\/sites\/328\/2026\/04\/Jared-Padalecki-Genevieve-photoshoot-duo-FACTS-Spring-2026-1024x731.jpg);\" role=\"img\" aria-label=\"Jared-Padalecki-Genevieve-photoshoot-duo-FACTS-Spring-2026\"><\/div>\n\t\t\t\t<div class=\"elementor-cta__bg-overlay\"><\/div>\n\t\t\t<\/div>\n\t\t\t\t\t\t\t<div class=\"elementor-cta__content\">\n\t\t\t\t\t\t\t\t\t<div class=\"elementor-content-item elementor-cta__content-item elementor-icon-wrapper elementor-cta__icon elementor-view-default\">\n\t\t\t\t\t\t<div class=\"elementor-icon\">\n\t\t\t\t\t\t\t<svg aria-hidden=\"true\" class=\"e-font-icon-svg e-fas-film\" viewBox=\"0 0 512 512\" xmlns=\"http:\/\/www.w3.org\/2000\/svg\"><path d=\"M488 64h-8v20c0 6.6-5.4 12-12 12h-40c-6.6 0-12-5.4-12-12V64H96v20c0 6.6-5.4 12-12 12H44c-6.6 0-12-5.4-12-12V64h-8C10.7 64 0 74.7 0 88v336c0 13.3 10.7 24 24 24h8v-20c0-6.6 5.4-12 12-12h40c6.6 0 12 5.4 12 12v20h320v-20c0-6.6 5.4-12 12-12h40c6.6 0 12 5.4 12 12v20h8c13.3 0 24-10.7 24-24V88c0-13.3-10.7-24-24-24zM96 372c0 6.6-5.4 12-12 12H44c-6.6 0-12-5.4-12-12v-40c0-6.6 5.4-12 12-12h40c6.6 0 12 5.4 12 12v40zm0-96c0 6.6-5.4 12-12 12H44c-6.6 0-12-5.4-12-12v-40c0-6.6 5.4-12 12-12h40c6.6 0 12 5.4 12 12v40zm0-96c0 6.6-5.4 12-12 12H44c-6.6 0-12-5.4-12-12v-40c0-6.6 5.4-12 12-12h40c6.6 0 12 5.4 12 12v40zm272 208c0 6.6-5.4 12-12 12H156c-6.6 0-12-5.4-12-12v-96c0-6.6 5.4-12 12-12h200c6.6 0 12 5.4 12 12v96zm0-168c0 6.6-5.4 12-12 12H156c-6.6 0-12-5.4-12-12v-96c0-6.6 5.4-12 12-12h200c6.6 0 12 5.4 12 12v96zm112 152c0 6.6-5.4 12-12 12h-40c-6.6 0-12-5.4-12-12v-40c0-6.6 5.4-12 12-12h40c6.6 0 12 5.4 12 12v40zm0-96c0 6.6-5.4 12-12 12h-40c-6.6 0-12-5.4-12-12v-40c0-6.6 5.4-12 12-12h40c6.6 0 12 5.4 12 12v40zm0-96c0 6.6-5.4 12-12 12h-40c-6.6 0-12-5.4-12-12v-40c0-6.6 5.4-12 12-12h40c6.6 0 12 5.4 12 12v40z\"><\/path><\/svg>\t\t\t\t\t\t<\/div>\n\t\t\t\t\t<\/div>\n\t\t\t\t\n\t\t\t\t\n\t\t\t\t\n\t\t\t\t\t\t\t\t\t<div class=\"elementor-cta__button-wrapper elementor-cta__content-item elementor-content-item \">\n\t\t\t\t\t<span class=\"elementor-cta__button elementor-button elementor-size-\">\n\t\t\t\t\t\tACTEURS\t\t\t\t\t<\/span>\n\t\t\t\t\t<\/div>\n\t\t\t\t\t\t\t<\/div>\n\t\t\t\t\t\t<\/a>\n\t\t\t\t\t\t<\/div>\n\t\t\t\t<\/div>\n\t\t\t\t<\/div>\n\t\t\t\t<\/div>\n\t\t<div class=\"elementor-element elementor-element-bd77548 e-con-full e-flex e-con e-child\" data-id=\"bd77548\" data-element_type=\"container\" data-settings=\"{&quot;background_background&quot;:&quot;classic&quot;}\">\n\t\t<div class=\"elementor-element elementor-element-8fe4ab4 e-con-full e-flex e-con e-child\" data-id=\"8fe4ab4\" data-element_type=\"container\">\n\t\t\t\t<div class=\"elementor-element elementor-element-6154427 elementor-cta--skin-classic elementor-animated-content elementor-bg-transform elementor-bg-transform-zoom-in elementor-widget elementor-widget-call-to-action\" data-id=\"6154427\" data-element_type=\"widget\" data-widget_type=\"call-to-action.default\">\n\t\t\t\t<div class=\"elementor-widget-container\">\n\t\t\t\t\t\t\t<a class=\"elementor-cta\" href=\"https:\/\/www.facts.be\/en\/activities\/cosplay\/\">\n\t\t\t\t\t<div class=\"elementor-cta__bg-wrapper\">\n\t\t\t\t<div class=\"elementor-cta__bg elementor-bg\" style=\"background-image: url(https:\/\/easyfairsassets.com\/sites\/328\/2026\/01\/BambiLashes-Arlecchino-Photographer-geminiiphoto.jpg);\" role=\"img\" aria-label=\"BambiLashes-Arlecchino-Photographer-geminiiphoto\"><\/div>\n\t\t\t\t<div class=\"elementor-cta__bg-overlay\"><\/div>\n\t\t\t<\/div>\n\t\t\t\t\t\t\t<div class=\"elementor-cta__content\">\n\t\t\t\t\t\t\t\t\t<div class=\"elementor-content-item elementor-cta__content-item elementor-icon-wrapper elementor-cta__icon elementor-view-default\">\n\t\t\t\t\t\t<div class=\"elementor-icon\">\n\t\t\t\t\t\t\t<svg aria-hidden=\"true\" class=\"e-font-icon-svg e-fas-mask\" viewBox=\"0 0 640 512\" xmlns=\"http:\/\/www.w3.org\/2000\/svg\"><path d=\"M320.67 64c-442.6 0-357.57 384-158.46 384 39.9 0 77.47-20.69 101.42-55.86l25.73-37.79c15.66-22.99 46.97-22.99 62.63 0l25.73 37.79C401.66 427.31 439.23 448 479.13 448c189.86 0 290.63-384-158.46-384zM184 308.36c-41.06 0-67.76-25.66-80.08-41.05-5.23-6.53-5.23-16.09 0-22.63 12.32-15.4 39.01-41.05 80.08-41.05s67.76 25.66 80.08 41.05c5.23 6.53 5.23 16.09 0 22.63-12.32 15.4-39.02 41.05-80.08 41.05zm272 0c-41.06 0-67.76-25.66-80.08-41.05-5.23-6.53-5.23-16.09 0-22.63 12.32-15.4 39.01-41.05 80.08-41.05s67.76 25.66 80.08 41.05c5.23 6.53 5.23 16.09 0 22.63-12.32 15.4-39.02 41.05-80.08 41.05z\"><\/path><\/svg>\t\t\t\t\t\t<\/div>\n\t\t\t\t\t<\/div>\n\t\t\t\t\n\t\t\t\t\n\t\t\t\t\t\t\t\t\t<div class=\"elementor-cta__description elementor-cta__content-item elementor-content-item\">\n\t\t\t\t\t\t<p>Photo: invit\u00e9 cosplay Bambi Lashes (2026)<\/p>\n\t\t\t\t\t<\/div>\n\t\t\t\t\n\t\t\t\t\t\t\t\t\t<div class=\"elementor-cta__button-wrapper elementor-cta__content-item elementor-content-item \">\n\t\t\t\t\t<span class=\"elementor-cta__button elementor-button elementor-size-\">\n\t\t\t\t\t\tINVIT\u00c9S COSPLAY\t\t\t\t\t<\/span>\n\t\t\t\t\t<\/div>\n\t\t\t\t\t\t\t<\/div>\n\t\t\t\t\t\t<\/a>\n\t\t\t\t\t\t<\/div>\n\t\t\t\t<\/div>\n\t\t\t\t<\/div>\n\t\t\t\t<\/div>\n\t\t<div class=\"elementor-element elementor-element-0ef8536 e-con-full e-flex e-con e-child\" data-id=\"0ef8536\" data-element_type=\"container\" data-settings=\"{&quot;background_background&quot;:&quot;classic&quot;}\">\n\t\t\t\t<\/div>\n\t\t\t\t\t<\/div>\n\t\t\t\t<\/div>\n\t\t\t\t<\/div>\n\t\t","protected":false},"excerpt":{"rendered":"<p>Bienvenue dans l&rsquo;Artist Alley de FACTS, o\u00f9 se retrouvent les meilleurs artistes geeks du monde ! Des stars internationales de la bande dessin\u00e9e et des artistes Internet de renomm\u00e9e mondiale aux artistes et designers locaux, FACTS a tout ce qu&rsquo;il faut. Dans l&rsquo;Artist Alley, vivre une rencontre m\u00e9morable et repartir avec une \u0153uvre d&rsquo;art unique [&hellip;]<\/p>\n","protected":false},"author":949,"featured_media":0,"parent":8146,"menu_order":0,"comment_status":"closed","ping_status":"closed","template":"","meta":{"_seopress_robots_primary_cat":"","_seopress_titles_title":"Artist Alley - FACTS, Your Belgian Comic Con","_seopress_titles_desc":"D\u00e9couvrez les artistes extraordinaires de l'\u00e9dition prochaine de FACTS, \u00e0 Gand!","_seopress_robots_index":"","footnotes":""},"class_list":["post-8148","page","type-page","status-publish","hentry"],"_links":{"self":[{"href":"https:\/\/www.facts.be\/fr\/wp-json\/wp\/v2\/pages\/8148","targetHints":{"allow":["GET"]}}],"collection":[{"href":"https:\/\/www.facts.be\/fr\/wp-json\/wp\/v2\/pages"}],"about":[{"href":"https:\/\/www.facts.be\/fr\/wp-json\/wp\/v2\/types\/page"}],"author":[{"embeddable":true,"href":"https:\/\/www.facts.be\/fr\/wp-json\/wp\/v2\/users\/949"}],"replies":[{"embeddable":true,"href":"https:\/\/www.facts.be\/fr\/wp-json\/wp\/v2\/comments?post=8148"}],"version-history":[{"count":5,"href":"https:\/\/www.facts.be\/fr\/wp-json\/wp\/v2\/pages\/8148\/revisions"}],"predecessor-version":[{"id":74953,"href":"https:\/\/www.facts.be\/fr\/wp-json\/wp\/v2\/pages\/8148\/revisions\/74953"}],"up":[{"embeddable":true,"href":"https:\/\/www.facts.be\/fr\/wp-json\/wp\/v2\/pages\/8146"}],"wp:attachment":[{"href":"https:\/\/www.facts.be\/fr\/wp-json\/wp\/v2\/media?parent=8148"}],"curies":[{"name":"wp","href":"https:\/\/api.w.org\/{rel}","templated":true}]}}