{"id":8156,"date":"2024-06-19T16:38:34","date_gmt":"2024-06-19T14:38:34","guid":{"rendered":"https:\/\/www.facts.be\/invites\/envoyez-nous-vos-meilleures-questions-pour-les-qa\/"},"modified":"2026-04-23T17:28:11","modified_gmt":"2026-04-23T15:28:11","slug":"envoyez-nous-vos-meilleures-questions-pour-les-qa","status":"publish","type":"page","link":"https:\/\/www.facts.be\/fr\/invites\/envoyez-nous-vos-meilleures-questions-pour-les-qa\/","title":{"rendered":"Envoyez-nous vos meilleures questions pour les Q&amp;A !"},"content":{"rendered":"\t\t<div data-elementor-type=\"wp-page\" data-elementor-id=\"8156\" class=\"elementor elementor-8156 elementor-1060\" data-elementor-post-type=\"page\">\n\t\t\t\t<div class=\"elementor-element elementor-element-81200ae e-flex e-con-boxed e-con e-parent\" data-id=\"81200ae\" data-element_type=\"container\" data-settings=\"{&quot;background_background&quot;:&quot;gradient&quot;}\">\n\t\t\t\t\t<div class=\"e-con-inner\">\n\t\t<div class=\"elementor-element elementor-element-60c2f9d e-con-full e-flex e-con e-child\" data-id=\"60c2f9d\" data-element_type=\"container\" data-settings=\"{&quot;background_background&quot;:&quot;classic&quot;}\">\n\t\t<div class=\"elementor-element elementor-element-d8fcea5 e-con-full e-flex e-con e-child\" data-id=\"d8fcea5\" data-element_type=\"container\">\n\t\t<div class=\"elementor-element elementor-element-08ccb46 e-con-full e-flex e-con e-child\" data-id=\"08ccb46\" data-element_type=\"container\">\n\t\t\t\t<div class=\"elementor-element elementor-element-df7bb38 elementor-widget elementor-widget-text-editor\" data-id=\"df7bb38\" data-element_type=\"widget\" data-widget_type=\"text-editor.default\">\n\t\t\t\t<div class=\"elementor-widget-container\">\n\t\t\t\t\t\t\t\t\t<p>De nombreux fans de FACTS souhaitent rencontrer les stars invit\u00e9es et leur poser des questions dont ils attendent les r\u00e9ponses depuis si longtemps. Mais lors du moment de v\u00e9rit\u00e9, pendant les Q&amp;A, il est parfois difficile de se souvenir de sa question. Et au moment o\u00f9 vous vous en rappelez, c\u2019est trop tard : votre chance est pass\u00e9e.<\/p>\n<p>Et bien, plus de \u00e7a d\u00e9sormais !\u00a0<strong>Vous pouvez nous soumettre vos meilleures questions. Nous choisirons les plus inspir\u00e9es et les poserons au principal int\u00e9ress\u00e9 si le temps disponible est suffisant.<\/strong><\/p>\n<p>Ne vous inqui\u00e9tez, c\u2019est toujours au public de poser des questions. Nous ne pouvons pas garantir que votre question sera pos\u00e9e.<\/p>\n<p>Lancez-vous et montrez-nous votre cr\u00e9ativit\u00e9<\/p>\n\t\t\t\t\t\t\t\t<\/div>\n\t\t\t\t<\/div>\n\t\t\t\t<\/div>\n\t\t<div class=\"elementor-element elementor-element-d2be7a4 e-con-full e-flex e-con e-child\" data-id=\"d2be7a4\" data-element_type=\"container\">\n\t\t\t\t<div class=\"elementor-element elementor-element-9257657 elementor-button-align-stretch elementor-widget elementor-widget-form\" data-id=\"9257657\" data-element_type=\"widget\" data-settings=\"{&quot;step_next_label&quot;:&quot;Next&quot;,&quot;step_previous_label&quot;:&quot;Previous&quot;,&quot;button_width&quot;:&quot;100&quot;,&quot;step_type&quot;:&quot;number_text&quot;,&quot;step_icon_shape&quot;:&quot;circle&quot;}\" data-widget_type=\"form.default\">\n\t\t\t\t<div class=\"elementor-widget-container\">\n\t\t\t\t\t\t\t<form class=\"elementor-form\" method=\"post\" name=\"Q&amp;A Question FACTS\" aria-label=\"Q&amp;A Question FACTS\">\n\t\t\t<input type=\"hidden\" name=\"post_id\" value=\"8156\"\/>\n\t\t\t<input type=\"hidden\" name=\"form_id\" value=\"9257657\"\/>\n\t\t\t<input type=\"hidden\" name=\"referer_title\" value=\"\" \/>\n\n\t\t\t\n\t\t\t<div class=\"elementor-form-fields-wrapper elementor-labels-above\">\n\t\t\t\t\t\t\t\t<div class=\"elementor-field-type-text elementor-field-group elementor-column elementor-field-group-name elementor-col-100\">\n\t\t\t\t\t\t\t\t\t\t\t\t<label for=\"form-field-name\" class=\"elementor-field-label\">\n\t\t\t\t\t\t\t\tVotre nom\t\t\t\t\t\t\t<\/label>\n\t\t\t\t\t\t\t\t\t\t\t\t\t\t<input size=\"1\" type=\"text\" name=\"form_fields[name]\" id=\"form-field-name\" class=\"elementor-field elementor-size-sm  elementor-field-textual\">\n\t\t\t\t\t\t\t\t\t\t\t<\/div>\n\t\t\t\t\t\t\t\t<div class=\"elementor-field-type-email elementor-field-group elementor-column elementor-field-group-email elementor-col-100 elementor-field-required\">\n\t\t\t\t\t\t\t\t\t\t\t\t<label for=\"form-field-email\" class=\"elementor-field-label\">\n\t\t\t\t\t\t\t\tEmail\t\t\t\t\t\t\t<\/label>\n\t\t\t\t\t\t\t\t\t\t\t\t\t\t<input size=\"1\" type=\"email\" name=\"form_fields[email]\" id=\"form-field-email\" class=\"elementor-field elementor-size-sm  elementor-field-textual\" required=\"required\">\n\t\t\t\t\t\t\t\t\t\t\t<\/div>\n\t\t\t\t\t\t\t\t<div class=\"elementor-field-type-select elementor-field-group elementor-column elementor-field-group-field_602dc4e elementor-col-100 elementor-field-required\">\n\t\t\t\t\t\t\t\t\t\t\t\t<label for=\"form-field-field_602dc4e\" class=\"elementor-field-label\">\n\t\t\t\t\t\t\t\tJ'ai une question pour\t\t\t\t\t\t\t<\/label>\n\t\t\t\t\t\t\t\t<div class=\"elementor-field elementor-select-wrapper remove-before \">\n\t\t\t<div class=\"select-caret-down-wrapper\">\n\t\t\t\t<svg aria-hidden=\"true\" class=\"e-font-icon-svg e-eicon-caret-down\" viewBox=\"0 0 571.4 571.4\" xmlns=\"http:\/\/www.w3.org\/2000\/svg\"><path d=\"M571 393Q571 407 561 418L311 668Q300 679 286 679T261 668L11 418Q0 407 0 393T11 368 36 357H536Q550 357 561 368T571 393Z\"><\/path><\/svg>\t\t\t<\/div>\n\t\t\t<select name=\"form_fields[field_602dc4e]\" id=\"form-field-field_602dc4e\" class=\"elementor-field-textual elementor-size-sm\" required=\"required\">\n\t\t\t\t\t\t\t\t\t<option value=\"x\">x<\/option>\n\t\t\t\t\t\t\t<\/select>\n\t\t<\/div>\n\t\t\t\t\t\t<\/div>\n\t\t\t\t\t\t\t\t<div class=\"elementor-field-type-textarea elementor-field-group elementor-column elementor-field-group-message elementor-col-100\">\n\t\t\t\t\t\t\t\t\t\t\t\t<label for=\"form-field-message\" class=\"elementor-field-label\">\n\t\t\t\t\t\t\t\tVotre question :\t\t\t\t\t\t\t<\/label>\n\t\t\t\t\t\t<textarea class=\"elementor-field-textual elementor-field  elementor-size-sm\" name=\"form_fields[message]\" id=\"form-field-message\" rows=\"4\"><\/textarea>\t\t\t\t<\/div>\n\t\t\t\t\t\t\t\t<div class=\"elementor-field-group elementor-column elementor-field-type-submit elementor-col-100 e-form__buttons\">\n\t\t\t\t\t<button class=\"elementor-button elementor-size-sm\" type=\"submit\">\n\t\t\t\t\t\t<span class=\"elementor-button-content-wrapper\">\n\t\t\t\t\t\t\t\t\t\t\t\t\t\t\t\t\t\t\t\t\t\t<span class=\"elementor-button-text\">Send<\/span>\n\t\t\t\t\t\t\t\t\t\t\t\t\t<\/span>\n\t\t\t\t\t<\/button>\n\t\t\t\t<\/div>\n\t\t\t<\/div>\n\t\t<\/form>\n\t\t\t\t\t\t<\/div>\n\t\t\t\t<\/div>\n\t\t\t\t<\/div>\n\t\t\t\t<\/div>\n\t\t\t\t<\/div>\n\t\t<div class=\"elementor-element elementor-element-5d8ad0c e-flex e-con-boxed e-con e-child\" data-id=\"5d8ad0c\" data-element_type=\"container\">\n\t\t\t\t\t<div class=\"e-con-inner\">\n\t\t\t\t<div class=\"elementor-element elementor-element-6a8cbd2 elementor-widget elementor-widget-heading\" data-id=\"6a8cbd2\" data-element_type=\"widget\" data-widget_type=\"heading.default\">\n\t\t\t\t<div class=\"elementor-widget-container\">\n\t\t\t\t\t<h2 class=\"elementor-heading-title elementor-size-default\">RENCONTREZ LES ACTEURS<\/h2>\t\t\t\t<\/div>\n\t\t\t\t<\/div>\n\t\t\t\t\t<\/div>\n\t\t\t\t<\/div>\n\t\t<div class=\"elementor-element elementor-element-d4ff8b1 e-con-full e-flex e-con e-child\" data-id=\"d4ff8b1\" data-element_type=\"container\">\n\t\t\t\t<div class=\"elementor-element elementor-element-943630a elementor-align-center elementor-widget elementor-widget-button\" data-id=\"943630a\" data-element_type=\"widget\" data-widget_type=\"button.default\">\n\t\t\t\t<div class=\"elementor-widget-container\">\n\t\t\t\t\t\t\t\t\t<div class=\"elementor-button-wrapper\">\n\t\t\t\t\t<a class=\"elementor-button elementor-button-link elementor-size-sm\" href=\"https:\/\/www.facts.be\/fr\/invites\/\">\n\t\t\t\t\t\t<span class=\"elementor-button-content-wrapper\">\n\t\t\t\t\t\t\t\t\t<span class=\"elementor-button-text\">LA LISTE DES INVIT\u00c9S<\/span>\n\t\t\t\t\t<\/span>\n\t\t\t\t\t<\/a>\n\t\t\t\t<\/div>\n\t\t\t\t\t\t\t\t<\/div>\n\t\t\t\t<\/div>\n\t\t\t\t<\/div>\n\t\t<div class=\"elementor-element elementor-element-d3125bb e-con-full e-flex e-con e-child\" data-id=\"d3125bb\" data-element_type=\"container\" data-settings=\"{&quot;background_background&quot;:&quot;classic&quot;}\">\n\t\t\t\t<div class=\"elementor-element elementor-element-c7a693b elementor-cta--skin-classic elementor-animated-content elementor-bg-transform elementor-bg-transform-zoom-in elementor-widget elementor-widget-call-to-action\" data-id=\"c7a693b\" data-element_type=\"widget\" data-widget_type=\"call-to-action.default\">\n\t\t\t\t<div class=\"elementor-widget-container\">\n\t\t\t\t\t\t\t<a class=\"elementor-cta\" href=\"https:\/\/www.facts.be\/en\/guests\/facts-actor-photoshoots\/\">\n\t\t\t\t\t<div class=\"elementor-cta__bg-wrapper\">\n\t\t\t\t<div class=\"elementor-cta__bg elementor-bg\" style=\"background-image: url(https:\/\/easyfairsassets.com\/sites\/328\/2024\/06\/Billy-Boyd-FACTS-Fall-2022-Photoshoot-2-1-1024x683.jpg);\" role=\"img\" aria-label=\"Billy-Boyd-FACTS-Fall-2022-Photoshoot-2.jpg\"><\/div>\n\t\t\t\t<div class=\"elementor-cta__bg-overlay\"><\/div>\n\t\t\t<\/div>\n\t\t\t\t\t\t\t<div class=\"elementor-cta__content\">\n\t\t\t\t\n\t\t\t\t\t\t\t\t\t<h2 class=\"elementor-cta__title elementor-cta__content-item elementor-content-item\">\n\t\t\t\t\t\tPhotoshoots\t\t\t\t\t<\/h2>\n\t\t\t\t\n\t\t\t\t\t\t\t\t\t<div class=\"elementor-cta__description elementor-cta__content-item elementor-content-item\">\n\t\t\t\t\t\t<p>Vous voulez une photo avec votre h\u00e9ros ? D\u00e9couvrez comment faire ici !<\/p>\n\t\t\t\t\t<\/div>\n\t\t\t\t\n\t\t\t\t\t\t\t\t\t<div class=\"elementor-cta__button-wrapper elementor-cta__content-item elementor-content-item \">\n\t\t\t\t\t<span class=\"elementor-cta__button elementor-button elementor-size-\">\n\t\t\t\t\t\tPLUS D'INFOS\t\t\t\t\t<\/span>\n\t\t\t\t\t<\/div>\n\t\t\t\t\t\t\t<\/div>\n\t\t\t\t\t\t<\/a>\n\t\t\t\t\t\t<\/div>\n\t\t\t\t<\/div>\n\t\t\t\t<\/div>\n\t\t<div class=\"elementor-element elementor-element-239d7f3 e-con-full e-flex e-con e-child\" data-id=\"239d7f3\" data-element_type=\"container\" data-settings=\"{&quot;background_background&quot;:&quot;classic&quot;}\">\n\t\t\t\t<div class=\"elementor-element elementor-element-eb8dbf5 elementor-cta--skin-classic elementor-animated-content elementor-bg-transform elementor-bg-transform-zoom-in elementor-widget elementor-widget-call-to-action\" data-id=\"eb8dbf5\" data-element_type=\"widget\" data-widget_type=\"call-to-action.default\">\n\t\t\t\t<div class=\"elementor-widget-container\">\n\t\t\t\t\t\t\t<a class=\"elementor-cta\" href=\"https:\/\/www.facts.be\/en\/guests\/facts-actor-autographs\/\">\n\t\t\t\t\t<div class=\"elementor-cta__bg-wrapper\">\n\t\t\t\t<div class=\"elementor-cta__bg elementor-bg\" style=\"background-image: url(https:\/\/easyfairsassets.com\/sites\/328\/2024\/06\/FACTS-2021-Meet-the-actors-selfies-pictures-photoshoots-website-1.jpg);\" role=\"img\" aria-label=\"FACTS-2021-Meet-the-actors-selfies-pictures-photoshoots-website.jpg\"><\/div>\n\t\t\t\t<div class=\"elementor-cta__bg-overlay\"><\/div>\n\t\t\t<\/div>\n\t\t\t\t\t\t\t<div class=\"elementor-cta__content\">\n\t\t\t\t\n\t\t\t\t\t\t\t\t\t<h2 class=\"elementor-cta__title elementor-cta__content-item elementor-content-item\">\n\t\t\t\t\t\tAutographes\t\t\t\t\t<\/h2>\n\t\t\t\t\n\t\t\t\t\t\t\t\t\t<div class=\"elementor-cta__description elementor-cta__content-item elementor-content-item\">\n\t\t\t\t\t\t<p>D\u00e9couvrez comment obtenir un autographe de votre acteur ou actrice pr\u00e9f\u00e9r\u00e9(e).<\/p>\n\t\t\t\t\t<\/div>\n\t\t\t\t\n\t\t\t\t\t\t\t\t\t<div class=\"elementor-cta__button-wrapper elementor-cta__content-item elementor-content-item \">\n\t\t\t\t\t<span class=\"elementor-cta__button elementor-button elementor-size-\">\n\t\t\t\t\t\tPLUS D'INFOS\t\t\t\t\t<\/span>\n\t\t\t\t\t<\/div>\n\t\t\t\t\t\t\t<\/div>\n\t\t\t\t\t\t<\/a>\n\t\t\t\t\t\t<\/div>\n\t\t\t\t<\/div>\n\t\t\t\t<\/div>\n\t\t<div class=\"elementor-element elementor-element-45882dd e-con-full e-flex e-con e-child\" data-id=\"45882dd\" data-element_type=\"container\" data-settings=\"{&quot;background_background&quot;:&quot;classic&quot;}\">\n\t\t\t\t<div class=\"elementor-element elementor-element-fa6e1e4 elementor-cta--skin-classic elementor-animated-content elementor-bg-transform elementor-bg-transform-zoom-in elementor-widget elementor-widget-call-to-action\" data-id=\"fa6e1e4\" data-element_type=\"widget\" data-widget_type=\"call-to-action.default\">\n\t\t\t\t<div class=\"elementor-widget-container\">\n\t\t\t\t\t\t\t<a class=\"elementor-cta\" href=\"https:\/\/www.facts.be\/en\/guests\/facts-actor-panels\/\">\n\t\t\t\t\t<div class=\"elementor-cta__bg-wrapper\">\n\t\t\t\t<div class=\"elementor-cta__bg elementor-bg\" style=\"background-image: url(https:\/\/easyfairsassets.com\/sites\/328\/2024\/06\/FACTS-2021-Rebecca-Mader-Main-Stage-QA-Panel-Actors.jpg);\" role=\"img\" aria-label=\"FACTS-2021-Rebecca-Mader-Main-Stage-QA-Panel-Actors.jpg\"><\/div>\n\t\t\t\t<div class=\"elementor-cta__bg-overlay\"><\/div>\n\t\t\t<\/div>\n\t\t\t\t\t\t\t<div class=\"elementor-cta__content\">\n\t\t\t\t\n\t\t\t\t\t\t\t\t\t<h2 class=\"elementor-cta__title elementor-cta__content-item elementor-content-item\">\n\t\t\t\t\t\tPanels\t\t\t\t\t<\/h2>\n\t\t\t\t\n\t\t\t\t\t\t\t\t\t<div class=\"elementor-cta__description elementor-cta__content-item elementor-content-item\">\n\t\t\t\t\t\t<p>Tous les acteurs participeront \u00e0 des s\u00e9ances de questions-r\u00e9ponses sur la spectaculaire sc\u00e8ne principale de FACTS!<\/p>\n\t\t\t\t\t<\/div>\n\t\t\t\t\n\t\t\t\t\t\t\t\t\t<div class=\"elementor-cta__button-wrapper elementor-cta__content-item elementor-content-item \">\n\t\t\t\t\t<span class=\"elementor-cta__button elementor-button elementor-size-\">\n\t\t\t\t\t\tPLUS D'INFOS\t\t\t\t\t<\/span>\n\t\t\t\t\t<\/div>\n\t\t\t\t\t\t\t<\/div>\n\t\t\t\t\t\t<\/a>\n\t\t\t\t\t\t<\/div>\n\t\t\t\t<\/div>\n\t\t\t\t<\/div>\n\t\t<div class=\"elementor-element elementor-element-6eca697 e-con-full e-flex e-con e-child\" data-id=\"6eca697\" data-element_type=\"container\">\n\t\t\t\t<div class=\"elementor-element elementor-element-8d12774 elementor-align-center elementor-widget elementor-widget-button\" data-id=\"8d12774\" data-element_type=\"widget\" data-widget_type=\"button.default\">\n\t\t\t\t<div class=\"elementor-widget-container\">\n\t\t\t\t\t\t\t\t\t<div class=\"elementor-button-wrapper\">\n\t\t\t\t\t<a class=\"elementor-button elementor-button-link elementor-size-sm\" href=\"https:\/\/www.facts.be\/fr\/info\/tickets\/\">\n\t\t\t\t\t\t<span class=\"elementor-button-content-wrapper\">\n\t\t\t\t\t\t\t\t\t<span class=\"elementor-button-text\">Obtenez vos tickets d'entr\u00e9e<\/span>\n\t\t\t\t\t<\/span>\n\t\t\t\t\t<\/a>\n\t\t\t\t<\/div>\n\t\t\t\t\t\t\t\t<\/div>\n\t\t\t\t<\/div>\n\t\t\t\t<\/div>\n\t\t<div class=\"elementor-element elementor-element-74bf5cc e-con-full e-flex e-con e-child\" data-id=\"74bf5cc\" data-element_type=\"container\" data-settings=\"{&quot;background_background&quot;:&quot;classic&quot;}\">\n\t\t<div class=\"elementor-element elementor-element-8677400 e-con-full e-flex e-con e-child\" data-id=\"8677400\" data-element_type=\"container\">\n\t\t<div class=\"elementor-element elementor-element-67b6732 e-con-full e-flex e-con e-child\" data-id=\"67b6732\" data-element_type=\"container\">\n\t\t\t\t<div class=\"elementor-element elementor-element-5303efc elementor-widget elementor-widget-gallery\" data-id=\"5303efc\" data-element_type=\"widget\" data-settings=\"{&quot;gap&quot;:{&quot;unit&quot;:&quot;px&quot;,&quot;size&quot;:20,&quot;sizes&quot;:[]},&quot;lazyload&quot;:&quot;yes&quot;,&quot;gallery_layout&quot;:&quot;grid&quot;,&quot;columns&quot;:4,&quot;columns_tablet&quot;:2,&quot;columns_mobile&quot;:1,&quot;gap_tablet&quot;:{&quot;unit&quot;:&quot;px&quot;,&quot;size&quot;:10,&quot;sizes&quot;:[]},&quot;gap_mobile&quot;:{&quot;unit&quot;:&quot;px&quot;,&quot;size&quot;:10,&quot;sizes&quot;:[]},&quot;link_to&quot;:&quot;file&quot;,&quot;aspect_ratio&quot;:&quot;3:2&quot;,&quot;overlay_background&quot;:&quot;yes&quot;}\" data-widget_type=\"gallery.default\">\n\t\t\t\t<div class=\"elementor-widget-container\">\n\t\t\t\t\t\t\t<div class=\"elementor-gallery__container\">\n\t\t\t\t\t\t\t<a class=\"e-gallery-item elementor-gallery-item\" href=\"https:\/\/easyfairsassets.com\/sites\/328\/2024\/06\/FACTS-2021-Meet-the-actors-panel-QA-Tomer-Kapon-Website.jpg\" data-elementor-open-lightbox=\"yes\" data-elementor-lightbox-slideshow=\"5303efc\" data-elementor-lightbox-title=\"FACTS-2021-Meet-the-actors-panel-QA-Tomer-Kapon-Website.jpg\" data-e-action-hash=\"#elementor-action%3Aaction%3Dlightbox%26settings%3DeyJpZCI6OTA2LCJ1cmwiOiJodHRwczpcL1wvZmFjdHNuZXcuZWFzeWZhaXJzLm5ldHdvcmtcL3dwLWNvbnRlbnRcL3VwbG9hZHNcL3NpdGVzXC8zMjhcLzIwMjRcLzA2XC9GQUNUUy0yMDIxLU1lZXQtdGhlLWFjdG9ycy1wYW5lbC1RQS1Ub21lci1LYXBvbi1XZWJzaXRlLmpwZyIsInNsaWRlc2hvdyI6IjUzMDNlZmMifQ%3D%3D\">\n\t\t\t\t\t<div class=\"e-gallery-image elementor-gallery-item__image\" data-thumbnail=\"https:\/\/easyfairsassets.com\/sites\/328\/2024\/06\/FACTS-2021-Meet-the-actors-panel-QA-Tomer-Kapon-Website-768x512.jpg\" data-width=\"768\" data-height=\"512\" aria-label=\"\" role=\"img\" ><\/div>\n\t\t\t\t\t\t\t\t\t\t\t<div class=\"elementor-gallery-item__overlay\"><\/div>\n\t\t\t\t\t\t\t\t\t\t\t\t\t\t<\/a>\n\t\t\t\t\t\t\t<a class=\"e-gallery-item elementor-gallery-item\" href=\"https:\/\/easyfairsassets.com\/sites\/328\/2024\/05\/QA-FACTS-Spring-2022-Michael-Rooker-01.jpg\" data-elementor-open-lightbox=\"yes\" data-elementor-lightbox-slideshow=\"5303efc\" data-elementor-lightbox-title=\"QA-FACTS-Spring-2022-Michael-Rooker-01.jpg\" data-e-action-hash=\"#elementor-action%3Aaction%3Dlightbox%26settings%3DeyJpZCI6OTksInVybCI6Imh0dHBzOlwvXC9mYWN0c25ldy5lYXN5ZmFpcnMubmV0d29ya1wvd3AtY29udGVudFwvdXBsb2Fkc1wvc2l0ZXNcLzMyOFwvMjAyNFwvMDVcL1FBLUZBQ1RTLVNwcmluZy0yMDIyLU1pY2hhZWwtUm9va2VyLTAxLmpwZyIsInNsaWRlc2hvdyI6IjUzMDNlZmMifQ%3D%3D\">\n\t\t\t\t\t<div class=\"e-gallery-image elementor-gallery-item__image\" data-thumbnail=\"https:\/\/easyfairsassets.com\/sites\/328\/2024\/05\/QA-FACTS-Spring-2022-Michael-Rooker-01-768x512.jpg\" data-width=\"768\" data-height=\"512\" aria-label=\"\" role=\"img\" ><\/div>\n\t\t\t\t\t\t\t\t\t\t\t<div class=\"elementor-gallery-item__overlay\"><\/div>\n\t\t\t\t\t\t\t\t\t\t\t\t\t\t<\/a>\n\t\t\t\t\t\t\t<a class=\"e-gallery-item elementor-gallery-item\" href=\"https:\/\/easyfairsassets.com\/sites\/328\/2024\/06\/QA-FACTS-Spring-2022-Jacob-Bertrand-Peyton-List.jpg\" data-elementor-open-lightbox=\"yes\" data-elementor-lightbox-slideshow=\"5303efc\" data-elementor-lightbox-title=\"QA-FACTS-Spring-2022-Jacob-Bertrand-Peyton-List.jpg\" data-e-action-hash=\"#elementor-action%3Aaction%3Dlightbox%26settings%3DeyJpZCI6MTI5MSwidXJsIjoiaHR0cHM6XC9cL2ZhY3RzbmV3LmVhc3lmYWlycy5uZXR3b3JrXC93cC1jb250ZW50XC91cGxvYWRzXC9zaXRlc1wvMzI4XC8yMDI0XC8wNlwvUUEtRkFDVFMtU3ByaW5nLTIwMjItSmFjb2ItQmVydHJhbmQtUGV5dG9uLUxpc3QuanBnIiwic2xpZGVzaG93IjoiNTMwM2VmYyJ9\">\n\t\t\t\t\t<div class=\"e-gallery-image elementor-gallery-item__image\" data-thumbnail=\"https:\/\/easyfairsassets.com\/sites\/328\/2024\/06\/QA-FACTS-Spring-2022-Jacob-Bertrand-Peyton-List-768x512.jpg\" data-width=\"768\" data-height=\"512\" aria-label=\"\" role=\"img\" ><\/div>\n\t\t\t\t\t\t\t\t\t\t\t<div class=\"elementor-gallery-item__overlay\"><\/div>\n\t\t\t\t\t\t\t\t\t\t\t\t\t\t<\/a>\n\t\t\t\t\t\t\t<a class=\"e-gallery-item elementor-gallery-item\" href=\"https:\/\/easyfairsassets.com\/sites\/328\/2024\/06\/QA-FACTS-Spring-2022-Natalia-Tena-01.jpg\" data-elementor-open-lightbox=\"yes\" data-elementor-lightbox-slideshow=\"5303efc\" data-elementor-lightbox-title=\"QA-FACTS-Spring-2022-Natalia-Tena-01.jpg\" data-e-action-hash=\"#elementor-action%3Aaction%3Dlightbox%26settings%3DeyJpZCI6MTI3NywidXJsIjoiaHR0cHM6XC9cL2ZhY3RzbmV3LmVhc3lmYWlycy5uZXR3b3JrXC93cC1jb250ZW50XC91cGxvYWRzXC9zaXRlc1wvMzI4XC8yMDI0XC8wNlwvUUEtRkFDVFMtU3ByaW5nLTIwMjItTmF0YWxpYS1UZW5hLTAxLmpwZyIsInNsaWRlc2hvdyI6IjUzMDNlZmMifQ%3D%3D\">\n\t\t\t\t\t<div class=\"e-gallery-image elementor-gallery-item__image\" data-thumbnail=\"https:\/\/easyfairsassets.com\/sites\/328\/2024\/06\/QA-FACTS-Spring-2022-Natalia-Tena-01-768x512.jpg\" data-width=\"768\" data-height=\"512\" aria-label=\"\" role=\"img\" ><\/div>\n\t\t\t\t\t\t\t\t\t\t\t<div class=\"elementor-gallery-item__overlay\"><\/div>\n\t\t\t\t\t\t\t\t\t\t\t\t\t\t<\/a>\n\t\t\t\t\t\t\t<a class=\"e-gallery-item elementor-gallery-item\" href=\"https:\/\/easyfairsassets.com\/sites\/328\/2024\/06\/Actor-panels-general-main-stage.jpg\" data-elementor-open-lightbox=\"yes\" data-elementor-lightbox-slideshow=\"5303efc\" data-elementor-lightbox-title=\"Actor-panels-general-main-stage.jpg\" data-e-action-hash=\"#elementor-action%3Aaction%3Dlightbox%26settings%3DeyJpZCI6MTAyNCwidXJsIjoiaHR0cHM6XC9cL2ZhY3RzbmV3LmVhc3lmYWlycy5uZXR3b3JrXC93cC1jb250ZW50XC91cGxvYWRzXC9zaXRlc1wvMzI4XC8yMDI0XC8wNlwvQWN0b3ItcGFuZWxzLWdlbmVyYWwtbWFpbi1zdGFnZS5qcGciLCJzbGlkZXNob3ciOiI1MzAzZWZjIn0%3D\">\n\t\t\t\t\t<div class=\"e-gallery-image elementor-gallery-item__image\" data-thumbnail=\"https:\/\/easyfairsassets.com\/sites\/328\/2024\/06\/Actor-panels-general-main-stage-768x512.jpg\" data-width=\"768\" data-height=\"512\" aria-label=\"\" role=\"img\" ><\/div>\n\t\t\t\t\t\t\t\t\t\t\t<div class=\"elementor-gallery-item__overlay\"><\/div>\n\t\t\t\t\t\t\t\t\t\t\t\t\t\t<\/a>\n\t\t\t\t\t\t\t<a class=\"e-gallery-item elementor-gallery-item\" href=\"https:\/\/easyfairsassets.com\/sites\/328\/2024\/06\/QA-Teri-Hatcher-FACTS-Spring-2024.jpg\" data-elementor-open-lightbox=\"yes\" data-elementor-lightbox-slideshow=\"5303efc\" data-elementor-lightbox-title=\"QA-Teri-Hatcher-FACTS-Spring-2024.jpg\" data-e-action-hash=\"#elementor-action%3Aaction%3Dlightbox%26settings%3DeyJpZCI6MTA5OCwidXJsIjoiaHR0cHM6XC9cL2ZhY3RzbmV3LmVhc3lmYWlycy5uZXR3b3JrXC93cC1jb250ZW50XC91cGxvYWRzXC9zaXRlc1wvMzI4XC8yMDI0XC8wNlwvUUEtVGVyaS1IYXRjaGVyLUZBQ1RTLVNwcmluZy0yMDI0LmpwZyIsInNsaWRlc2hvdyI6IjUzMDNlZmMifQ%3D%3D\">\n\t\t\t\t\t<div class=\"e-gallery-image elementor-gallery-item__image\" data-thumbnail=\"https:\/\/easyfairsassets.com\/sites\/328\/2024\/06\/QA-Teri-Hatcher-FACTS-Spring-2024-768x512.jpg\" data-width=\"768\" data-height=\"512\" aria-label=\"\" role=\"img\" ><\/div>\n\t\t\t\t\t\t\t\t\t\t\t<div class=\"elementor-gallery-item__overlay\"><\/div>\n\t\t\t\t\t\t\t\t\t\t\t\t\t\t<\/a>\n\t\t\t\t\t\t\t<a class=\"e-gallery-item elementor-gallery-item\" href=\"https:\/\/easyfairsassets.com\/sites\/328\/2024\/06\/Mckenna-Grace-QA-Stage-2-FACTS-Spring-2024.jpg\" data-elementor-open-lightbox=\"yes\" data-elementor-lightbox-slideshow=\"5303efc\" data-elementor-lightbox-title=\"Mckenna-Grace-QA-Stage-2-FACTS-Spring-2024.jpg\" data-e-action-hash=\"#elementor-action%3Aaction%3Dlightbox%26settings%3DeyJpZCI6NzU3LCJ1cmwiOiJodHRwczpcL1wvZmFjdHNuZXcuZWFzeWZhaXJzLm5ldHdvcmtcL3dwLWNvbnRlbnRcL3VwbG9hZHNcL3NpdGVzXC8zMjhcLzIwMjRcLzA2XC9NY2tlbm5hLUdyYWNlLVFBLVN0YWdlLTItRkFDVFMtU3ByaW5nLTIwMjQuanBnIiwic2xpZGVzaG93IjoiNTMwM2VmYyJ9\">\n\t\t\t\t\t<div class=\"e-gallery-image elementor-gallery-item__image\" data-thumbnail=\"https:\/\/easyfairsassets.com\/sites\/328\/2024\/06\/Mckenna-Grace-QA-Stage-2-FACTS-Spring-2024-768x512.jpg\" data-width=\"768\" data-height=\"512\" aria-label=\"\" role=\"img\" ><\/div>\n\t\t\t\t\t\t\t\t\t\t\t<div class=\"elementor-gallery-item__overlay\"><\/div>\n\t\t\t\t\t\t\t\t\t\t\t\t\t\t<\/a>\n\t\t\t\t\t\t\t<a class=\"e-gallery-item elementor-gallery-item\" href=\"https:\/\/easyfairsassets.com\/sites\/328\/2024\/06\/James-McAvoy-QA-Fall-2023.jpg\" data-elementor-open-lightbox=\"yes\" data-elementor-lightbox-slideshow=\"5303efc\" data-elementor-lightbox-title=\"James-McAvoy-QA-Fall-2023.jpg\" data-e-action-hash=\"#elementor-action%3Aaction%3Dlightbox%26settings%3DeyJpZCI6MTI5NCwidXJsIjoiaHR0cHM6XC9cL2ZhY3RzbmV3LmVhc3lmYWlycy5uZXR3b3JrXC93cC1jb250ZW50XC91cGxvYWRzXC9zaXRlc1wvMzI4XC8yMDI0XC8wNlwvSmFtZXMtTWNBdm95LVFBLUZhbGwtMjAyMy5qcGciLCJzbGlkZXNob3ciOiI1MzAzZWZjIn0%3D\">\n\t\t\t\t\t<div class=\"e-gallery-image elementor-gallery-item__image\" data-thumbnail=\"https:\/\/easyfairsassets.com\/sites\/328\/2024\/06\/James-McAvoy-QA-Fall-2023-768x512.jpg\" data-width=\"768\" data-height=\"512\" aria-label=\"\" role=\"img\" ><\/div>\n\t\t\t\t\t\t\t\t\t\t\t<div class=\"elementor-gallery-item__overlay\"><\/div>\n\t\t\t\t\t\t\t\t\t\t\t\t\t\t<\/a>\n\t\t\t\t\t<\/div>\n\t\t\t\t\t<\/div>\n\t\t\t\t<\/div>\n\t\t\t\t<\/div>\n\t\t\t\t<\/div>\n\t\t\t\t<\/div>\n\t\t\t\t\t<\/div>\n\t\t\t\t<\/div>\n\t\t\t\t<\/div>\n\t\t","protected":false},"excerpt":{"rendered":"<p>De nombreux fans de FACTS souhaitent rencontrer les stars invit\u00e9es et leur poser des questions dont ils attendent les r\u00e9ponses depuis si longtemps. Mais lors du moment de v\u00e9rit\u00e9, pendant les Q&amp;A, il est parfois difficile de se souvenir de sa question. Et au moment o\u00f9 vous vous en rappelez, c\u2019est trop tard : votre [&hellip;]<\/p>\n","protected":false},"author":949,"featured_media":0,"parent":8146,"menu_order":0,"comment_status":"closed","ping_status":"closed","template":"","meta":{"_seopress_robots_primary_cat":"","_seopress_titles_title":"Envoyez-Nous Vos Meilleures Questions Pour Les Q&A !","_seopress_titles_desc":"Vous avez une question pour l'une de nos stars qui vous trotte dans la t\u00eate depuis que vous avez vu un \u00e9pisode ou un film ? Envoyez-la via notre formulaire en ligne !","_seopress_robots_index":"","footnotes":""},"class_list":["post-8156","page","type-page","status-publish","hentry"],"_links":{"self":[{"href":"https:\/\/www.facts.be\/fr\/wp-json\/wp\/v2\/pages\/8156","targetHints":{"allow":["GET"]}}],"collection":[{"href":"https:\/\/www.facts.be\/fr\/wp-json\/wp\/v2\/pages"}],"about":[{"href":"https:\/\/www.facts.be\/fr\/wp-json\/wp\/v2\/types\/page"}],"author":[{"embeddable":true,"href":"https:\/\/www.facts.be\/fr\/wp-json\/wp\/v2\/users\/949"}],"replies":[{"embeddable":true,"href":"https:\/\/www.facts.be\/fr\/wp-json\/wp\/v2\/comments?post=8156"}],"version-history":[{"count":5,"href":"https:\/\/www.facts.be\/fr\/wp-json\/wp\/v2\/pages\/8156\/revisions"}],"predecessor-version":[{"id":68865,"href":"https:\/\/www.facts.be\/fr\/wp-json\/wp\/v2\/pages\/8156\/revisions\/68865"}],"up":[{"embeddable":true,"href":"https:\/\/www.facts.be\/fr\/wp-json\/wp\/v2\/pages\/8146"}],"wp:attachment":[{"href":"https:\/\/www.facts.be\/fr\/wp-json\/wp\/v2\/media?parent=8156"}],"curies":[{"name":"wp","href":"https:\/\/api.w.org\/{rel}","templated":true}]}}